{"id":994,"date":"2025-02-11T13:20:50","date_gmt":"2025-02-11T12:20:50","guid":{"rendered":"https:\/\/meditations.therapeutiques.ch\/?page_id=994"},"modified":"2025-02-12T11:17:11","modified_gmt":"2025-02-12T10:17:11","slug":"marc","status":"publish","type":"page","link":"https:\/\/meditations.therapeutiques.ch\/index.php\/marc\/","title":{"rendered":"Canalisations de l&rsquo;Archange Marc"},"content":{"rendered":"\t\t<div data-elementor-type=\"wp-page\" data-elementor-id=\"994\" class=\"elementor elementor-994\">\n\t\t\t\t\t\t<section class=\"elementor-section elementor-top-section elementor-element elementor-element-d6950d8 elementor-section-boxed elementor-section-height-default elementor-section-height-default\" data-id=\"d6950d8\" data-element_type=\"section\" data-e-type=\"section\" data-settings=\"{&quot;background_background&quot;:&quot;classic&quot;,&quot;shape_divider_bottom&quot;:&quot;waves&quot;}\">\n\t\t\t\t\t\t\t<div class=\"elementor-background-overlay\"><\/div>\n\t\t\t\t\t\t<div class=\"elementor-shape elementor-shape-bottom\" aria-hidden=\"true\" data-negative=\"false\">\n\t\t\t<svg xmlns=\"http:\/\/www.w3.org\/2000\/svg\" viewBox=\"0 0 1000 100\" preserveAspectRatio=\"none\">\n\t<path class=\"elementor-shape-fill\" d=\"M421.9,6.5c22.6-2.5,51.5,0.4,75.5,5.3c23.6,4.9,70.9,23.5,100.5,35.7c75.8,32.2,133.7,44.5,192.6,49.7\n\tc23.6,2.1,48.7,3.5,103.4-2.5c54.7-6,106.2-25.6,106.2-25.6V0H0v30.3c0,0,72,32.6,158.4,30.5c39.2-0.7,92.8-6.7,134-22.4\n\tc21.2-8.1,52.2-18.2,79.7-24.2C399.3,7.9,411.6,7.5,421.9,6.5z\"\/>\n<\/svg>\t\t<\/div>\n\t\t\t\t\t<div class=\"elementor-container elementor-column-gap-default\">\n\t\t\t\t\t<div class=\"elementor-column elementor-col-100 elementor-top-column elementor-element elementor-element-2859b73\" data-id=\"2859b73\" data-element_type=\"column\" data-e-type=\"column\">\n\t\t\t<div class=\"elementor-widget-wrap elementor-element-populated\">\n\t\t\t\t\t\t<div class=\"elementor-element elementor-element-0f21c7e elementor-invisible elementor-widget elementor-widget-heading\" data-id=\"0f21c7e\" data-element_type=\"widget\" data-e-type=\"widget\" data-settings=\"{&quot;_animation&quot;:&quot;zoomIn&quot;}\" data-widget_type=\"heading.default\">\n\t\t\t\t<div class=\"elementor-widget-container\">\n\t\t\t\t\t<h1 class=\"elementor-heading-title elementor-size-default\">Pr\u00e9sentation de l'Archange Marc<\/h1>\t\t\t\t<\/div>\n\t\t\t\t<\/div>\n\t\t\t\t\t<\/div>\n\t\t<\/div>\n\t\t\t\t\t<\/div>\n\t\t<\/section>\n\t\t\t\t<section class=\"elementor-section elementor-top-section elementor-element elementor-element-c1d1268 elementor-section-boxed elementor-section-height-default elementor-section-height-default\" data-id=\"c1d1268\" data-element_type=\"section\" data-e-type=\"section\">\n\t\t\t\t\t\t\t<div class=\"elementor-background-overlay\"><\/div>\n\t\t\t\t\t\t\t<div class=\"elementor-container elementor-column-gap-default\">\n\t\t\t\t\t<div class=\"elementor-column elementor-col-100 elementor-top-column elementor-element elementor-element-31e1173\" data-id=\"31e1173\" data-element_type=\"column\" data-e-type=\"column\">\n\t\t\t<div class=\"elementor-widget-wrap elementor-element-populated\">\n\t\t\t\t\t\t<div class=\"elementor-element elementor-element-26e1c19 elementor-widget elementor-widget-text-editor\" data-id=\"26e1c19\" data-element_type=\"widget\" data-e-type=\"widget\" data-widget_type=\"text-editor.default\">\n\t\t\t\t<div class=\"elementor-widget-container\">\n\t\t\t\t\t\t\t\t\t<p>Je suis Marc, Fils de M\u00e9tatron.<br \/><br \/>Je r\u00e8gne dans l\u2019univers aupr\u00e8s de mon p\u00e8re. Je le seconde dans ses t\u00e2ches. Je contribue \u00e0 la construction de la nouvelle terre. J\u2019apprends \u00e0 ma\u00eetriser les \u00e9l\u00e9ments, pour les adapter dans le futur \u00e0 la nouvelle terre, qui ne sera plus physique. Sa densit\u00e9 sera tr\u00e8s diff\u00e9rente. Mais le but est de garder tous ses \u00e9l\u00e9ments, tout ce qui vous procure du plaisir, de la joie, actuellement sur cette terre. Il faut donc adapter, changer les lumi\u00e8res, les \u00e9nergies, pour garder tout le bien, l\u2019amour qui se trouve actuellement sur votre terre, pour que cela puisse rester, pour que vous puissiez continuer \u00e0 \u00e7a ressentir, \u00e0 en b\u00e9n\u00e9ficier, tout en \u00e9tant des \u00eatres diff\u00e9rents, moins physiques, beaucoup plus spirituels, tourn\u00e9s vers Dieu, qui est la Source, le monde de l\u2019Un.<br \/><br \/>Le monde de l\u2019Un englobe tous les Univers, tous les Multivers, y compris les extra terrestres comme vous les appelez, et les \u00eatres de l\u2019intraterre comme les L\u00e9muriens par exemple. Cela comprends donc aussi les elfes, les dragons, les gnomes, les g\u00e9ants, les esprits de la nature, les entit\u00e9s, soit toutes les \u00e2mes quelque soit leur niveau, ou \u00catres se trouvant dans les diff\u00e9rentes dimensions, les diff\u00e9rentes vibrations.<br \/><br \/>Les Uns\u00a0: c\u2019est tout, c\u2019est Dieu, c\u2019est l\u2019immensit\u00e9, l\u2019extra-polarisation, l\u2019expansion de l\u2019\u00e2me de Dieu dans tout ce qui est.<br \/><br \/>Moi, Marc, suis nouveau n\u00e9 dans les Archanges. Vous pouvez donc me consid\u00e9rer comme un apprenti Archange. Mais chez nous, au Royaume des Cieux, comme vous le savez, le temps n\u2019existe pas. J\u2019ai aussi v\u00e9cu de nombreuses vies avant d\u2019\u00eatre Archange, sur la Terre, et sur d\u2019autres plan\u00e8tes comme Arcturius. Vous ne pouvez donc comparer que difficilement le fait que je sois nouvel Archange \u00e0 votre hi\u00e9rarchie sur la Terre.<br \/><br \/>J\u2019ai beaucoup de plaisir dans mon activit\u00e9 nouvelle d\u2019Archange. Mes perceptions s\u2019agrandissent chaque jours, ainsi que mes facult\u00e9s d\u2019\u00e9volution, et de mise en pratique de ce que j\u2019apprends et utilise. J\u2019ai de nombreux professeurs, et suis bien entour\u00e9 par ma famille, qui m\u2019aide dans mon \u00e9volution.<br \/><br \/>Je vous salue tous, et tout comme mon p\u00e8re, je poss\u00e8de une puissante lumi\u00e8re d\u2019amour, r\u00e9g\u00e9n\u00e9ratrice, que je vous envoie en toute conscience, avec toute ma volont\u00e9 et tout mon amour pour vous tous.<br \/><br \/>Je vous salue donc, en compagnie de Martine.<br \/><br \/>(envoi de lumi\u00e8re)<br \/><br \/>Marc<\/p>\t\t\t\t\t\t\t\t<\/div>\n\t\t\t\t<\/div>\n\t\t\t\t\t<\/div>\n\t\t<\/div>\n\t\t\t\t\t<\/div>\n\t\t<\/section>\n\t\t\t\t<\/div>\n\t\t","protected":false},"excerpt":{"rendered":"<p>Pr\u00e9sentation de l&rsquo;Archange Marc Je suis Marc, Fils de M\u00e9tatron. Je r\u00e8gne dans l\u2019univers aupr\u00e8s de mon p\u00e8re. Je le seconde dans ses t\u00e2ches. Je contribue \u00e0 la construction de la nouvelle terre. J\u2019apprends \u00e0 ma\u00eetriser les \u00e9l\u00e9ments, pour les adapter dans le futur \u00e0 la nouvelle terre, qui ne sera plus physique. Sa densit\u00e9 [&hellip;]<\/p>\n","protected":false},"author":1,"featured_media":0,"parent":0,"menu_order":8,"comment_status":"closed","ping_status":"closed","template":"","meta":{"footnotes":""},"class_list":["post-994","page","type-page","status-publish","hentry"],"_links":{"self":[{"href":"https:\/\/meditations.therapeutiques.ch\/index.php\/wp-json\/wp\/v2\/pages\/994","targetHints":{"allow":["GET"]}}],"collection":[{"href":"https:\/\/meditations.therapeutiques.ch\/index.php\/wp-json\/wp\/v2\/pages"}],"about":[{"href":"https:\/\/meditations.therapeutiques.ch\/index.php\/wp-json\/wp\/v2\/types\/page"}],"author":[{"embeddable":true,"href":"https:\/\/meditations.therapeutiques.ch\/index.php\/wp-json\/wp\/v2\/users\/1"}],"replies":[{"embeddable":true,"href":"https:\/\/meditations.therapeutiques.ch\/index.php\/wp-json\/wp\/v2\/comments?post=994"}],"version-history":[{"count":14,"href":"https:\/\/meditations.therapeutiques.ch\/index.php\/wp-json\/wp\/v2\/pages\/994\/revisions"}],"predecessor-version":[{"id":1190,"href":"https:\/\/meditations.therapeutiques.ch\/index.php\/wp-json\/wp\/v2\/pages\/994\/revisions\/1190"}],"wp:attachment":[{"href":"https:\/\/meditations.therapeutiques.ch\/index.php\/wp-json\/wp\/v2\/media?parent=994"}],"curies":[{"name":"wp","href":"https:\/\/api.w.org\/{rel}","templated":true}]}}