{"id":923,"date":"2025-02-11T13:07:53","date_gmt":"2025-02-11T12:07:53","guid":{"rendered":"http:\/\/meditations.therapeutiques.ch\/?page_id=923"},"modified":"2025-02-11T13:08:08","modified_gmt":"2025-02-11T12:08:08","slug":"metatron","status":"publish","type":"page","link":"https:\/\/meditations.therapeutiques.ch\/index.php\/metatron\/","title":{"rendered":"Canalisations de l&rsquo;Archange M\u00e9tatron"},"content":{"rendered":"\t\t<div data-elementor-type=\"wp-page\" data-elementor-id=\"923\" class=\"elementor elementor-923\">\n\t\t\t\t\t\t<section class=\"elementor-section elementor-top-section elementor-element elementor-element-d6950d8 elementor-section-boxed elementor-section-height-default elementor-section-height-default\" data-id=\"d6950d8\" data-element_type=\"section\" data-e-type=\"section\" data-settings=\"{&quot;background_background&quot;:&quot;classic&quot;,&quot;shape_divider_bottom&quot;:&quot;waves&quot;}\">\n\t\t\t\t\t\t\t<div class=\"elementor-background-overlay\"><\/div>\n\t\t\t\t\t\t<div class=\"elementor-shape elementor-shape-bottom\" aria-hidden=\"true\" data-negative=\"false\">\n\t\t\t<svg xmlns=\"http:\/\/www.w3.org\/2000\/svg\" viewBox=\"0 0 1000 100\" preserveAspectRatio=\"none\">\n\t<path class=\"elementor-shape-fill\" d=\"M421.9,6.5c22.6-2.5,51.5,0.4,75.5,5.3c23.6,4.9,70.9,23.5,100.5,35.7c75.8,32.2,133.7,44.5,192.6,49.7\n\tc23.6,2.1,48.7,3.5,103.4-2.5c54.7-6,106.2-25.6,106.2-25.6V0H0v30.3c0,0,72,32.6,158.4,30.5c39.2-0.7,92.8-6.7,134-22.4\n\tc21.2-8.1,52.2-18.2,79.7-24.2C399.3,7.9,411.6,7.5,421.9,6.5z\"\/>\n<\/svg>\t\t<\/div>\n\t\t\t\t\t<div class=\"elementor-container elementor-column-gap-default\">\n\t\t\t\t\t<div class=\"elementor-column elementor-col-100 elementor-top-column elementor-element elementor-element-2859b73\" data-id=\"2859b73\" data-element_type=\"column\" data-e-type=\"column\">\n\t\t\t<div class=\"elementor-widget-wrap elementor-element-populated\">\n\t\t\t\t\t\t<div class=\"elementor-element elementor-element-0f21c7e elementor-invisible elementor-widget elementor-widget-heading\" data-id=\"0f21c7e\" data-element_type=\"widget\" data-e-type=\"widget\" data-settings=\"{&quot;_animation&quot;:&quot;zoomIn&quot;}\" data-widget_type=\"heading.default\">\n\t\t\t\t<div class=\"elementor-widget-container\">\n\t\t\t\t\t<h1 class=\"elementor-heading-title elementor-size-default\">Pr\u00e9sentation de l'Archange M\u00e9tatron<\/h1>\t\t\t\t<\/div>\n\t\t\t\t<\/div>\n\t\t\t\t\t<\/div>\n\t\t<\/div>\n\t\t\t\t\t<\/div>\n\t\t<\/section>\n\t\t\t\t<section class=\"elementor-section elementor-top-section elementor-element elementor-element-c1d1268 elementor-section-boxed elementor-section-height-default elementor-section-height-default\" data-id=\"c1d1268\" data-element_type=\"section\" data-e-type=\"section\">\n\t\t\t\t\t\t\t<div class=\"elementor-background-overlay\"><\/div>\n\t\t\t\t\t\t\t<div class=\"elementor-container elementor-column-gap-default\">\n\t\t\t\t\t<div class=\"elementor-column elementor-col-100 elementor-top-column elementor-element elementor-element-31e1173\" data-id=\"31e1173\" data-element_type=\"column\" data-e-type=\"column\">\n\t\t\t<div class=\"elementor-widget-wrap elementor-element-populated\">\n\t\t\t\t\t\t<div class=\"elementor-element elementor-element-26e1c19 elementor-widget elementor-widget-text-editor\" data-id=\"26e1c19\" data-element_type=\"widget\" data-e-type=\"widget\" data-widget_type=\"text-editor.default\">\n\t\t\t\t<div class=\"elementor-widget-container\">\n\t\t\t\t\t\t\t\t\t<p>Moi, Archange M\u00e9tatron, je vous salue.<br \/><br \/>Je suis Ma\u00eetre de la lumi\u00e8re et de tout ce qui est.<br \/><br \/>(Arriv\u00e9e d&rsquo;\u00e9nergie)<br \/><br \/>Je suis amour, prolongement de Dieu, vous \u00eates amour et lumi\u00e8re, prolongement de moi, M\u00e9tatron, Seigneur de la lumi\u00e8re.<br \/><br \/>Je suis celui qui est, \u00e0 c\u00f4t\u00e9 de Dieu. Je suis sa main, sa volont\u00e9. J&rsquo;ex\u00e9cute selon ses d\u00e9sirs ce qui doit \u00eatre. Je suis en constante \u00e9volution comme tout ce qui est vivant, tout ce qui est conscient, tout ce qui a une \u00e2me.<br \/><br \/>Dieu a cr\u00e9\u00e9 le monde \u00e0 son image avec l&rsquo;amour de la cr\u00e9ation. C&rsquo;est un ensemble d&rsquo;atomes, de particules, de protons et neutrons en perp\u00e9tuel mouvement.<br \/><br \/>Dieu veut que ce mouvement soit perp\u00e9tuel, inlassablement pr\u00e9sent. Chaque moment pr\u00e9sent est unique et pr\u00e9cieux, dans toutes ses dimensions, dans toutes ses densit\u00e9s. Chaque instant pr\u00e9sent ne dure qu &lsquo;un instant, chaque seconde, chaque minute, chaque temps aussi court que long qui existe dans les Multivers et dans l&rsquo;Univers ne dure qu &lsquo;un instant.<br \/><br \/>C&rsquo;est pourquoi l&rsquo;\u00e9volution est indispensable pour continuer la vie, continuer la cr\u00e9ation de Dieu. Nous devons donc perp\u00e9tuer la cr\u00e9ation de Dieu, continuer son \u0153uvre en \u00e9voluant chacun \u00e0 notre fa\u00e7on selon nos possibilit\u00e9s, nos capacit\u00e9s, notre motivation et notre foi.<br \/><br \/>J&rsquo;ai eu la chance de comprendre tr\u00e8s bien cela et tout le fonctionnement de l&rsquo;Univers. Toute la g\u00e9om\u00e9trie sacr\u00e9e de la terre, de l&rsquo;Univers, des Multivers, tout comme la g\u00e9om\u00e9trie sacr\u00e9e autour de l&rsquo;homme, de la femme, des animaux, des v\u00e9g\u00e9taux, des min\u00e9raux et toutes les infimes petites particules invisibles \u00e0 vos yeux.<br \/><br \/>Moi, M\u00e9tatron, m&rsquo;occupe de classer et \u00e9crire toutes vos vies \u00e0 vous Terriens, de cette magnifique plan\u00e8te qu &lsquo;est la Terre. Cela peut vous sembler une t\u00e2che impossible, beaucoup trop longue, difficile, fastidieuse, mais vous avez \u00e9t\u00e9 coup\u00e9 de beaucoup de ressources importantes de votre cerveau lors de votre venue sur la terre. Seul en moyenne 4 % de votre cerveau est utilis\u00e9. La notion de multidimensionnalit\u00e9 et intemporalit\u00e9 est tr\u00e8s difficile pour vous \u00e0 comprendre. Cela est normal, cela est voulu pour la terre et ses habitants, afin que vous puissiez \u00e9voluer d&rsquo;une autre fa\u00e7on. Que vous utilisiez votre cerveau diff\u00e9remment. Et jusqu &lsquo;ou va mener cette fa\u00e7on diff\u00e9rente de fonctionner ? Certains g\u00e9nies parmi vous trouveront de nouvelles choses tr\u00e8s int\u00e9ressantes utiles \u00e9galement pour nous, Archanges et autre \u00eatres de lumi\u00e8res, pour notre propre \u00e9volution, qui est l&rsquo;\u00e9volution pour tous.<br \/><br \/>Vous \u00eates tous des enfants de Dieu. Nous sommes tous ses enfants. Nous sommes Uns, unis dans l&rsquo;Amour qui a \u00e9t\u00e9 l&rsquo;\u00e9l\u00e9ment primaire pour la cr\u00e9ation du monde. L&rsquo;Amour a cr\u00e9\u00e9 le monde, les humains. L&rsquo;amour a d\u00e9chir\u00e9 la terre, les humains entre eux. L&rsquo;amour a \u00e9t\u00e9 mal utilis\u00e9 par certaines personnes mal intentionn\u00e9es ou ignorantes. Mais l&rsquo;Amour sera \u00e9galement le rem\u00e8de qui gu\u00e9rira la terre de toutes les guerres, de toutes les mis\u00e8res, de tous les probl\u00e8mes de religion.<br \/><br \/>Ressentez la lumi\u00e8re, l&rsquo;amour et l&rsquo;\u00e9nergie en vous, autour de vous. Connectez-vous \u00e0 cette \u00e9nergie, fusionnez avec elle et vous ressentirez la paix, la joie, la f\u00e9licit\u00e9.<br \/><br \/>Ma fonction est \u00e9galement en plus de l&rsquo;\u00e9volution de la g\u00e9om\u00e9trie sacr\u00e9e qui va contribuer \u00e0 rendre le monde meilleur, de veiller \u00e0 la perp\u00e9tuit\u00e9 de l&rsquo;esp\u00e8ce.<br \/>Il y a certes de nombreux changements, des animaux disparaissent, d&rsquo;autres naissent, des terres sont d\u00e9truites par des cataclysmes naturels comme les volcans, les mar\u00e9es, les m\u00e9t\u00e9orites, pour laisser place \u00e0 de nouveaux horizons. Tout cela est voulu. Tout cela vient de la puissance et la volont\u00e9 de Dieu.<br \/>Donc je continue moi-m\u00eame \u00e0 perp\u00e9tuer les esp\u00e8ces en donnant naissance \u00e0 de nouveaux Archanges, gr\u00e2ce \u00e0 ma femme ch\u00e9rie la Shekinah. Ensemble nous \u0153uvrons pour que l&rsquo;Univers et la terre en ce qui vous concerne reste en de bonnes mains.<br \/><br \/>Je vous salue et vous envoie \u00e0 tous toute ma lumi\u00e8re, ma b\u00e9n\u00e9diction et mon amour inconditionnel.<br \/>Je suis avec vous en compagnie de Martine et nous vous saluons.<br \/><br \/>M\u00e9tatron<br \/><br \/><\/p><h6>Canalis\u00e9 par Martine Bagaini, le 30.06.2018<\/h6><p>\u00a0<\/p>\t\t\t\t\t\t\t\t<\/div>\n\t\t\t\t<\/div>\n\t\t\t\t<div class=\"elementor-element elementor-element-6889fb2 elementor-align-center elementor-widget__width-initial elementor-widget elementor-widget-button\" data-id=\"6889fb2\" data-element_type=\"widget\" data-e-type=\"widget\" data-widget_type=\"button.default\">\n\t\t\t\t<div class=\"elementor-widget-container\">\n\t\t\t\t\t\t\t\t\t<div class=\"elementor-button-wrapper\">\n\t\t\t\t\t<a class=\"elementor-button elementor-button-link elementor-size-sm\" href=\"https:\/\/meditations.therapeutiques.ch\/index.php\/audio-you-tube\/\">\n\t\t\t\t\t\t<span class=\"elementor-button-content-wrapper\">\n\t\t\t\t\t\t\t\t\t<span class=\"elementor-button-text\">M\u00e9ditations guid\u00e9es<\/span>\n\t\t\t\t\t<\/span>\n\t\t\t\t\t<\/a>\n\t\t\t\t<\/div>\n\t\t\t\t\t\t\t\t<\/div>\n\t\t\t\t<\/div>\n\t\t\t\t<div class=\"elementor-element elementor-element-664f21f elementor-align-center elementor-widget__width-initial elementor-widget elementor-widget-button\" data-id=\"664f21f\" data-element_type=\"widget\" data-e-type=\"widget\" data-widget_type=\"button.default\">\n\t\t\t\t<div class=\"elementor-widget-container\">\n\t\t\t\t\t\t\t\t\t<div class=\"elementor-button-wrapper\">\n\t\t\t\t\t<a class=\"elementor-button elementor-button-link elementor-size-sm\" href=\"https:\/\/meditations.therapeutiques.ch\/index.php\/channeling\/\">\n\t\t\t\t\t\t<span class=\"elementor-button-content-wrapper\">\n\t\t\t\t\t\t\t\t\t<span class=\"elementor-button-text\">Autres canalisations \u00e9crites<\/span>\n\t\t\t\t\t<\/span>\n\t\t\t\t\t<\/a>\n\t\t\t\t<\/div>\n\t\t\t\t\t\t\t\t<\/div>\n\t\t\t\t<\/div>\n\t\t\t\t\t<\/div>\n\t\t<\/div>\n\t\t\t\t\t<\/div>\n\t\t<\/section>\n\t\t\t\t<\/div>\n\t\t","protected":false},"excerpt":{"rendered":"<p>Pr\u00e9sentation de l&rsquo;Archange M\u00e9tatron Moi, Archange M\u00e9tatron, je vous salue. Je suis Ma\u00eetre de la lumi\u00e8re et de tout ce qui est. (Arriv\u00e9e d&rsquo;\u00e9nergie) Je suis amour, prolongement de Dieu, vous \u00eates amour et lumi\u00e8re, prolongement de moi, M\u00e9tatron, Seigneur de la lumi\u00e8re. Je suis celui qui est, \u00e0 c\u00f4t\u00e9 de Dieu. Je suis sa [&hellip;]<\/p>\n","protected":false},"author":1,"featured_media":0,"parent":0,"menu_order":8,"comment_status":"closed","ping_status":"closed","template":"","meta":{"footnotes":""},"class_list":["post-923","page","type-page","status-publish","hentry"],"_links":{"self":[{"href":"https:\/\/meditations.therapeutiques.ch\/index.php\/wp-json\/wp\/v2\/pages\/923","targetHints":{"allow":["GET"]}}],"collection":[{"href":"https:\/\/meditations.therapeutiques.ch\/index.php\/wp-json\/wp\/v2\/pages"}],"about":[{"href":"https:\/\/meditations.therapeutiques.ch\/index.php\/wp-json\/wp\/v2\/types\/page"}],"author":[{"embeddable":true,"href":"https:\/\/meditations.therapeutiques.ch\/index.php\/wp-json\/wp\/v2\/users\/1"}],"replies":[{"embeddable":true,"href":"https:\/\/meditations.therapeutiques.ch\/index.php\/wp-json\/wp\/v2\/comments?post=923"}],"version-history":[{"count":4,"href":"https:\/\/meditations.therapeutiques.ch\/index.php\/wp-json\/wp\/v2\/pages\/923\/revisions"}],"predecessor-version":[{"id":987,"href":"https:\/\/meditations.therapeutiques.ch\/index.php\/wp-json\/wp\/v2\/pages\/923\/revisions\/987"}],"wp:attachment":[{"href":"https:\/\/meditations.therapeutiques.ch\/index.php\/wp-json\/wp\/v2\/media?parent=923"}],"curies":[{"name":"wp","href":"https:\/\/api.w.org\/{rel}","templated":true}]}}