{"id":921,"date":"2025-02-10T10:51:03","date_gmt":"2025-02-10T09:51:03","guid":{"rendered":"http:\/\/meditations.therapeutiques.ch\/?page_id=921"},"modified":"2025-02-12T11:13:38","modified_gmt":"2025-02-12T10:13:38","slug":"jesus","status":"publish","type":"page","link":"https:\/\/meditations.therapeutiques.ch\/index.php\/jesus\/","title":{"rendered":"Canalisations de J\u00e9sus"},"content":{"rendered":"\t\t<div data-elementor-type=\"wp-page\" data-elementor-id=\"921\" class=\"elementor elementor-921\">\n\t\t\t\t\t\t<section class=\"elementor-section elementor-top-section elementor-element elementor-element-8f61979 elementor-section-boxed elementor-section-height-default elementor-section-height-default\" data-id=\"8f61979\" data-element_type=\"section\" data-e-type=\"section\" data-settings=\"{&quot;background_background&quot;:&quot;classic&quot;,&quot;shape_divider_bottom&quot;:&quot;waves&quot;}\">\n\t\t\t\t\t\t\t<div class=\"elementor-background-overlay\"><\/div>\n\t\t\t\t\t\t<div class=\"elementor-shape elementor-shape-bottom\" aria-hidden=\"true\" data-negative=\"false\">\n\t\t\t<svg xmlns=\"http:\/\/www.w3.org\/2000\/svg\" viewBox=\"0 0 1000 100\" preserveAspectRatio=\"none\">\n\t<path class=\"elementor-shape-fill\" d=\"M421.9,6.5c22.6-2.5,51.5,0.4,75.5,5.3c23.6,4.9,70.9,23.5,100.5,35.7c75.8,32.2,133.7,44.5,192.6,49.7\n\tc23.6,2.1,48.7,3.5,103.4-2.5c54.7-6,106.2-25.6,106.2-25.6V0H0v30.3c0,0,72,32.6,158.4,30.5c39.2-0.7,92.8-6.7,134-22.4\n\tc21.2-8.1,52.2-18.2,79.7-24.2C399.3,7.9,411.6,7.5,421.9,6.5z\"\/>\n<\/svg>\t\t<\/div>\n\t\t\t\t\t<div class=\"elementor-container elementor-column-gap-default\">\n\t\t\t\t\t<div class=\"elementor-column elementor-col-100 elementor-top-column elementor-element elementor-element-0dd4e92\" data-id=\"0dd4e92\" data-element_type=\"column\" data-e-type=\"column\">\n\t\t\t<div class=\"elementor-widget-wrap elementor-element-populated\">\n\t\t\t\t\t\t<div class=\"elementor-element elementor-element-fcf058f elementor-invisible elementor-widget elementor-widget-heading\" data-id=\"fcf058f\" data-element_type=\"widget\" data-e-type=\"widget\" data-settings=\"{&quot;_animation&quot;:&quot;zoomIn&quot;}\" data-widget_type=\"heading.default\">\n\t\t\t\t<div class=\"elementor-widget-container\">\n\t\t\t\t\t<h1 class=\"elementor-heading-title elementor-size-default\">Pr\u00e9sentation de J\u00e9sus<\/h1>\t\t\t\t<\/div>\n\t\t\t\t<\/div>\n\t\t\t\t\t<\/div>\n\t\t<\/div>\n\t\t\t\t\t<\/div>\n\t\t<\/section>\n\t\t\t\t<section class=\"elementor-section elementor-top-section elementor-element elementor-element-c1d1268 elementor-section-boxed elementor-section-height-default elementor-section-height-default\" data-id=\"c1d1268\" data-element_type=\"section\" data-e-type=\"section\">\n\t\t\t\t\t\t\t<div class=\"elementor-background-overlay\"><\/div>\n\t\t\t\t\t\t\t<div class=\"elementor-container elementor-column-gap-default\">\n\t\t\t\t\t<div class=\"elementor-column elementor-col-100 elementor-top-column elementor-element elementor-element-31e1173\" data-id=\"31e1173\" data-element_type=\"column\" data-e-type=\"column\">\n\t\t\t<div class=\"elementor-widget-wrap elementor-element-populated\">\n\t\t\t\t\t\t<div class=\"elementor-element elementor-element-26e1c19 elementor-widget elementor-widget-text-editor\" data-id=\"26e1c19\" data-element_type=\"widget\" data-e-type=\"widget\" data-widget_type=\"text-editor.default\">\n\t\t\t\t<div class=\"elementor-widget-container\">\n\t\t\t\t\t\t\t\t\t<h2>Pr\u00e9sentation de J\u00e9sus<\/h2><p>Bonjour \u00e0 tous.<\/p><p>Je vous salue et vous souhaite la bienvenue sur ce site. Je vous donne ma b\u00e9n\u00e9diction pour lire ces quelques lignes. Je suis J\u00e9sus, Sananda, et je suis dans l\u2019amour avec vous, aujourd\u2019hui, dans cet instant, et pour tous les autres jours avenir.<\/p><p><img decoding=\"async\" src=\"https:\/\/massages.therapeutiques.ch\/images\/croix.jpg\" alt=\"croix.jpg\" \/><\/p><p>Je suis la croix, je suis la souffrance, le martyr, mais je suis l\u2019exemple, la voie \u00e0 suivre. Je suis fils et amour du Seigneur votre Dieu, je suis la r\u00e9surrection, je suis la magie, la croyance. Par moi vous pouvez r\u00e9aliser des miracles.<\/p><p>Il suffit d\u2019 \u00eatre pur, d\u2019\u00eatre dans cet \u00e9norme amour, et d\u2019y croire. D\u2019avoir la foi. Pas seulement la foi en moi ou en Dieu, la foi en l\u2019Univers, en les Univers, en l\u2019Un. Avoir la foi en l\u2019Un est l\u2019\u00e9tape finale, la plus inaccessible pour certains d\u2019entre vous, qui ont juste certaines croyances religieuses, une certaine croyance en Dieu, reli\u00e9e \u00e0 pleins de principes, de lois, d\u2019id\u00e9es mises en application par un groupe, par une religion. Ces gens-l\u00e0 ont une mani\u00e8re de croire en Dieu, en Marie, en moi, d\u2019une fa\u00e7on qui leur est sp\u00e9cifique, \u00e0 eux, et au groupe auquel ils appartiennent.<\/p><p><img decoding=\"async\" src=\"https:\/\/massages.therapeutiques.ch\/images\/eau.jpg\" alt=\"eau.jpg\" \/><\/p><p>Rappelez-vous, l\u2019homme a le pouvoir de changer les choses. L\u2019homme par son esprit et son individualit\u00e9 pense, parle, agit. C\u2019est ainsi que mon p\u00e8re l\u2019a voulu, pour que chacun d\u2019entre vous puisse \u00e9voluer et grandir \u00e0 sa mani\u00e8re. Que chacun soit libre dans ses croyances, que chacun puisse croire ce qu\u2019il a envie de croire.<\/p><p>Une fois que l\u2019\u00eatre humain croit quelque chose, il veut approfondir ses connaissances. Il veut grandir. Il veut \u00eatre complet, se remplir enti\u00e8rement de sa croyance. Pour cela il doit l\u2019alimenter. Il doit la nourrir chaque jour pour \u00eatre satisfait et heureux.<\/p><p>Ces personnes \u00e0 cet instant, qui ne sont pas en lien direct avec moi, avec Dieu, ou avec les \u00eatre de lumi\u00e8re proches de Dieu, auront tendance \u00e0 se remplir d\u2019informations venant d\u2019eux-m\u00eame, ou venant de leur entourage. Comme les personnes de leur entourage font partie de leur croyance, de leur groupe, de leur religion, ils ont confiance. Ils sont persuad\u00e9s d\u2019agir au mieux selon la volont\u00e9 de Dieu. Mais malheureusement ils partent dans toutes les directions, ils s\u2019\u00e9garent dans leurs propres lois, dans leurs propres croyances. Mais ils y croient. Chaque \u00eatre qui \u00e9volue de cette fa\u00e7on est plein de bonnes intentions. Cela est bien. Vous serez r\u00e9compens\u00e9 pour cela le moment venu. Mais vous vous \u00e9garez, vous vous \u00e9loignez de Dieu qui est amour.<\/p><h4>Amour &#8211; Cr\u00e9ation &#8211; Lumi\u00e8re<\/h4><p>Ces trois seuls mots devraient vous suffire pour grandir et aller dans le droit chemin, pour atteindre l\u2019illumination, qui vous procurera une \u00e9norme joie, un \u00e9norme amour. Cet amour vous permettra de vous d\u00e9charger de tous vos fardeaux. Vous sentirez cette enveloppe d\u2019amour, autour de vous, protectrice, bienveillante, chaude, accueillante, calmante, r\u00e9g\u00e9n\u00e9ratrice, pure, nettoyante.<\/p><h4>L\u2019amour a toutes ces facult\u00e9s. Un seul mot pour tout expliquer.<\/h4><p>Vous ressentirez l\u2019amour autour de vous, les gens qui sont aussi dans ce m\u00eame amour dans votre entourage, et vous percevrez votre propre essence divine, votre flamme int\u00e9rieure, votre vie, et vous sentirez cette grande famille qui est en vous, autour de vous :<\/p><h4>Les Uns<\/h4><div class=\"puces\"><ul><li>Je suis l\u00e0 pour vous permettre de d\u00e9charger vos fardeaux.<\/li><li>Je suis l\u00e0 pour vous montrer le chemin \u00e0 prendre.<\/li><li>Je suis l\u00e0 pour vous guider, pour vous aider \u00e0 comprendre, \u00e0 voir les diff\u00e9rences entre votre vie physique sur la terre et votre vie dans l\u2019au-del\u00e0.<\/li><li>Je suis l\u00e0 pour vous aider \u00e0 vous comprendre, pour vous aider \u00e0 vous pardonner, pour vous montrer les moments o\u00f9 vous avez mal agit.<\/li><li>Je suis l\u00e0 pour vous aider \u00e0 vous am\u00e9liorer, \u00e0 vous ramener sur le chemin lorsque vous vous \u00e9garez.<\/li><\/ul><\/div><p>Beaucoup d\u2019entre vous ne m\u2019\u00e9couteront pas tant que vous vivez. Beaucoup d\u2019entre vous ne me verront pas, m\u2019ignoreront, ou me m\u00e9priseront, se moqueront. Cela est normal. Cela fait partie de votre chemin que vous avez \u00e0 suivre.<\/p><p><img decoding=\"async\" src=\"https:\/\/massages.therapeutiques.ch\/images\/route.jpg\" alt=\"route.jpg\" \/><\/p><p>Afin de pouvoir prendre certains sentiers, vous devez d\u2019abord suivre l\u2019autoroute, puis les routes principales, et les routes secondaires. Vous devez tester les diff\u00e9rents moyens de transport, les diff\u00e9rentes qualit\u00e9s de route. Certains moyens de transport sont plus rapides, certains polluent autour d\u2019eux, certains sont dangereux, certains avancent s\u00fbrement et lentement. Vous devez passer toutes les routes\u00a0: Certaines o\u00f9 il y aura des travaux, certaines o\u00f9 il y aura des accidents, dont vous serez peut-\u00eatre la victime. Quelquefois vous serez pris dans les bouchons. A certains carrefours vous h\u00e9siterez. Vous ne saurez pas quelle direction prendre. Quelquefois vous allez vous perdre. Tout cela est normal.<\/p><p>Apr\u00e8s vous \u00eatre perdus, apr\u00e8s vous \u00eatre \u00e9nerv\u00e9s dans les embouteillages, apr\u00e8s avoir fait demi tour plusieurs fois, apr\u00e8s avoir pass\u00e9 les chemins rocailleux, les chemins de terre, les voie maritimes, les voies du ciel avec par exemple les avions, apr\u00e8s avoir \u00e9t\u00e9 confront\u00e9s aux accidents, \u00e0 la peine, \u00e0 la col\u00e8re, \u00e0 la compassion, \u00e0 l\u2019amour et la joie, car heureusement pour vous, certaines routes ou certains chemins sont tr\u00e8s agr\u00e9ables, tr\u00e8s exaltants.<\/p><p><img decoding=\"async\" src=\"https:\/\/massages.therapeutiques.ch\/images\/chemin.jpg\" alt=\"chemin.jpg\" \/><\/p><p>Vous rencontrerez des gens de bien autour de vous, vous aurez des routes tr\u00e8s agr\u00e9ables, lisses, fluides. Vous aurez beaucoup de bonheur. Lorsque vous conna\u00eetrez bien ces villes, ces villages que vous avez travers\u00e9s, ces plaines, ces montagnes, ces \u00e9tendues d\u2019eau, l\u2019acc\u00e8s aux sentiers illumin\u00e9s par la lumi\u00e8re appara\u00eetra devant vous. Vous n\u2019aurez plus qu\u2019\u00e0 les emprunter, et nous serons l\u00e0 avec vous.<\/p><p>Certains d\u2019entre vous attendent mon retour sur terre. Je reviendrai effectivement mais pas comme vous vous y attendez. Mon retour sera tr\u00e8s bref, ne durera qu\u2019un instant.<\/p><p>Je ne serai pas l\u00e0 pour vous faire changer. Je ne serai pas l\u00e0 pour vous montrer tous ces chemins. Vos preuves auront \u00e9t\u00e9 faites, votre vie aura \u00e9t\u00e9 v\u00e9cue, je serai l\u00e0 pour embarquer avec moi ceux qui sont sur les bons chemins. Alors efforcez-vous de vivre au mieux selon les commandements de Dieu. Soyez humble et fier de qui vous \u00eates. Soyez amour. Soyez lumi\u00e8re pour \u00e9clairer le chemin de ceux qui sont dans l\u2019ombre autour de vous. Soyez les \u00e9toiles qui brillent dans le ciel, toujours brillantes, quoiqu\u2019il se passe autour de vous. Soyez confiants. Pensez que ce qui vous arrive, m\u00eame si c\u2019est tr\u00e8s dur, est toujours pour votre bien. C\u2019est ce que vous avez besoin de ressentir, de vivre, comme l&rsquo;exemple des embouteillages o\u00f9 des accidents sur la route.<\/p><p>Mon P\u00e8re et moi, vous accueillons avec joie et amour dans notre Royaume, qui que vous soyez, o\u00f9 que vous soyez, quelque soit le moment ou la dimension dans laquelle vous vous trouvez.<\/p><p>Gardez la foi en Vous, en Dieu, en l\u2019Un, en la Source.<\/p><p><img decoding=\"async\" src=\"https:\/\/massages.therapeutiques.ch\/images\/lumiere.jpg\" alt=\"lumiere.jpg\" \/><\/p><p>Je vous b\u00e9ni, je vous salue, en compagnie de Martine, nous vous envoyons tout notre amour.<\/p><p>Bien aim\u00e9s, je suis avec VOUS, en VOUS, pour toujours, pour l\u2019\u00e9ternit\u00e9.<\/p><p>J\u00e9sus, Sananda<\/p><h6>Canalis\u00e9 par Martine Bagaini, le 08.07.2018<\/h6>\t\t\t\t\t\t\t\t<\/div>\n\t\t\t\t<\/div>\n\t\t\t\t\t<\/div>\n\t\t<\/div>\n\t\t\t\t\t<\/div>\n\t\t<\/section>\n\t\t\t\t<\/div>\n\t\t","protected":false},"excerpt":{"rendered":"<p>Pr\u00e9sentation de J\u00e9sus Pr\u00e9sentation de J\u00e9sus Bonjour \u00e0 tous. Je vous salue et vous souhaite la bienvenue sur ce site. Je vous donne ma b\u00e9n\u00e9diction pour lire ces quelques lignes. Je suis J\u00e9sus, Sananda, et je suis dans l\u2019amour avec vous, aujourd\u2019hui, dans cet instant, et pour tous les autres jours avenir. Je suis la [&hellip;]<\/p>\n","protected":false},"author":1,"featured_media":0,"parent":0,"menu_order":8,"comment_status":"closed","ping_status":"closed","template":"","meta":{"footnotes":""},"class_list":["post-921","page","type-page","status-publish","hentry"],"_links":{"self":[{"href":"https:\/\/meditations.therapeutiques.ch\/index.php\/wp-json\/wp\/v2\/pages\/921","targetHints":{"allow":["GET"]}}],"collection":[{"href":"https:\/\/meditations.therapeutiques.ch\/index.php\/wp-json\/wp\/v2\/pages"}],"about":[{"href":"https:\/\/meditations.therapeutiques.ch\/index.php\/wp-json\/wp\/v2\/types\/page"}],"author":[{"embeddable":true,"href":"https:\/\/meditations.therapeutiques.ch\/index.php\/wp-json\/wp\/v2\/users\/1"}],"replies":[{"embeddable":true,"href":"https:\/\/meditations.therapeutiques.ch\/index.php\/wp-json\/wp\/v2\/comments?post=921"}],"version-history":[{"count":10,"href":"https:\/\/meditations.therapeutiques.ch\/index.php\/wp-json\/wp\/v2\/pages\/921\/revisions"}],"predecessor-version":[{"id":1169,"href":"https:\/\/meditations.therapeutiques.ch\/index.php\/wp-json\/wp\/v2\/pages\/921\/revisions\/1169"}],"wp:attachment":[{"href":"https:\/\/meditations.therapeutiques.ch\/index.php\/wp-json\/wp\/v2\/media?parent=921"}],"curies":[{"name":"wp","href":"https:\/\/api.w.org\/{rel}","templated":true}]}}