{"id":782,"date":"2025-02-08T10:11:37","date_gmt":"2025-02-08T09:11:37","guid":{"rendered":"https:\/\/meditations.therapeutiques.ch\/?page_id=782"},"modified":"2025-02-12T11:13:12","modified_gmt":"2025-02-12T10:13:12","slug":"dieu","status":"publish","type":"page","link":"https:\/\/meditations.therapeutiques.ch\/index.php\/dieu\/","title":{"rendered":"Canalisations de Dieu"},"content":{"rendered":"\t\t<div data-elementor-type=\"wp-page\" data-elementor-id=\"782\" class=\"elementor elementor-782\">\n\t\t\t\t\t\t<section class=\"elementor-section elementor-top-section elementor-element elementor-element-b9118bf elementor-section-boxed elementor-section-height-default elementor-section-height-default\" data-id=\"b9118bf\" data-element_type=\"section\" data-e-type=\"section\" data-settings=\"{&quot;background_background&quot;:&quot;classic&quot;,&quot;shape_divider_bottom&quot;:&quot;waves&quot;}\">\n\t\t\t\t\t\t\t<div class=\"elementor-background-overlay\"><\/div>\n\t\t\t\t\t\t<div class=\"elementor-shape elementor-shape-bottom\" aria-hidden=\"true\" data-negative=\"false\">\n\t\t\t<svg xmlns=\"http:\/\/www.w3.org\/2000\/svg\" viewBox=\"0 0 1000 100\" preserveAspectRatio=\"none\">\n\t<path class=\"elementor-shape-fill\" d=\"M421.9,6.5c22.6-2.5,51.5,0.4,75.5,5.3c23.6,4.9,70.9,23.5,100.5,35.7c75.8,32.2,133.7,44.5,192.6,49.7\n\tc23.6,2.1,48.7,3.5,103.4-2.5c54.7-6,106.2-25.6,106.2-25.6V0H0v30.3c0,0,72,32.6,158.4,30.5c39.2-0.7,92.8-6.7,134-22.4\n\tc21.2-8.1,52.2-18.2,79.7-24.2C399.3,7.9,411.6,7.5,421.9,6.5z\"\/>\n<\/svg>\t\t<\/div>\n\t\t\t\t\t<div class=\"elementor-container elementor-column-gap-default\">\n\t\t\t\t\t<div class=\"elementor-column elementor-col-100 elementor-top-column elementor-element elementor-element-eedd1d0\" data-id=\"eedd1d0\" data-element_type=\"column\" data-e-type=\"column\">\n\t\t\t<div class=\"elementor-widget-wrap elementor-element-populated\">\n\t\t\t\t\t\t<div class=\"elementor-element elementor-element-5004ee0 elementor-invisible elementor-widget elementor-widget-heading\" data-id=\"5004ee0\" data-element_type=\"widget\" data-e-type=\"widget\" data-settings=\"{&quot;_animation&quot;:&quot;zoomIn&quot;}\" data-widget_type=\"heading.default\">\n\t\t\t\t<div class=\"elementor-widget-container\">\n\t\t\t\t\t<h1 class=\"elementor-heading-title elementor-size-default\">Pr\u00e9sentation de Dieu<\/h1>\t\t\t\t<\/div>\n\t\t\t\t<\/div>\n\t\t\t\t\t<\/div>\n\t\t<\/div>\n\t\t\t\t\t<\/div>\n\t\t<\/section>\n\t\t\t\t<section class=\"elementor-section elementor-top-section elementor-element elementor-element-c1d1268 elementor-section-boxed elementor-section-height-default elementor-section-height-default\" data-id=\"c1d1268\" data-element_type=\"section\" data-e-type=\"section\">\n\t\t\t\t\t\t\t<div class=\"elementor-background-overlay\"><\/div>\n\t\t\t\t\t\t\t<div class=\"elementor-container elementor-column-gap-default\">\n\t\t\t\t\t<div class=\"elementor-column elementor-col-100 elementor-top-column elementor-element elementor-element-31e1173\" data-id=\"31e1173\" data-element_type=\"column\" data-e-type=\"column\">\n\t\t\t<div class=\"elementor-widget-wrap elementor-element-populated\">\n\t\t\t\t\t\t<div class=\"elementor-element elementor-element-26e1c19 elementor-widget elementor-widget-text-editor\" data-id=\"26e1c19\" data-element_type=\"widget\" data-e-type=\"widget\" data-widget_type=\"text-editor.default\">\n\t\t\t\t<div class=\"elementor-widget-container\">\n\t\t\t\t\t\t\t\t\t<p>Je suis la flamme constamment allum\u00e9e dans votre c\u0153ur<\/p><p>Je suis la lueur au bout du chemin<\/p><p>Je suis la peine, la souffrance, que vous ressentez \u00e0 certains moments de votre vie<\/p><p>Je suis la compassion en vous et autour de vous<\/p><p>Je suis la lumi\u00e8re de votre \u00catre, la lumi\u00e8re qui vous insuffle la vie<\/p><p>Je suis le souffle, la respiration, l\u2019air que vous respirez, l\u2019air dans vos poumons<\/p><p>Je suis le sang qui coule dans vos veines, je suis l\u2019eau dans votre corps, la fluidit\u00e9<\/p><p>et cela \u00e0 des \u00e9chelles diff\u00e9rentes\u00a0: c\u2019est pareil pour les plan\u00e8tes, les \u00e9toiles, pour l\u2019Univers, les Multivers, c\u2019est pareil pour les atomes, et pour les particules plus petites que les atomes<\/p><p>Je suis la cr\u00e9ation<\/p><p>Je suis partout<\/p><p>Je suis avant tout une \u00e2me, comme vous, pareil que vous.<\/p><p>J\u2019ai pu expanser mon \u00e2me dans tout ce qui est, et mon \u00e2me a grandi, elle est devenue \u00e9norme, elle a englob\u00e9 le tout<\/p><p>Je fais partie du tout et le tout fait partie de moi<\/p><p>Comme en a parl\u00e9 mon fils\u00a0: <strong>L\u2019AMOUR, LA LUMI\u00c8RE, LA CR\u00c9ATION<\/strong><\/p><p>sont les trois \u00e9l\u00e9ments de base pour tout ce qui est<\/p><p>Connectez-vous \u00e0 ce tout, faite partie de ce tout, et vous ferez partie de moi<\/p><p>Comprenez-vous maintenant pourquoi vous \u00eates tous mes enfants\u00a0?<\/p><p>Imaginez votre \u00e2me avec toutes les parties de vous \u00e0 l\u2019int\u00e9rieur, cela fait partie de vous, mais toutes ces parties individuelles de vous-m\u00eame qui constituent principalement vos \u00e9motions, sont uniques, individuelles, mais elles sont ensemble, ne peuvent pas \u00eatre dissoci\u00e9es, ne peuvent pas vivre s\u00e9par\u00e9ment, sans votre \u00e2me qui relie le tout<\/p><p>Comprenez-vous qui je suis\u00a0?<\/p><p>C\u2019est le Seigneur votre Dieu qui vous parle, en compagnie de Martine, de L\u2019\u00c9quilibre, de la Terre, de la Mer, du Feu, du Ciel<\/p><p>Ressentez cet incroyable amour, cet incroyable tout<\/p><p>Je vous envoie \u00e0 tous un oc\u00e9an d\u2019amour et vous dit \u00e0 bient\u00f4t, je reviendrai vous parler<\/p><p>Je vous salue<\/p><p>Votre Seigneur votre Dieu<\/p><h6>\u00a0 \u00a0 \u00a0 \u00a0 \u00a0 \u00a0 \u00a0 \u00a0 \u00a0 \u00a0 \u00a0 \u00a0 \u00a0 \u00a0 \u00a0 \u00a0 \u00a0 \u00a0 \u00a0 \u00a0 \u00a0 \u00a0 \u00a0 \u00a0 \u00a0 \u00a0 \u00a0 \u00a0 \u00a0 \u00a0 \u00a0 \u00a0 \u00a0 \u00a0 \u00a0 \u00a0 \u00a0 \u00a0 \u00a0 \u00a0 \u00a0 \u00a0 \u00a0 \u00a0Canalis\u00e9 par Martine Bagaini, le 09.08.2018<\/h6>\t\t\t\t\t\t\t\t<\/div>\n\t\t\t\t<\/div>\n\t\t\t\t\t<\/div>\n\t\t<\/div>\n\t\t\t\t\t<\/div>\n\t\t<\/section>\n\t\t\t\t<\/div>\n\t\t","protected":false},"excerpt":{"rendered":"<p>Pr\u00e9sentation de Dieu Je suis la flamme constamment allum\u00e9e dans votre c\u0153ur Je suis la lueur au bout du chemin Je suis la peine, la souffrance, que vous ressentez \u00e0 certains moments de votre vie Je suis la compassion en vous et autour de vous Je suis la lumi\u00e8re de votre \u00catre, la lumi\u00e8re qui [&hellip;]<\/p>\n","protected":false},"author":1,"featured_media":0,"parent":0,"menu_order":8,"comment_status":"closed","ping_status":"closed","template":"","meta":{"footnotes":""},"class_list":["post-782","page","type-page","status-publish","hentry"],"_links":{"self":[{"href":"https:\/\/meditations.therapeutiques.ch\/index.php\/wp-json\/wp\/v2\/pages\/782","targetHints":{"allow":["GET"]}}],"collection":[{"href":"https:\/\/meditations.therapeutiques.ch\/index.php\/wp-json\/wp\/v2\/pages"}],"about":[{"href":"https:\/\/meditations.therapeutiques.ch\/index.php\/wp-json\/wp\/v2\/types\/page"}],"author":[{"embeddable":true,"href":"https:\/\/meditations.therapeutiques.ch\/index.php\/wp-json\/wp\/v2\/users\/1"}],"replies":[{"embeddable":true,"href":"https:\/\/meditations.therapeutiques.ch\/index.php\/wp-json\/wp\/v2\/comments?post=782"}],"version-history":[{"count":19,"href":"https:\/\/meditations.therapeutiques.ch\/index.php\/wp-json\/wp\/v2\/pages\/782\/revisions"}],"predecessor-version":[{"id":1166,"href":"https:\/\/meditations.therapeutiques.ch\/index.php\/wp-json\/wp\/v2\/pages\/782\/revisions\/1166"}],"wp:attachment":[{"href":"https:\/\/meditations.therapeutiques.ch\/index.php\/wp-json\/wp\/v2\/media?parent=782"}],"curies":[{"name":"wp","href":"https:\/\/api.w.org\/{rel}","templated":true}]}}