{"id":65,"date":"2024-10-22T14:11:40","date_gmt":"2024-10-22T12:11:40","guid":{"rendered":"https:\/\/meditations.therapeutiques.ch\/?page_id=65"},"modified":"2025-03-05T12:57:01","modified_gmt":"2025-03-05T11:57:01","slug":"channeling-canalisations","status":"publish","type":"page","link":"https:\/\/meditations.therapeutiques.ch\/index.php\/channeling-canalisations\/","title":{"rendered":"Channeling c&rsquo;est quoi"},"content":{"rendered":"\t\t<div data-elementor-type=\"wp-page\" data-elementor-id=\"65\" class=\"elementor elementor-65\">\n\t\t\t\t\t\t<section class=\"elementor-section elementor-top-section elementor-element elementor-element-775a50b elementor-section-boxed elementor-section-height-default elementor-section-height-default\" data-id=\"775a50b\" data-element_type=\"section\" data-e-type=\"section\" data-settings=\"{&quot;background_background&quot;:&quot;classic&quot;,&quot;shape_divider_bottom&quot;:&quot;waves&quot;}\">\n\t\t\t\t\t\t\t<div class=\"elementor-background-overlay\"><\/div>\n\t\t\t\t\t\t<div class=\"elementor-shape elementor-shape-bottom\" aria-hidden=\"true\" data-negative=\"false\">\n\t\t\t<svg xmlns=\"http:\/\/www.w3.org\/2000\/svg\" viewBox=\"0 0 1000 100\" preserveAspectRatio=\"none\">\n\t<path class=\"elementor-shape-fill\" d=\"M421.9,6.5c22.6-2.5,51.5,0.4,75.5,5.3c23.6,4.9,70.9,23.5,100.5,35.7c75.8,32.2,133.7,44.5,192.6,49.7\n\tc23.6,2.1,48.7,3.5,103.4-2.5c54.7-6,106.2-25.6,106.2-25.6V0H0v30.3c0,0,72,32.6,158.4,30.5c39.2-0.7,92.8-6.7,134-22.4\n\tc21.2-8.1,52.2-18.2,79.7-24.2C399.3,7.9,411.6,7.5,421.9,6.5z\"\/>\n<\/svg>\t\t<\/div>\n\t\t\t\t\t<div class=\"elementor-container elementor-column-gap-default\">\n\t\t\t\t\t<div class=\"elementor-column elementor-col-100 elementor-top-column elementor-element elementor-element-9bc146e\" data-id=\"9bc146e\" data-element_type=\"column\" data-e-type=\"column\">\n\t\t\t<div class=\"elementor-widget-wrap elementor-element-populated\">\n\t\t\t\t\t\t<div class=\"elementor-element elementor-element-ee977a0 elementor-invisible elementor-widget elementor-widget-heading\" data-id=\"ee977a0\" data-element_type=\"widget\" data-e-type=\"widget\" data-settings=\"{&quot;_animation&quot;:&quot;zoomIn&quot;}\" data-widget_type=\"heading.default\">\n\t\t\t\t<div class=\"elementor-widget-container\">\n\t\t\t\t\t<h1 class=\"elementor-heading-title elementor-size-default\">Channeling- canalisations<\/h1>\t\t\t\t<\/div>\n\t\t\t\t<\/div>\n\t\t\t\t\t<\/div>\n\t\t<\/div>\n\t\t\t\t\t<\/div>\n\t\t<\/section>\n\t\t\t\t<section class=\"elementor-section elementor-top-section elementor-element elementor-element-c1d1268 elementor-section-boxed elementor-section-height-default elementor-section-height-default\" data-id=\"c1d1268\" data-element_type=\"section\" data-e-type=\"section\">\n\t\t\t\t\t\t<div class=\"elementor-container elementor-column-gap-default\">\n\t\t\t\t\t<div class=\"elementor-column elementor-col-100 elementor-top-column elementor-element elementor-element-31e1173\" data-id=\"31e1173\" data-element_type=\"column\" data-e-type=\"column\">\n\t\t\t<div class=\"elementor-widget-wrap elementor-element-populated\">\n\t\t\t\t\t\t<div class=\"elementor-element elementor-element-7fa8a20 elementor-widget elementor-widget-text-editor\" data-id=\"7fa8a20\" data-element_type=\"widget\" data-e-type=\"widget\" data-widget_type=\"text-editor.default\">\n\t\t\t\t<div class=\"elementor-widget-container\">\n\t\t\t\t\t\t\t\t\t<p>Le channeling est utilis\u00e9 dans le moment pr\u00e9sent lors d\u2019un massage, et dans mes canalisations audios ou \u00e9crites, que vous pouvez trouvez dans les liens ci-dessous et sur You Tube.<\/p><p>Le channeling consiste \u00e0 entendre, voir, et ressentir, tous ce que les \u00eatres ascensionn\u00e9s nous communiquent, et ensuite reporter le tout sous forme de paroles, ou textes.<\/p><p>Cela demande une bonne connexion spirituelle, une grande confiance, et un l\u00e2cher prise total pour ne pas interf\u00e9rer dans les messages.<\/p><p>Le but est de retranscrire exactement les informations, sans pens\u00e9es, sans jugements, ou autre intervention de l&rsquo;esprit humain.<\/p><p>Cela permet de communiquer avec l&rsquo;au-del\u00e0 pour poser des questions et avoir des r\u00e9ponses. Cela vous aide dans votre vie spirituelle mais aussi dans votre vie de tous les jours, soit pour votre travail, votre vie amoureuse, vos amis.<\/p><p>Cela vous aide \u00e0 rester sur votre chemin, vous guide , afin que vous puissiez faire les meilleurs choix possibles pour vous.<\/p><p>Les informations re\u00e7ues sont toujours positives, dans le but de vous encourager, et non de vous d\u00e9moraliser. C&rsquo;est toujours dans l&rsquo;id\u00e9e de vous aider \u00e0 y voir plus clair en vous-m\u00eame, car souvent vous \u00eates aveugl\u00e9s par vos probl\u00e8mes et difficult\u00e9s.<\/p>\t\t\t\t\t\t\t\t<\/div>\n\t\t\t\t<\/div>\n\t\t\t\t<div class=\"elementor-element elementor-element-def451f elementor-widget elementor-widget-image\" data-id=\"def451f\" data-element_type=\"widget\" data-e-type=\"widget\" data-widget_type=\"image.default\">\n\t\t\t\t<div class=\"elementor-widget-container\">\n\t\t\t\t\t\t\t\t\t\t\t\t\t\t\t<img fetchpriority=\"high\" decoding=\"async\" width=\"800\" height=\"800\" src=\"https:\/\/meditations.therapeutiques.ch\/wp-content\/uploads\/2025\/02\/meditation.png\" class=\"attachment-large size-large wp-image-1588\" alt=\"\" srcset=\"https:\/\/meditations.therapeutiques.ch\/wp-content\/uploads\/2025\/02\/meditation.png 1024w, https:\/\/meditations.therapeutiques.ch\/wp-content\/uploads\/2025\/02\/meditation-300x300.png 300w, https:\/\/meditations.therapeutiques.ch\/wp-content\/uploads\/2025\/02\/meditation-150x150.png 150w, https:\/\/meditations.therapeutiques.ch\/wp-content\/uploads\/2025\/02\/meditation-768x768.png 768w\" sizes=\"(max-width: 800px) 100vw, 800px\" \/>\t\t\t\t\t\t\t\t\t\t\t\t\t\t\t<\/div>\n\t\t\t\t<\/div>\n\t\t\t\t<div class=\"elementor-element elementor-element-cd4f1e3 elementor-widget elementor-widget-text-editor\" data-id=\"cd4f1e3\" data-element_type=\"widget\" data-e-type=\"widget\" data-widget_type=\"text-editor.default\">\n\t\t\t\t<div class=\"elementor-widget-container\">\n\t\t\t\t\t\t\t\t\t<p>Le channeling est donc une aide efficace, un guide dans la vie, pour vous amnener \u00e0 bon port. Cela permet de comprendre beaucoup de choses, et les informations sont toujours adapt\u00e9es \u00e0 vos capacit\u00e9s de compr\u00e9hension et \u00e0 vos croyances. Vous n&rsquo;avez donc aucune crainte \u00e0 avoir concernant les informations que vous pourriez recevoir.<\/p><p>Nous vous connaissons mieux que quiconque, et savons ce qui est bien pour vous. C&rsquo;est toujours un plaisir pour nous de vous envoyer ces informations pour vous aider, car notre but, consiste \u00e0 vous aider \u00e0 atteindre les v\u00f4tres, en toute s\u00e9curit\u00e9 et en toute confiance.<\/p><p>Au plaisir de vous envoyer des messages, nous vous adressons notre plus grand amour, inconditionnel, intemporel, ind\u00e9niable.<\/p><p>Merci de votre int\u00e9r\u00eat et de votre lecture.<\/p><p>J\u00e9sus et M\u00e9tatron<\/p>\t\t\t\t\t\t\t\t<\/div>\n\t\t\t\t<\/div>\n\t\t\t\t\t<\/div>\n\t\t<\/div>\n\t\t\t\t\t<\/div>\n\t\t<\/section>\n\t\t\t\t<section class=\"elementor-section elementor-top-section elementor-element elementor-element-3d4fd5c elementor-section-boxed elementor-section-height-default elementor-section-height-default\" data-id=\"3d4fd5c\" data-element_type=\"section\" data-e-type=\"section\" data-settings=\"{&quot;background_background&quot;:&quot;classic&quot;}\">\n\t\t\t\t\t\t<div class=\"elementor-container elementor-column-gap-default\">\n\t\t\t\t\t<div class=\"elementor-column elementor-col-100 elementor-top-column elementor-element elementor-element-f603c5c\" data-id=\"f603c5c\" data-element_type=\"column\" data-e-type=\"column\">\n\t\t\t<div class=\"elementor-widget-wrap elementor-element-populated\">\n\t\t\t\t\t\t<div class=\"elementor-element elementor-element-3a2cdbe elementor-align-center elementor-icon-list--layout-traditional elementor-list-item-link-full_width elementor-widget elementor-widget-icon-list\" data-id=\"3a2cdbe\" data-element_type=\"widget\" data-e-type=\"widget\" data-widget_type=\"icon-list.default\">\n\t\t\t\t<div class=\"elementor-widget-container\">\n\t\t\t\t\t\t\t<ul class=\"elementor-icon-list-items\">\n\t\t\t\t\t\t\t<li class=\"elementor-icon-list-item\">\n\t\t\t\t\t\t\t\t\t\t\t<a href=\"https:\/\/meditations.therapeutiques.ch\/index.php\/meditations-guides\/\">\n\n\t\t\t\t\t\t\t\t\t\t\t\t<span class=\"elementor-icon-list-icon\">\n\t\t\t\t\t\t\t<svg aria-hidden=\"true\" class=\"e-font-icon-svg e-fas-circle\" viewBox=\"0 0 512 512\" xmlns=\"http:\/\/www.w3.org\/2000\/svg\"><path d=\"M256 8C119 8 8 119 8 256s111 248 248 248 248-111 248-248S393 8 256 8z\"><\/path><\/svg>\t\t\t\t\t\t<\/span>\n\t\t\t\t\t\t\t\t\t\t<span class=\"elementor-icon-list-text\">M\u00e9ditations guid\u00e9es<\/span>\n\t\t\t\t\t\t\t\t\t\t\t<\/a>\n\t\t\t\t\t\t\t\t\t<\/li>\n\t\t\t\t\t\t\t\t<li class=\"elementor-icon-list-item\">\n\t\t\t\t\t\t\t\t\t\t\t<a href=\"https:\/\/meditations.therapeutiques.ch\/index.php\/messages\/\">\n\n\t\t\t\t\t\t\t\t\t\t\t\t<span class=\"elementor-icon-list-icon\">\n\t\t\t\t\t\t\t<svg aria-hidden=\"true\" class=\"e-font-icon-svg e-fas-circle\" viewBox=\"0 0 512 512\" xmlns=\"http:\/\/www.w3.org\/2000\/svg\"><path d=\"M256 8C119 8 8 119 8 256s111 248 248 248 248-111 248-248S393 8 256 8z\"><\/path><\/svg>\t\t\t\t\t\t<\/span>\n\t\t\t\t\t\t\t\t\t\t<span class=\"elementor-icon-list-text\">Messages re\u00e7us<\/span>\n\t\t\t\t\t\t\t\t\t\t\t<\/a>\n\t\t\t\t\t\t\t\t\t<\/li>\n\t\t\t\t\t\t\t\t<li class=\"elementor-icon-list-item\">\n\t\t\t\t\t\t\t\t\t\t\t<a href=\"https:\/\/meditations.therapeutiques.ch\/index.php\/channeling\/\">\n\n\t\t\t\t\t\t\t\t\t\t\t\t<span class=\"elementor-icon-list-icon\">\n\t\t\t\t\t\t\t<svg aria-hidden=\"true\" class=\"e-font-icon-svg e-fas-circle\" viewBox=\"0 0 512 512\" xmlns=\"http:\/\/www.w3.org\/2000\/svg\"><path d=\"M256 8C119 8 8 119 8 256s111 248 248 248 248-111 248-248S393 8 256 8z\"><\/path><\/svg>\t\t\t\t\t\t<\/span>\n\t\t\t\t\t\t\t\t\t\t<span class=\"elementor-icon-list-text\">Canalisations \u00e9crites<\/span>\n\t\t\t\t\t\t\t\t\t\t\t<\/a>\n\t\t\t\t\t\t\t\t\t<\/li>\n\t\t\t\t\t\t\t\t<li class=\"elementor-icon-list-item\">\n\t\t\t\t\t\t\t\t\t\t\t<a href=\"https:\/\/meditations.therapeutiques.ch\/index.php\/audio-you-tube\/\">\n\n\t\t\t\t\t\t\t\t\t\t\t\t<span class=\"elementor-icon-list-icon\">\n\t\t\t\t\t\t\t<svg aria-hidden=\"true\" class=\"e-font-icon-svg e-fas-circle\" viewBox=\"0 0 512 512\" xmlns=\"http:\/\/www.w3.org\/2000\/svg\"><path d=\"M256 8C119 8 8 119 8 256s111 248 248 248 248-111 248-248S393 8 256 8z\"><\/path><\/svg>\t\t\t\t\t\t<\/span>\n\t\t\t\t\t\t\t\t\t\t<span class=\"elementor-icon-list-text\">Extraits You Tube<\/span>\n\t\t\t\t\t\t\t\t\t\t\t<\/a>\n\t\t\t\t\t\t\t\t\t<\/li>\n\t\t\t\t\t\t\t\t<li class=\"elementor-icon-list-item\">\n\t\t\t\t\t\t\t\t\t\t\t<a href=\"https:\/\/nouveau.therapeutiques.ch\/\">\n\n\t\t\t\t\t\t\t\t\t\t\t\t<span class=\"elementor-icon-list-icon\">\n\t\t\t\t\t\t\t<svg aria-hidden=\"true\" class=\"e-font-icon-svg e-fas-circle\" viewBox=\"0 0 512 512\" xmlns=\"http:\/\/www.w3.org\/2000\/svg\"><path d=\"M256 8C119 8 8 119 8 256s111 248 248 248 248-111 248-248S393 8 256 8z\"><\/path><\/svg>\t\t\t\t\t\t<\/span>\n\t\t\t\t\t\t\t\t\t\t<span class=\"elementor-icon-list-text\">Retour aux soins<\/span>\n\t\t\t\t\t\t\t\t\t\t\t<\/a>\n\t\t\t\t\t\t\t\t\t<\/li>\n\t\t\t\t\t\t<\/ul>\n\t\t\t\t\t\t<\/div>\n\t\t\t\t<\/div>\n\t\t\t\t\t<\/div>\n\t\t<\/div>\n\t\t\t\t\t<\/div>\n\t\t<\/section>\n\t\t\t\t<section class=\"elementor-section elementor-top-section elementor-element elementor-element-c02d488 elementor-section-boxed elementor-section-height-default elementor-section-height-default\" data-id=\"c02d488\" data-element_type=\"section\" data-e-type=\"section\">\n\t\t\t\t\t\t<div class=\"elementor-container elementor-column-gap-default\">\n\t\t\t\t\t<div class=\"elementor-column elementor-col-100 elementor-top-column elementor-element elementor-element-1b87e6a\" data-id=\"1b87e6a\" data-element_type=\"column\" data-e-type=\"column\">\n\t\t\t<div class=\"elementor-widget-wrap elementor-element-populated\">\n\t\t\t\t\t\t<div class=\"elementor-element elementor-element-86bc63c elementor-widget elementor-widget-image\" data-id=\"86bc63c\" data-element_type=\"widget\" data-e-type=\"widget\" data-widget_type=\"image.default\">\n\t\t\t\t<div class=\"elementor-widget-container\">\n\t\t\t\t\t\t\t\t\t\t\t\t\t\t\t<img decoding=\"async\" width=\"800\" height=\"800\" src=\"https:\/\/meditations.therapeutiques.ch\/wp-content\/uploads\/2025\/02\/lotusb-1024x1024.png\" class=\"attachment-large size-large wp-image-1829\" alt=\"\" srcset=\"https:\/\/meditations.therapeutiques.ch\/wp-content\/uploads\/2025\/02\/lotusb-1024x1024.png 1024w, https:\/\/meditations.therapeutiques.ch\/wp-content\/uploads\/2025\/02\/lotusb-300x300.png 300w, https:\/\/meditations.therapeutiques.ch\/wp-content\/uploads\/2025\/02\/lotusb-150x150.png 150w, https:\/\/meditations.therapeutiques.ch\/wp-content\/uploads\/2025\/02\/lotusb-768x768.png 768w, https:\/\/meditations.therapeutiques.ch\/wp-content\/uploads\/2025\/02\/lotusb-1536x1536.png 1536w, https:\/\/meditations.therapeutiques.ch\/wp-content\/uploads\/2025\/02\/lotusb.png 1900w\" sizes=\"(max-width: 800px) 100vw, 800px\" \/>\t\t\t\t\t\t\t\t\t\t\t\t\t\t\t<\/div>\n\t\t\t\t<\/div>\n\t\t\t\t\t<\/div>\n\t\t<\/div>\n\t\t\t\t\t<\/div>\n\t\t<\/section>\n\t\t\t\t<\/div>\n\t\t","protected":false},"excerpt":{"rendered":"<p>Channeling- canalisations Le channeling est utilis\u00e9 dans le moment pr\u00e9sent lors d\u2019un massage, et dans mes canalisations audios ou \u00e9crites, que vous pouvez trouvez dans les liens ci-dessous et sur You Tube. Le channeling consiste \u00e0 entendre, voir, et ressentir, tous ce que les \u00eatres ascensionn\u00e9s nous communiquent, et ensuite reporter le tout sous forme [&hellip;]<\/p>\n","protected":false},"author":1,"featured_media":0,"parent":0,"menu_order":8,"comment_status":"closed","ping_status":"closed","template":"","meta":{"footnotes":""},"class_list":["post-65","page","type-page","status-publish","hentry"],"_links":{"self":[{"href":"https:\/\/meditations.therapeutiques.ch\/index.php\/wp-json\/wp\/v2\/pages\/65","targetHints":{"allow":["GET"]}}],"collection":[{"href":"https:\/\/meditations.therapeutiques.ch\/index.php\/wp-json\/wp\/v2\/pages"}],"about":[{"href":"https:\/\/meditations.therapeutiques.ch\/index.php\/wp-json\/wp\/v2\/types\/page"}],"author":[{"embeddable":true,"href":"https:\/\/meditations.therapeutiques.ch\/index.php\/wp-json\/wp\/v2\/users\/1"}],"replies":[{"embeddable":true,"href":"https:\/\/meditations.therapeutiques.ch\/index.php\/wp-json\/wp\/v2\/comments?post=65"}],"version-history":[{"count":113,"href":"https:\/\/meditations.therapeutiques.ch\/index.php\/wp-json\/wp\/v2\/pages\/65\/revisions"}],"predecessor-version":[{"id":2126,"href":"https:\/\/meditations.therapeutiques.ch\/index.php\/wp-json\/wp\/v2\/pages\/65\/revisions\/2126"}],"wp:attachment":[{"href":"https:\/\/meditations.therapeutiques.ch\/index.php\/wp-json\/wp\/v2\/media?parent=65"}],"curies":[{"name":"wp","href":"https:\/\/api.w.org\/{rel}","templated":true}]}}