{"id":1528,"date":"2025-02-18T17:15:02","date_gmt":"2025-02-18T16:15:02","guid":{"rendered":"https:\/\/meditations.therapeutiques.ch\/?page_id=1528"},"modified":"2025-02-18T17:15:46","modified_gmt":"2025-02-18T16:15:46","slug":"benediction","status":"publish","type":"page","link":"https:\/\/meditations.therapeutiques.ch\/index.php\/benediction\/","title":{"rendered":"Je vous apporte ma b\u00e9n\u00e9diction"},"content":{"rendered":"\t\t<div data-elementor-type=\"wp-page\" data-elementor-id=\"1528\" class=\"elementor elementor-1528\">\n\t\t\t\t\t\t<section class=\"elementor-section elementor-top-section elementor-element elementor-element-d6950d8 elementor-section-boxed elementor-section-height-default elementor-section-height-default\" data-id=\"d6950d8\" data-element_type=\"section\" data-e-type=\"section\" data-settings=\"{&quot;background_background&quot;:&quot;classic&quot;,&quot;shape_divider_bottom&quot;:&quot;waves&quot;}\">\n\t\t\t\t\t\t\t<div class=\"elementor-background-overlay\"><\/div>\n\t\t\t\t\t\t<div class=\"elementor-shape elementor-shape-bottom\" aria-hidden=\"true\" data-negative=\"false\">\n\t\t\t<svg xmlns=\"http:\/\/www.w3.org\/2000\/svg\" viewBox=\"0 0 1000 100\" preserveAspectRatio=\"none\">\n\t<path class=\"elementor-shape-fill\" d=\"M421.9,6.5c22.6-2.5,51.5,0.4,75.5,5.3c23.6,4.9,70.9,23.5,100.5,35.7c75.8,32.2,133.7,44.5,192.6,49.7\n\tc23.6,2.1,48.7,3.5,103.4-2.5c54.7-6,106.2-25.6,106.2-25.6V0H0v30.3c0,0,72,32.6,158.4,30.5c39.2-0.7,92.8-6.7,134-22.4\n\tc21.2-8.1,52.2-18.2,79.7-24.2C399.3,7.9,411.6,7.5,421.9,6.5z\"\/>\n<\/svg>\t\t<\/div>\n\t\t\t\t\t<div class=\"elementor-container elementor-column-gap-default\">\n\t\t\t\t\t<div class=\"elementor-column elementor-col-100 elementor-top-column elementor-element elementor-element-2859b73\" data-id=\"2859b73\" data-element_type=\"column\" data-e-type=\"column\">\n\t\t\t<div class=\"elementor-widget-wrap elementor-element-populated\">\n\t\t\t\t\t\t<div class=\"elementor-element elementor-element-0f21c7e elementor-invisible elementor-widget elementor-widget-heading\" data-id=\"0f21c7e\" data-element_type=\"widget\" data-e-type=\"widget\" data-settings=\"{&quot;_animation&quot;:&quot;zoomIn&quot;}\" data-widget_type=\"heading.default\">\n\t\t\t\t<div class=\"elementor-widget-container\">\n\t\t\t\t\t<h1 class=\"elementor-heading-title elementor-size-default\">Je vous apporte ma b\u00e9n\u00e9diction<\/h1>\t\t\t\t<\/div>\n\t\t\t\t<\/div>\n\t\t\t\t\t<\/div>\n\t\t<\/div>\n\t\t\t\t\t<\/div>\n\t\t<\/section>\n\t\t\t\t<section class=\"elementor-section elementor-top-section elementor-element elementor-element-c1d1268 elementor-section-boxed elementor-section-height-default elementor-section-height-default\" data-id=\"c1d1268\" data-element_type=\"section\" data-e-type=\"section\">\n\t\t\t\t\t\t\t<div class=\"elementor-background-overlay\"><\/div>\n\t\t\t\t\t\t\t<div class=\"elementor-container elementor-column-gap-default\">\n\t\t\t\t\t<div class=\"elementor-column elementor-col-100 elementor-top-column elementor-element elementor-element-31e1173\" data-id=\"31e1173\" data-element_type=\"column\" data-e-type=\"column\">\n\t\t\t<div class=\"elementor-widget-wrap elementor-element-populated\">\n\t\t\t\t\t\t<div class=\"elementor-element elementor-element-26e1c19 elementor-widget elementor-widget-text-editor\" data-id=\"26e1c19\" data-element_type=\"widget\" data-e-type=\"widget\" data-widget_type=\"text-editor.default\">\n\t\t\t\t<div class=\"elementor-widget-container\">\n\t\t\t\t\t\t\t\t\t<p align=\"CENTER\"><a name=\"_Hlk127825520\"><\/a> <span style=\"font-family: Lucida Handwriting, serif;\"><span style=\"font-size: x-large;\">Je suis l\u00e0 mes enfants aujourd&rsquo;hui, en ce jour b\u00e9ni.<\/span><\/span><\/p><p align=\"CENTER\"><span style=\"font-family: Lucida Handwriting, serif;\"><span style=\"font-size: x-large;\">B\u00e9ni car je vous apporte ma pr\u00e9sence et ma b\u00e9n\u00e9diction.<\/span><\/span><\/p><p align=\"CENTER\"><span style=\"font-family: Lucida Handwriting, serif;\"><span style=\"font-size: x-large;\">Ouvrez votre c\u0153ur, laissez tomber tous les pr\u00e9jug\u00e9s, <\/span><\/span><\/p><p align=\"CENTER\"><span style=\"font-family: Lucida Handwriting, serif;\"><span style=\"font-size: x-large;\">toutes les peurs, tout votre \u00e9go.<\/span><\/span><\/p><p align=\"CENTER\"><span style=\"font-family: Lucida Handwriting, serif;\"><span style=\"font-size: x-large;\">Comme si vous redeveniez tout petits tendres et beaux <\/span><\/span><\/p><p align=\"CENTER\"><span style=\"font-family: Lucida Handwriting, serif;\"><span style=\"font-size: x-large;\">dans votre puret\u00e9, votre vuln\u00e9rabilit\u00e9 et votre c\u0153ur.<\/span><\/span><\/p><p align=\"CENTER\"><span style=\"font-family: Lucida Handwriting, serif;\"><span style=\"font-size: x-large;\">Sentez &#8230; que ressentez-vous ? De la petitesse, de la peur <\/span><\/span><\/p><p align=\"CENTER\"><span style=\"font-family: Lucida Handwriting, serif;\"><span style=\"font-size: x-large;\">ou simplement un moment d&rsquo;intense bonheur ?<\/span><\/span><\/p><p align=\"CENTER\"><span style=\"font-family: Lucida Handwriting, serif;\"><span style=\"font-size: x-large;\">Laissez-vous porter, laisser vous aller, vous \u00eates en s\u00e9curit\u00e9 <\/span><\/span><\/p><p align=\"CENTER\"><span style=\"font-family: Lucida Handwriting, serif;\"><span style=\"font-size: x-large;\">avec moi. Vous pouvez tout l\u00e2cher et redevenir enfant, <\/span><\/span><\/p><p align=\"CENTER\"><span style=\"font-family: Lucida Handwriting, serif;\"><span style=\"font-size: x-large;\">car je suis l\u00e0 pour vous prot\u00e9ger telle une m\u00e8re serrant <\/span><\/span><\/p><p align=\"CENTER\"><span style=\"font-family: Lucida Handwriting, serif;\"><span style=\"font-size: x-large;\">son enfant dans ses bras.<\/span><\/span><\/p><p align=\"CENTER\"><span style=\"font-family: Lucida Handwriting, serif;\"><span style=\"font-size: x-large;\">Un abandon complet qui vous am\u00e8ne un bonheur total.<\/span><\/span><\/p><p align=\"CENTER\"><span style=\"font-family: Lucida Handwriting, serif;\"><span style=\"font-size: x-large;\">Et l\u00e0, vous vous reconnectez \u00e0 votre vous essentiel et aimant, <\/span><\/span><\/p><p align=\"CENTER\"><span style=\"font-family: Lucida Handwriting, serif;\"><span style=\"font-size: x-large;\">pur et beau, sans les intoxications de la terre, <\/span><\/span><\/p><p align=\"CENTER\"><span style=\"font-family: Lucida Handwriting, serif;\"><span style=\"font-size: x-large;\">o\u00f9 sont log\u00e9s des m\u00e9moires lourdes, des peines, <\/span><\/span><\/p><p align=\"CENTER\"><span style=\"font-family: Lucida Handwriting, serif;\"><span style=\"font-size: x-large;\">des souffrances, et des peurs. <\/span><\/span><\/p><p align=\"CENTER\"><span style=\"font-family: Lucida Handwriting, serif;\"><span style=\"font-size: x-large;\">Les peurs sont souvent bien plus pesantes que les faits. <\/span><\/span><\/p><p align=\"CENTER\"><span style=\"font-family: Lucida Handwriting, serif;\"><span style=\"font-size: x-large;\">Et cela pour vous aider \u00e0 vous d\u00e9passer, <\/span><\/span><\/p><p align=\"CENTER\"><span style=\"font-family: Lucida Handwriting, serif;\"><span style=\"font-size: x-large;\">car chaque fois que vous vous d\u00e9passez, vous grandissez.<\/span><\/span><\/p><p align=\"CENTER\"><span style=\"font-family: Lucida Handwriting, serif;\"><span style=\"font-size: x-large;\">Alors vous avez besoin de vivre la peur, les chagrins et <\/span><\/span><\/p><p align=\"CENTER\"><span style=\"font-family: Lucida Handwriting, serif;\"><span style=\"font-size: x-large;\">les souffrances pour vous permettre d&rsquo;avancer. Sinon vous restez<\/span><\/span><\/p><p align=\"CENTER\"><span style=\"font-family: Lucida Handwriting, serif;\"><span style=\"font-size: x-large;\">paresseux et vous stagnez sur place.<\/span><\/span><\/p><p align=\"CENTER\"><span style=\"font-family: Lucida Handwriting, serif;\"><span style=\"font-size: x-large;\">Mais vous rendez vous compte de cela ? Le savez-vous ? <\/span><\/span><\/p><p align=\"CENTER\"><span style=\"font-family: Lucida Handwriting, serif;\"><span style=\"font-size: x-large;\">Si vous le savez, qu\u2019en pensez-vous ? <\/span><\/span><\/p><p align=\"CENTER\"><span style=\"font-family: Lucida Handwriting, serif;\"><span style=\"font-size: x-large;\">Vous sentez-vous assez confiants, motiv\u00e9s et dynamiques <\/span><\/span><\/p><p align=\"CENTER\"><span style=\"font-family: Lucida Handwriting, serif;\"><span style=\"font-size: x-large;\">pour avancer sans avoir besoin de douleurs, <\/span><\/span><\/p><p align=\"CENTER\"><span style=\"font-family: Lucida Handwriting, serif;\"><span style=\"font-size: x-large;\">de chagrins et de peurs ?<\/span><\/span><\/p><p align=\"CENTER\"><span style=\"font-family: Lucida Handwriting, serif;\"><span style=\"font-size: x-large;\">Une fois que vous aurez atteint ce stade de connaissances et de sagesse, vous serez en perp\u00e9tuel avancement dans la joie et la lumi\u00e8re. Car vous n&rsquo;aurez plus besoin des souffrances et des peurs.<\/span><\/span><\/p><p align=\"CENTER\"><span style=\"font-family: Lucida Handwriting, serif;\"><span style=\"font-size: x-large;\">Alors au fur et \u00e0 mesure de votre avancement, vous vous gu\u00e9rissez, car vous comprenez.<\/span><\/span><\/p><p align=\"CENTER\"><span style=\"font-family: Lucida Handwriting, serif;\"><span style=\"font-size: x-large;\">Comprendre est le premier stade. Ensuite il faut accepter, <\/span><\/span><\/p><p align=\"CENTER\"><span style=\"font-family: Lucida Handwriting, serif;\"><span style=\"font-size: x-large;\">puis il faut obtenir suffisamment de lumi\u00e8re pour s&rsquo;\u00e9panouir en elle, pour \u00eatre en symbiose avec elle. <\/span><\/span><\/p><p align=\"CENTER\"><span style=\"font-family: Lucida Handwriting, serif;\"><span style=\"font-size: x-large;\">Avoir une confiance d\u00e9bordante, mais surtout, ce que vous oubliez souvent, avoir cette volont\u00e9 d&rsquo;avancer, de r\u00e9ussir, <\/span><\/span><\/p><p align=\"CENTER\"><span style=\"font-family: Lucida Handwriting, serif;\"><span style=\"font-size: x-large;\">de cocr\u00e9er, de se d\u00e9passer. Car si vous \u00eates l\u00e0 c&rsquo;est pour cela. <\/span><\/span><\/p><p align=\"CENTER\"><span style=\"font-family: Lucida Handwriting, serif;\"><span style=\"font-size: x-large;\">Il y a bien d&rsquo;autres endroits dans l\u2019Univers o\u00f9 se pr\u00e9lasser, <\/span><\/span><\/p><p align=\"CENTER\"><span style=\"font-family: Lucida Handwriting, serif;\"><span style=\"font-size: x-large;\">se reposer et se sentir bien.<\/span><\/span><\/p><p align=\"CENTER\"><span style=\"font-family: Lucida Handwriting, serif;\"><span style=\"font-size: x-large;\">Alors si vous voulez atteindre ce degr\u00e9 de perfection dans votre corps d&rsquo;humain, prenez le temps de vous ressourcer comme un b\u00e9b\u00e9, c&rsquo;est ainsi que le b\u00e9b\u00e9 trouve toute sa force pour grandir.<\/span><\/span><\/p><p align=\"CENTER\"><br \/><br \/><\/p><p align=\"CENTER\"><span style=\"font-family: Lucida Handwriting, serif;\"><span style=\"font-size: x-large;\">Avec tout mon amour, en compagnie de Martine de l&rsquo;Equilibre<\/span><\/span><\/p><p align=\"CENTER\"><span style=\"font-family: Lucida Handwriting, serif;\"><span style=\"font-size: x-large;\">Message du Seigneur notre Dieu<\/span><\/span><\/p><p align=\"CENTER\"><br \/><br \/><\/p><p align=\"CENTER\"><span style=\"font-family: Lucida Handwriting, serif;\"><span style=\"font-size: large;\">Canalis\u00e9 le 16.02.2023<\/span><\/span><\/p>\t\t\t\t\t\t\t\t<\/div>\n\t\t\t\t<\/div>\n\t\t\t\t\t<\/div>\n\t\t<\/div>\n\t\t\t\t\t<\/div>\n\t\t<\/section>\n\t\t\t\t<\/div>\n\t\t","protected":false},"excerpt":{"rendered":"<p>Je vous apporte ma b\u00e9n\u00e9diction Je suis l\u00e0 mes enfants aujourd&rsquo;hui, en ce jour b\u00e9ni. B\u00e9ni car je vous apporte ma pr\u00e9sence et ma b\u00e9n\u00e9diction. Ouvrez votre c\u0153ur, laissez tomber tous les pr\u00e9jug\u00e9s, toutes les peurs, tout votre \u00e9go. Comme si vous redeveniez tout petits tendres et beaux dans votre puret\u00e9, votre vuln\u00e9rabilit\u00e9 et votre [&hellip;]<\/p>\n","protected":false},"author":1,"featured_media":0,"parent":0,"menu_order":8,"comment_status":"closed","ping_status":"closed","template":"","meta":{"footnotes":""},"class_list":["post-1528","page","type-page","status-publish","hentry"],"_links":{"self":[{"href":"https:\/\/meditations.therapeutiques.ch\/index.php\/wp-json\/wp\/v2\/pages\/1528","targetHints":{"allow":["GET"]}}],"collection":[{"href":"https:\/\/meditations.therapeutiques.ch\/index.php\/wp-json\/wp\/v2\/pages"}],"about":[{"href":"https:\/\/meditations.therapeutiques.ch\/index.php\/wp-json\/wp\/v2\/types\/page"}],"author":[{"embeddable":true,"href":"https:\/\/meditations.therapeutiques.ch\/index.php\/wp-json\/wp\/v2\/users\/1"}],"replies":[{"embeddable":true,"href":"https:\/\/meditations.therapeutiques.ch\/index.php\/wp-json\/wp\/v2\/comments?post=1528"}],"version-history":[{"count":4,"href":"https:\/\/meditations.therapeutiques.ch\/index.php\/wp-json\/wp\/v2\/pages\/1528\/revisions"}],"predecessor-version":[{"id":1532,"href":"https:\/\/meditations.therapeutiques.ch\/index.php\/wp-json\/wp\/v2\/pages\/1528\/revisions\/1532"}],"wp:attachment":[{"href":"https:\/\/meditations.therapeutiques.ch\/index.php\/wp-json\/wp\/v2\/media?parent=1528"}],"curies":[{"name":"wp","href":"https:\/\/api.w.org\/{rel}","templated":true}]}}