{"id":1054,"date":"2025-02-11T15:12:06","date_gmt":"2025-02-11T14:12:06","guid":{"rendered":"https:\/\/meditations.therapeutiques.ch\/?page_id=1054"},"modified":"2025-02-12T11:17:44","modified_gmt":"2025-02-12T10:17:44","slug":"michael","status":"publish","type":"page","link":"https:\/\/meditations.therapeutiques.ch\/index.php\/michael\/","title":{"rendered":"Canalisations de l&rsquo;Archange Michael"},"content":{"rendered":"\t\t<div data-elementor-type=\"wp-page\" data-elementor-id=\"1054\" class=\"elementor elementor-1054\">\n\t\t\t\t\t\t<section class=\"elementor-section elementor-top-section elementor-element elementor-element-d6950d8 elementor-section-boxed elementor-section-height-default elementor-section-height-default\" data-id=\"d6950d8\" data-element_type=\"section\" data-e-type=\"section\" data-settings=\"{&quot;background_background&quot;:&quot;classic&quot;,&quot;shape_divider_bottom&quot;:&quot;waves&quot;}\">\n\t\t\t\t\t\t\t<div class=\"elementor-background-overlay\"><\/div>\n\t\t\t\t\t\t<div class=\"elementor-shape elementor-shape-bottom\" aria-hidden=\"true\" data-negative=\"false\">\n\t\t\t<svg xmlns=\"http:\/\/www.w3.org\/2000\/svg\" viewBox=\"0 0 1000 100\" preserveAspectRatio=\"none\">\n\t<path class=\"elementor-shape-fill\" d=\"M421.9,6.5c22.6-2.5,51.5,0.4,75.5,5.3c23.6,4.9,70.9,23.5,100.5,35.7c75.8,32.2,133.7,44.5,192.6,49.7\n\tc23.6,2.1,48.7,3.5,103.4-2.5c54.7-6,106.2-25.6,106.2-25.6V0H0v30.3c0,0,72,32.6,158.4,30.5c39.2-0.7,92.8-6.7,134-22.4\n\tc21.2-8.1,52.2-18.2,79.7-24.2C399.3,7.9,411.6,7.5,421.9,6.5z\"\/>\n<\/svg>\t\t<\/div>\n\t\t\t\t\t<div class=\"elementor-container elementor-column-gap-default\">\n\t\t\t\t\t<div class=\"elementor-column elementor-col-100 elementor-top-column elementor-element elementor-element-2859b73\" data-id=\"2859b73\" data-element_type=\"column\" data-e-type=\"column\">\n\t\t\t<div class=\"elementor-widget-wrap elementor-element-populated\">\n\t\t\t\t\t\t<div class=\"elementor-element elementor-element-0f21c7e elementor-invisible elementor-widget elementor-widget-heading\" data-id=\"0f21c7e\" data-element_type=\"widget\" data-e-type=\"widget\" data-settings=\"{&quot;_animation&quot;:&quot;zoomIn&quot;}\" data-widget_type=\"heading.default\">\n\t\t\t\t<div class=\"elementor-widget-container\">\n\t\t\t\t\t<h1 class=\"elementor-heading-title elementor-size-default\">Pr\u00e9sentation de l'Archange Michael<\/h1>\t\t\t\t<\/div>\n\t\t\t\t<\/div>\n\t\t\t\t\t<\/div>\n\t\t<\/div>\n\t\t\t\t\t<\/div>\n\t\t<\/section>\n\t\t\t\t<section class=\"elementor-section elementor-top-section elementor-element elementor-element-c1d1268 elementor-section-boxed elementor-section-height-default elementor-section-height-default\" data-id=\"c1d1268\" data-element_type=\"section\" data-e-type=\"section\">\n\t\t\t\t\t\t\t<div class=\"elementor-background-overlay\"><\/div>\n\t\t\t\t\t\t\t<div class=\"elementor-container elementor-column-gap-default\">\n\t\t\t\t\t<div class=\"elementor-column elementor-col-100 elementor-top-column elementor-element elementor-element-31e1173\" data-id=\"31e1173\" data-element_type=\"column\" data-e-type=\"column\">\n\t\t\t<div class=\"elementor-widget-wrap elementor-element-populated\">\n\t\t\t\t\t\t<div class=\"elementor-element elementor-element-26e1c19 elementor-widget elementor-widget-text-editor\" data-id=\"26e1c19\" data-element_type=\"widget\" data-e-type=\"widget\" data-widget_type=\"text-editor.default\">\n\t\t\t\t<div class=\"elementor-widget-container\">\n\t\t\t\t\t\t\t\t\t<p>Bonjour, je suis l\u2019Archange Micha\u00ebl et vous souhaite la bienvenue sur ce site. Je suis un des plus anciens Archanges. J\u2019aide \u00e0 la protection du Royaume des Cieux, du Royaume de Dieu. Je suis le gardien du bien, le gardien de l\u2019amour et de la lumi\u00e8re.<br \/><br \/>Vous pouvez faire appel \u00e0 moi quand vous avez besoin de protection en vous, autour de vous. Que ce soit des attaques psychologiques, \u00e9motionnelles, verbales, physiques, dans votre corps physique, ou tous les autres corps, intemporellement, interdimensionnellement, je suis l\u00e0 pour vous prot\u00e9ger du mal quand vous en avez besoin.<br \/><br \/>Par mon \u00c9p\u00e9e, je repousse tout mal, toute n\u00e9gativit\u00e9, toute attaque, qui pourrait aller vers vous. Vous pouvez imaginer faire un grand d\u00f4me ou un manteau de lumi\u00e8re au dessus de vous, rouge ou violet. Et demandez-moi protection \u00e0 l\u2019int\u00e9rieur de ce d\u00f4me, que rien de mal ne puisse y entrer, mais que toute n\u00e9gativit\u00e9 ou \u00eatre superflu, n\u00e9faste, puisse en sortir.<br \/><br \/>Je suis \u00e9galement gardien de tout votre Univers, de toute votre Galaxie. Je suis le chef de l\u2019arm\u00e9e Ang\u00e9lique. Des anges sous mes ordres, s\u2019entra\u00eenent, se battent, dans l\u2019id\u00e9e de se d\u00e9fendre, avec amour, afin de compl\u00e9ter les milices du Ciel, de l\u2019Univers, des Multivers.<br \/><br \/>Je peux \u00e9galement vous prot\u00e9ger de vous-m\u00eame, de vos propres pens\u00e9es n\u00e9gatives, qui peuvent vous amener \u00e0 des d\u00e9pressions, des angoisses, des insomnies.<br \/><br \/>Nous pouvons donc ensemble construire une bulle protectrice \u00e0 l\u2019int\u00e9rieur de vous-m\u00eame, dans votre esprit, pour autant que Dieu le veuille bien, que ce soit en accord avec ce qui est pr\u00e9vu pour vous, dans cette vie de dualit\u00e9, que vous vivez actuellement sur la Terre.<br \/><br \/>Je contribue au maintient de la paix dans le monde, pour ceux qui m\u2019\u00e9coutent et sont avec moi, avec Dieu, avec nous tous, du Royaume Ang\u00e9lique.<br \/><br \/>JE SUIS LE GARDIEN DE LA PAIX<br \/><br \/><\/p><p><img decoding=\"async\" src=\"https:\/\/massages.therapeutiques.ch\/images\/paix.png\" alt=\"paix.png\" \/><br \/><br \/><\/p><p>Je contribue aussi au d\u00e9veloppement de votre nouvelle Terre, en v\u00e9rifiant qu\u2019il n\u2019y aie rien de dangereux, qu\u2019il n\u2019y aie pas de faille qui permettrait \u00e0 certains esprits mal intentionn\u00e9s de s\u2019engouffrer. Je v\u00e9rifie \u00e0 chaque avanc\u00e9es, \u00e0 chaque nouvelles constructions, \u00e0 chaque amen\u00e9e de nouvelles lumi\u00e8res, que tout soit s\u00e9curis\u00e9 pour le bien-\u00eatre de tous et chacun. Je cherche \u00e9galement toujours des id\u00e9es nouvelles, et propose des fa\u00e7ons de faire plus s\u00e9curis\u00e9es, aux ing\u00e9nieurs du ciel.<br \/><br \/>Je vous apprends \u00e0 bloquer les coups avec amour, sans riposter avec haine et col\u00e8re, afin que vous ne soyez pas bless\u00e9, que vous puissiez garder votre dignit\u00e9, tout en repoussant l\u2019ennemi en vous faisant respecter.<br \/><br \/>Je vous aide \u00e9galement \u00e0 trouver la nourriture spirituelle dont vous avez besoin, en compagnie de l\u2019Archange Uriel, qui s\u2019 en occupe tr\u00e8s bien lui-m\u00eame.<br \/><br \/>Je peux vous aider \u00e0 rester sur le bon chemin, \u00e0 \u00e9viter les emb\u00fbches, en ne prenant pas des sentiers trop sinueux et trop dangereux.<br \/><br \/>Vous pouvez faire appel \u00e0 moi pour vos soins \u00e9nerg\u00e9tiques que vous pratiquer sur autrui, ou pour vous-m\u00eame. Je me ferai un plaisir de vous aider. N\u2019h\u00e9sitez pas \u00e0 faire appel \u00e0 moi.<br \/><br \/>Je vous adresse mes meilleures intentions pour vous, mes meilleures pens\u00e9es, et vous envoie toute ma lumi\u00e8re.<br \/><br \/>Archange Micha\u00ebl<br \/><br \/><\/p><h6>Canalis\u00e9 par Martine Bagini, le 31.07.2018<\/h6>\t\t\t\t\t\t\t\t<\/div>\n\t\t\t\t<\/div>\n\t\t\t\t\t<\/div>\n\t\t<\/div>\n\t\t\t\t\t<\/div>\n\t\t<\/section>\n\t\t\t\t<\/div>\n\t\t","protected":false},"excerpt":{"rendered":"<p>Pr\u00e9sentation de l&rsquo;Archange Michael Bonjour, je suis l\u2019Archange Micha\u00ebl et vous souhaite la bienvenue sur ce site. Je suis un des plus anciens Archanges. J\u2019aide \u00e0 la protection du Royaume des Cieux, du Royaume de Dieu. Je suis le gardien du bien, le gardien de l\u2019amour et de la lumi\u00e8re. Vous pouvez faire appel \u00e0 [&hellip;]<\/p>\n","protected":false},"author":1,"featured_media":0,"parent":0,"menu_order":8,"comment_status":"closed","ping_status":"closed","template":"","meta":{"footnotes":""},"class_list":["post-1054","page","type-page","status-publish","hentry"],"_links":{"self":[{"href":"https:\/\/meditations.therapeutiques.ch\/index.php\/wp-json\/wp\/v2\/pages\/1054","targetHints":{"allow":["GET"]}}],"collection":[{"href":"https:\/\/meditations.therapeutiques.ch\/index.php\/wp-json\/wp\/v2\/pages"}],"about":[{"href":"https:\/\/meditations.therapeutiques.ch\/index.php\/wp-json\/wp\/v2\/types\/page"}],"author":[{"embeddable":true,"href":"https:\/\/meditations.therapeutiques.ch\/index.php\/wp-json\/wp\/v2\/users\/1"}],"replies":[{"embeddable":true,"href":"https:\/\/meditations.therapeutiques.ch\/index.php\/wp-json\/wp\/v2\/comments?post=1054"}],"version-history":[{"count":7,"href":"https:\/\/meditations.therapeutiques.ch\/index.php\/wp-json\/wp\/v2\/pages\/1054\/revisions"}],"predecessor-version":[{"id":1193,"href":"https:\/\/meditations.therapeutiques.ch\/index.php\/wp-json\/wp\/v2\/pages\/1054\/revisions\/1193"}],"wp:attachment":[{"href":"https:\/\/meditations.therapeutiques.ch\/index.php\/wp-json\/wp\/v2\/media?parent=1054"}],"curies":[{"name":"wp","href":"https:\/\/api.w.org\/{rel}","templated":true}]}}