{"id":1046,"date":"2025-02-11T15:06:13","date_gmt":"2025-02-11T14:06:13","guid":{"rendered":"https:\/\/meditations.therapeutiques.ch\/?page_id=1046"},"modified":"2025-02-12T11:18:37","modified_gmt":"2025-02-12T10:18:37","slug":"raziel","status":"publish","type":"page","link":"https:\/\/meditations.therapeutiques.ch\/index.php\/raziel\/","title":{"rendered":"Canalisations de l&rsquo;Archange Raziel"},"content":{"rendered":"\t\t<div data-elementor-type=\"wp-page\" data-elementor-id=\"1046\" class=\"elementor elementor-1046\">\n\t\t\t\t\t\t<section class=\"elementor-section elementor-top-section elementor-element elementor-element-d6950d8 elementor-section-boxed elementor-section-height-default elementor-section-height-default\" data-id=\"d6950d8\" data-element_type=\"section\" data-e-type=\"section\" data-settings=\"{&quot;background_background&quot;:&quot;classic&quot;,&quot;shape_divider_bottom&quot;:&quot;waves&quot;}\">\n\t\t\t\t\t\t\t<div class=\"elementor-background-overlay\"><\/div>\n\t\t\t\t\t\t<div class=\"elementor-shape elementor-shape-bottom\" aria-hidden=\"true\" data-negative=\"false\">\n\t\t\t<svg xmlns=\"http:\/\/www.w3.org\/2000\/svg\" viewBox=\"0 0 1000 100\" preserveAspectRatio=\"none\">\n\t<path class=\"elementor-shape-fill\" d=\"M421.9,6.5c22.6-2.5,51.5,0.4,75.5,5.3c23.6,4.9,70.9,23.5,100.5,35.7c75.8,32.2,133.7,44.5,192.6,49.7\n\tc23.6,2.1,48.7,3.5,103.4-2.5c54.7-6,106.2-25.6,106.2-25.6V0H0v30.3c0,0,72,32.6,158.4,30.5c39.2-0.7,92.8-6.7,134-22.4\n\tc21.2-8.1,52.2-18.2,79.7-24.2C399.3,7.9,411.6,7.5,421.9,6.5z\"\/>\n<\/svg>\t\t<\/div>\n\t\t\t\t\t<div class=\"elementor-container elementor-column-gap-default\">\n\t\t\t\t\t<div class=\"elementor-column elementor-col-100 elementor-top-column elementor-element elementor-element-2859b73\" data-id=\"2859b73\" data-element_type=\"column\" data-e-type=\"column\">\n\t\t\t<div class=\"elementor-widget-wrap elementor-element-populated\">\n\t\t\t\t\t\t<div class=\"elementor-element elementor-element-0f21c7e elementor-invisible elementor-widget elementor-widget-heading\" data-id=\"0f21c7e\" data-element_type=\"widget\" data-e-type=\"widget\" data-settings=\"{&quot;_animation&quot;:&quot;zoomIn&quot;}\" data-widget_type=\"heading.default\">\n\t\t\t\t<div class=\"elementor-widget-container\">\n\t\t\t\t\t<h1 class=\"elementor-heading-title elementor-size-default\">Pr\u00e9sentation de l'Archange Raziel<\/h1>\t\t\t\t<\/div>\n\t\t\t\t<\/div>\n\t\t\t\t\t<\/div>\n\t\t<\/div>\n\t\t\t\t\t<\/div>\n\t\t<\/section>\n\t\t\t\t<section class=\"elementor-section elementor-top-section elementor-element elementor-element-c1d1268 elementor-section-boxed elementor-section-height-default elementor-section-height-default\" data-id=\"c1d1268\" data-element_type=\"section\" data-e-type=\"section\">\n\t\t\t\t\t\t\t<div class=\"elementor-background-overlay\"><\/div>\n\t\t\t\t\t\t\t<div class=\"elementor-container elementor-column-gap-default\">\n\t\t\t\t\t<div class=\"elementor-column elementor-col-100 elementor-top-column elementor-element elementor-element-31e1173\" data-id=\"31e1173\" data-element_type=\"column\" data-e-type=\"column\">\n\t\t\t<div class=\"elementor-widget-wrap elementor-element-populated\">\n\t\t\t\t\t\t<div class=\"elementor-element elementor-element-26e1c19 elementor-widget elementor-widget-text-editor\" data-id=\"26e1c19\" data-element_type=\"widget\" data-e-type=\"widget\" data-widget_type=\"text-editor.default\">\n\t\t\t\t<div class=\"elementor-widget-container\">\n\t\t\t\t\t\t\t\t\t<p>Bonjour \u00e0 tous, je suis Raziel, Ange de la mort, Ange de l\u2019au-del\u00e0, Ange de l\u2019invisible, de l\u2019intouchable.<br \/><br \/>Je vous aide a voir tout ce qui est cach\u00e9. Tout ce qui est cach\u00e9 ou bloqu\u00e9 derri\u00e8re les voiles que vous avez pu construire, volontairement ou non, suite \u00e0 des souffrances que vous avez v\u00e9cu. Ces voiles vous prot\u00e8gent, vous aident \u00e0 aller mieux, car par ignorance, innocence, vous vivez heureux. Du moins c\u2019 est ce que vous croyez.<br \/><br \/>Cela est en partie vrai. Cela fonctionne pour un certain temps. Mais un jour ou l\u2019autre, quelqu\u2019un vous touche par ses paroles ou actes, et vous fait prendre conscience que vous avez des lacunes, des voiles, des blocages. Et \u00e0 ce moment l\u00e0, vous ne pouvez plus \u00eatre heureux tant que ce voile n\u2019est pas lib\u00e9r\u00e9. Vous devez alors affronter vos pires peurs, vos pires cauchemars, car derri\u00e8re ce voile, se trouvent vos tristesses, vos craintes, vos angoisses, vos paniques, vos souffrances.<br \/><br \/>Ces voiles peuvent s\u2019\u00eatre form\u00e9 dans votre monde physique au cours de votre existence terrestre, ou ils peuvent venir de l\u2019au-del\u00e0, ils peuvent avoir travers\u00e9 le temps et l\u2019espace, et dans ces cas ils sont tr\u00e8s prenants, tr\u00e8s forts, tr\u00e8s \u00e9pais.<br \/><br \/>Plus les voiles sont \u00e9pais et anciens, plus ils sont difficiles \u00e0 voir, \u00e0 d\u00e9tecter, \u00e0 comprendre et \u00e9liminer, et plus beau sera le r\u00e9sultat.<br \/><br \/>Je peux vous accompagner pour voir et enlever vos voiles, et aussi pour vous guider dans l\u2019obscurit\u00e9, dans la nuit, partout ou vous ne voyez rien, partout ou vous \u00eates perdus, apeur\u00e9s. Je vous aide \u00e0 trouver la lumi\u00e8re, \u00e0 revenir vers la lumi\u00e8re, d\u2019o\u00f9 vous venez, o\u00f9 vous retournerez, car vous \u00eates n\u00e9s dans la lumi\u00e8re, dans l\u2019amour, et vous retournerez vers la lumi\u00e8re, vers l\u2019amour, car vous \u00eates cr\u00e9ation, cr\u00e9ation de Dieu, et telle est sa volont\u00e9.<br \/><br \/>Le parcours est long, diff\u00e9rent, unique, pour chacun d\u2019entre vous, et la notion du temps ne peut y \u00eatre r\u00e9pertori\u00e9e ou compt\u00e9e, car le temps est diff\u00e9rent pour chacun d\u2019entre vous. Vous pouvez vivre une m\u00eame chose, et le temps sera pas le m\u00eame pour vous. Car le temps se d\u00e9termine selon votre plaisir, selon les difficult\u00e9s que vous rencontrez, selon vos \u00e9motions, selon vos capacit\u00e9s \u00e0 r\u00e9agir, \u00e0 profiter, \u00e0 aimer.<br \/><br \/>Je peux vous aider donc \u00e0 retrouver vos m\u00e9moires de vies pass\u00e9es, de vies parall\u00e8les, de missions et contrats que votre \u00e2me a pu faire, afin de vous aider \u00e0 avancer vers la lumi\u00e8re, et enlever vos voiles qui vous emp\u00eachent de voir clairement les choses.<br \/><br \/>Je suis le jocker, dans votre vie sur Terre, qui vous permet de poser des questions, d\u2019obtenir des r\u00e9ponses, pour que vous puissiez gagner la partie, que vous retourniez vainqueur vers la lumi\u00e8re, avec vos missions comprises et effectu\u00e9es, afin que vous soyez dans la joie et le bonheur, quand vous nous rejoindrez dans les Cieux.<br \/><br \/>Je vous \u00e9claire, je vous aime, je vous suis<br \/><br \/><br \/>votre serviteur, Raziel<br \/><br \/><\/p><h6>Canalis\u00e9 par Martine Bagaini, le 07.12.2018<\/h6><p>\u00a0<\/p>\t\t\t\t\t\t\t\t<\/div>\n\t\t\t\t<\/div>\n\t\t\t\t\t<\/div>\n\t\t<\/div>\n\t\t\t\t\t<\/div>\n\t\t<\/section>\n\t\t\t\t<\/div>\n\t\t","protected":false},"excerpt":{"rendered":"<p>Pr\u00e9sentation de l&rsquo;Archange Raziel Bonjour \u00e0 tous, je suis Raziel, Ange de la mort, Ange de l\u2019au-del\u00e0, Ange de l\u2019invisible, de l\u2019intouchable. Je vous aide a voir tout ce qui est cach\u00e9. Tout ce qui est cach\u00e9 ou bloqu\u00e9 derri\u00e8re les voiles que vous avez pu construire, volontairement ou non, suite \u00e0 des souffrances que [&hellip;]<\/p>\n","protected":false},"author":1,"featured_media":0,"parent":0,"menu_order":8,"comment_status":"closed","ping_status":"closed","template":"","meta":{"footnotes":""},"class_list":["post-1046","page","type-page","status-publish","hentry"],"_links":{"self":[{"href":"https:\/\/meditations.therapeutiques.ch\/index.php\/wp-json\/wp\/v2\/pages\/1046","targetHints":{"allow":["GET"]}}],"collection":[{"href":"https:\/\/meditations.therapeutiques.ch\/index.php\/wp-json\/wp\/v2\/pages"}],"about":[{"href":"https:\/\/meditations.therapeutiques.ch\/index.php\/wp-json\/wp\/v2\/types\/page"}],"author":[{"embeddable":true,"href":"https:\/\/meditations.therapeutiques.ch\/index.php\/wp-json\/wp\/v2\/users\/1"}],"replies":[{"embeddable":true,"href":"https:\/\/meditations.therapeutiques.ch\/index.php\/wp-json\/wp\/v2\/comments?post=1046"}],"version-history":[{"count":7,"href":"https:\/\/meditations.therapeutiques.ch\/index.php\/wp-json\/wp\/v2\/pages\/1046\/revisions"}],"predecessor-version":[{"id":1199,"href":"https:\/\/meditations.therapeutiques.ch\/index.php\/wp-json\/wp\/v2\/pages\/1046\/revisions\/1199"}],"wp:attachment":[{"href":"https:\/\/meditations.therapeutiques.ch\/index.php\/wp-json\/wp\/v2\/media?parent=1046"}],"curies":[{"name":"wp","href":"https:\/\/api.w.org\/{rel}","templated":true}]}}