{"id":1038,"date":"2025-02-11T15:03:59","date_gmt":"2025-02-11T14:03:59","guid":{"rendered":"https:\/\/meditations.therapeutiques.ch\/?page_id=1038"},"modified":"2025-02-12T11:18:14","modified_gmt":"2025-02-12T10:18:14","slug":"raphael","status":"publish","type":"page","link":"https:\/\/meditations.therapeutiques.ch\/index.php\/raphael\/","title":{"rendered":"Canalisations de l&rsquo;Archange Raphael"},"content":{"rendered":"\t\t<div data-elementor-type=\"wp-page\" data-elementor-id=\"1038\" class=\"elementor elementor-1038\">\n\t\t\t\t\t\t<section class=\"elementor-section elementor-top-section elementor-element elementor-element-d6950d8 elementor-section-boxed elementor-section-height-default elementor-section-height-default\" data-id=\"d6950d8\" data-element_type=\"section\" data-e-type=\"section\" data-settings=\"{&quot;background_background&quot;:&quot;classic&quot;,&quot;shape_divider_bottom&quot;:&quot;waves&quot;}\">\n\t\t\t\t\t\t\t<div class=\"elementor-background-overlay\"><\/div>\n\t\t\t\t\t\t<div class=\"elementor-shape elementor-shape-bottom\" aria-hidden=\"true\" data-negative=\"false\">\n\t\t\t<svg xmlns=\"http:\/\/www.w3.org\/2000\/svg\" viewBox=\"0 0 1000 100\" preserveAspectRatio=\"none\">\n\t<path class=\"elementor-shape-fill\" d=\"M421.9,6.5c22.6-2.5,51.5,0.4,75.5,5.3c23.6,4.9,70.9,23.5,100.5,35.7c75.8,32.2,133.7,44.5,192.6,49.7\n\tc23.6,2.1,48.7,3.5,103.4-2.5c54.7-6,106.2-25.6,106.2-25.6V0H0v30.3c0,0,72,32.6,158.4,30.5c39.2-0.7,92.8-6.7,134-22.4\n\tc21.2-8.1,52.2-18.2,79.7-24.2C399.3,7.9,411.6,7.5,421.9,6.5z\"\/>\n<\/svg>\t\t<\/div>\n\t\t\t\t\t<div class=\"elementor-container elementor-column-gap-default\">\n\t\t\t\t\t<div class=\"elementor-column elementor-col-100 elementor-top-column elementor-element elementor-element-2859b73\" data-id=\"2859b73\" data-element_type=\"column\" data-e-type=\"column\">\n\t\t\t<div class=\"elementor-widget-wrap elementor-element-populated\">\n\t\t\t\t\t\t<div class=\"elementor-element elementor-element-0f21c7e elementor-invisible elementor-widget elementor-widget-heading\" data-id=\"0f21c7e\" data-element_type=\"widget\" data-e-type=\"widget\" data-settings=\"{&quot;_animation&quot;:&quot;zoomIn&quot;}\" data-widget_type=\"heading.default\">\n\t\t\t\t<div class=\"elementor-widget-container\">\n\t\t\t\t\t<h1 class=\"elementor-heading-title elementor-size-default\">Pr\u00e9sentation de l'Archange Raphael<\/h1>\t\t\t\t<\/div>\n\t\t\t\t<\/div>\n\t\t\t\t\t<\/div>\n\t\t<\/div>\n\t\t\t\t\t<\/div>\n\t\t<\/section>\n\t\t\t\t<section class=\"elementor-section elementor-top-section elementor-element elementor-element-c1d1268 elementor-section-boxed elementor-section-height-default elementor-section-height-default\" data-id=\"c1d1268\" data-element_type=\"section\" data-e-type=\"section\">\n\t\t\t\t\t\t\t<div class=\"elementor-background-overlay\"><\/div>\n\t\t\t\t\t\t\t<div class=\"elementor-container elementor-column-gap-default\">\n\t\t\t\t\t<div class=\"elementor-column elementor-col-100 elementor-top-column elementor-element elementor-element-31e1173\" data-id=\"31e1173\" data-element_type=\"column\" data-e-type=\"column\">\n\t\t\t<div class=\"elementor-widget-wrap elementor-element-populated\">\n\t\t\t\t\t\t<div class=\"elementor-element elementor-element-26e1c19 elementor-widget elementor-widget-text-editor\" data-id=\"26e1c19\" data-element_type=\"widget\" data-e-type=\"widget\" data-widget_type=\"text-editor.default\">\n\t\t\t\t<div class=\"elementor-widget-container\">\n\t\t\t\t\t\t\t\t\t<p>Je suis Raphael, ange de la mort lorsque l&rsquo;on ne peut plus rien y faire et que l&rsquo;humain passe \u00e0 tr\u00e9pas, je l&rsquo;accompagne les premiers instants apr\u00e8s sa mort physique.<br \/><br \/>Mais avant tout, je suis l&rsquo;ange de la gu\u00e9rison, celui qui accompagne, guide, gu\u00e9rit. Je suis l\u00e0 pour aider chacun qui me le demande, pour aider chacun qui en a besoin.<br \/><br \/>J&rsquo;aide selon les capacit\u00e9s de chacun, \u00e0 comprendre, selon les croyances de chacun, et mon aide est chaque fois diff\u00e9rente.<br \/><br \/>En effet, on aide pas une ch\u00e8vre \u00e0 se relever de la m\u00eame fa\u00e7on qu&rsquo;une mouche, une souris, ou un \u00e9l\u00e9phant.<br \/><br \/>Chacun a des capacit\u00e9s qui lui sont propres. Chacun a ses limites, diff\u00e9rentes, dont il faut tenir compte.<br \/><br \/>Comprenez-vous cela ?<br \/><br \/>C&rsquo;est la base de la gu\u00e9rison. Comprendre que chaque personne fonctionne diff\u00e9remment et que chacun doit \u00eatre gu\u00e9ri d&rsquo;une fa\u00e7on sp\u00e9cifique qui lui est propre.<br \/><br \/>Le contenu d&rsquo;\u00e9nergie que j&rsquo;envoie, les intentions, sont sp\u00e9cifiques pour chacun. Et chaque individu a ses capacit\u00e9s de r\u00e9ception et d&rsquo;assimilation de l&rsquo;\u00e9nergie qui lui sont propres.<br \/><br \/>La gu\u00e9rison est une \u00e9tape importante dans la vie de chacun. Tout le monde a besoin chaque jour de gu\u00e9rir quelque chose, que ce soit spirituel, \u00e9nerg\u00e9tique, divin, physique ou \u00e9motionnel, il y a toujours quelque chose \u00e0 comprendre, \u00e0 soigner.<br \/><br \/>Chacun en fonction de son but, ses buts, va avoir diff\u00e9rentes blessures \u00e0 gu\u00e9rir. On peut affiner, jusqu&rsquo;\u00e0 obtenir perfection dans les moindres d\u00e9tails. Soyez confiants, si vous croyez que tout est possible, vous allez soulever des montagnes.<br \/><br \/>A bientot, dans mes canalisations et m\u00e9ditations de gu\u00e9rison.<br \/><br \/>Raphael,<br \/><br \/>votre ami et serviteur, \u00e0 votre service pour l&rsquo;Eternit\u00e9, une Eternit\u00e9 compos\u00e9e d&rsquo;amour et de lumi\u00e8re.<br \/><br \/>Soyez-en assur\u00e9s et ravis, reconnaissants et heureux, dans l&rsquo;Eternit\u00e9 de solutions, dans l&rsquo;Eternit\u00e9 de probl\u00e8mes que vous cr\u00e9ez, vous-m\u00eame ou \u00e0 deux.<br \/><br \/>Vous-m\u00eame pr\u00e9sents, innombrables, innommables, dans cet infini de possibilit\u00e9s, dans cet oc\u00e9an de probabilit\u00e9s, dans ces nombreux champs de batailles que vous cr\u00e9ez, tous, selon vos besoins et envies.<br \/><br \/>Je suis avec vous pour la vie, pour l&rsquo;Eternit\u00e9.<br \/><br \/>Amen, soyez b\u00e9ni pour le moment pr\u00e9sent et pour l&rsquo;Eternit\u00e9 qui vous appartient.<br \/><br \/><\/p><h6>Canalis\u00e9 par Martine Stadler, le 01.10.2019<\/h6><p>\u00a0<\/p>\t\t\t\t\t\t\t\t<\/div>\n\t\t\t\t<\/div>\n\t\t\t\t\t<\/div>\n\t\t<\/div>\n\t\t\t\t\t<\/div>\n\t\t<\/section>\n\t\t\t\t<\/div>\n\t\t","protected":false},"excerpt":{"rendered":"<p>Pr\u00e9sentation de l&rsquo;Archange Raphael Je suis Raphael, ange de la mort lorsque l&rsquo;on ne peut plus rien y faire et que l&rsquo;humain passe \u00e0 tr\u00e9pas, je l&rsquo;accompagne les premiers instants apr\u00e8s sa mort physique. Mais avant tout, je suis l&rsquo;ange de la gu\u00e9rison, celui qui accompagne, guide, gu\u00e9rit. Je suis l\u00e0 pour aider chacun qui [&hellip;]<\/p>\n","protected":false},"author":1,"featured_media":0,"parent":0,"menu_order":8,"comment_status":"closed","ping_status":"closed","template":"","meta":{"footnotes":""},"class_list":["post-1038","page","type-page","status-publish","hentry"],"_links":{"self":[{"href":"https:\/\/meditations.therapeutiques.ch\/index.php\/wp-json\/wp\/v2\/pages\/1038","targetHints":{"allow":["GET"]}}],"collection":[{"href":"https:\/\/meditations.therapeutiques.ch\/index.php\/wp-json\/wp\/v2\/pages"}],"about":[{"href":"https:\/\/meditations.therapeutiques.ch\/index.php\/wp-json\/wp\/v2\/types\/page"}],"author":[{"embeddable":true,"href":"https:\/\/meditations.therapeutiques.ch\/index.php\/wp-json\/wp\/v2\/users\/1"}],"replies":[{"embeddable":true,"href":"https:\/\/meditations.therapeutiques.ch\/index.php\/wp-json\/wp\/v2\/comments?post=1038"}],"version-history":[{"count":9,"href":"https:\/\/meditations.therapeutiques.ch\/index.php\/wp-json\/wp\/v2\/pages\/1038\/revisions"}],"predecessor-version":[{"id":1196,"href":"https:\/\/meditations.therapeutiques.ch\/index.php\/wp-json\/wp\/v2\/pages\/1038\/revisions\/1196"}],"wp:attachment":[{"href":"https:\/\/meditations.therapeutiques.ch\/index.php\/wp-json\/wp\/v2\/media?parent=1038"}],"curies":[{"name":"wp","href":"https:\/\/api.w.org\/{rel}","templated":true}]}}