{"id":1033,"date":"2025-02-11T14:01:14","date_gmt":"2025-02-11T13:01:14","guid":{"rendered":"https:\/\/meditations.therapeutiques.ch\/?page_id=1033"},"modified":"2025-02-12T11:16:47","modified_gmt":"2025-02-12T10:16:47","slug":"jophiel","status":"publish","type":"page","link":"https:\/\/meditations.therapeutiques.ch\/index.php\/jophiel\/","title":{"rendered":"Canalisations de l&rsquo;Archange Jophiel"},"content":{"rendered":"\t\t<div data-elementor-type=\"wp-page\" data-elementor-id=\"1033\" class=\"elementor elementor-1033\">\n\t\t\t\t\t\t<section class=\"elementor-section elementor-top-section elementor-element elementor-element-d6950d8 elementor-section-boxed elementor-section-height-default elementor-section-height-default\" data-id=\"d6950d8\" data-element_type=\"section\" data-e-type=\"section\" data-settings=\"{&quot;background_background&quot;:&quot;classic&quot;,&quot;shape_divider_bottom&quot;:&quot;waves&quot;}\">\n\t\t\t\t\t\t\t<div class=\"elementor-background-overlay\"><\/div>\n\t\t\t\t\t\t<div class=\"elementor-shape elementor-shape-bottom\" aria-hidden=\"true\" data-negative=\"false\">\n\t\t\t<svg xmlns=\"http:\/\/www.w3.org\/2000\/svg\" viewBox=\"0 0 1000 100\" preserveAspectRatio=\"none\">\n\t<path class=\"elementor-shape-fill\" d=\"M421.9,6.5c22.6-2.5,51.5,0.4,75.5,5.3c23.6,4.9,70.9,23.5,100.5,35.7c75.8,32.2,133.7,44.5,192.6,49.7\n\tc23.6,2.1,48.7,3.5,103.4-2.5c54.7-6,106.2-25.6,106.2-25.6V0H0v30.3c0,0,72,32.6,158.4,30.5c39.2-0.7,92.8-6.7,134-22.4\n\tc21.2-8.1,52.2-18.2,79.7-24.2C399.3,7.9,411.6,7.5,421.9,6.5z\"\/>\n<\/svg>\t\t<\/div>\n\t\t\t\t\t<div class=\"elementor-container elementor-column-gap-default\">\n\t\t\t\t\t<div class=\"elementor-column elementor-col-100 elementor-top-column elementor-element elementor-element-2859b73\" data-id=\"2859b73\" data-element_type=\"column\" data-e-type=\"column\">\n\t\t\t<div class=\"elementor-widget-wrap elementor-element-populated\">\n\t\t\t\t\t\t<div class=\"elementor-element elementor-element-0f21c7e elementor-invisible elementor-widget elementor-widget-heading\" data-id=\"0f21c7e\" data-element_type=\"widget\" data-e-type=\"widget\" data-settings=\"{&quot;_animation&quot;:&quot;zoomIn&quot;}\" data-widget_type=\"heading.default\">\n\t\t\t\t<div class=\"elementor-widget-container\">\n\t\t\t\t\t<h1 class=\"elementor-heading-title elementor-size-default\">Pr\u00e9sentation de l'Archange Jophiel<\/h1>\t\t\t\t<\/div>\n\t\t\t\t<\/div>\n\t\t\t\t\t<\/div>\n\t\t<\/div>\n\t\t\t\t\t<\/div>\n\t\t<\/section>\n\t\t\t\t<section class=\"elementor-section elementor-top-section elementor-element elementor-element-c1d1268 elementor-section-boxed elementor-section-height-default elementor-section-height-default\" data-id=\"c1d1268\" data-element_type=\"section\" data-e-type=\"section\">\n\t\t\t\t\t\t\t<div class=\"elementor-background-overlay\"><\/div>\n\t\t\t\t\t\t\t<div class=\"elementor-container elementor-column-gap-default\">\n\t\t\t\t\t<div class=\"elementor-column elementor-col-100 elementor-top-column elementor-element elementor-element-31e1173\" data-id=\"31e1173\" data-element_type=\"column\" data-e-type=\"column\">\n\t\t\t<div class=\"elementor-widget-wrap elementor-element-populated\">\n\t\t\t\t\t\t<div class=\"elementor-element elementor-element-26e1c19 elementor-widget elementor-widget-text-editor\" data-id=\"26e1c19\" data-element_type=\"widget\" data-e-type=\"widget\" data-widget_type=\"text-editor.default\">\n\t\t\t\t<div class=\"elementor-widget-container\">\n\t\t\t\t\t\t\t\t\t<p>Je suis l\u2019ange de la beaut\u00e9, la beaut\u00e9 de la lumi\u00e8re. La beaut\u00e9 int\u00e9rieure. La beaut\u00e9 que chacun a \u00e0 l\u2019int\u00e9rieur de son \u00c2me, de son c\u0153ur. Je suis lumi\u00e8re \u00e9tincelante, plut\u00f4t jaune orange mais si lumineux que vous pourriez ne pas me voir par trop d\u2019\u00e9blouissement.<br \/><br \/>Seuls les \u00eatres tr\u00e8s lumineux peuvent me voir et entrer en contact avec moi, mais chacun peut profiter de ma pr\u00e9sence, car je vois chacun d\u2019entre vous, et je peux aider chacun d\u2019entre vous. Je suis heureux d\u2019\u00eatre avec vous ce soir, en votre pr\u00e9sence, en cet instant de gloire et de beaut\u00e9 en le premier jour de l\u2019an qui repr\u00e9sente un commencement de joie et d\u2019amour.<br \/><br \/>Comme chacun le souhaite aujourd\u2019hui \u00e0 tous les \u00eatres chers\u00a0: Amour, Sant\u00e9, Joie et Bonheur. Voil\u00e0 tout ce que je peux vous apporter tout au long de l\u2019ann\u00e9e en cours. Je peux vous faire voir toutes les choses, tous les \u00catres, de fa\u00e7on magnifique. Car en chacun de vous il y a un \u00eatre magnifique. Quelquefois il se cache et il faut bien chercher, mais si on cherche, on finit toujours par le trouver, cet \u00eatre magnifique.<br \/><br \/>Quelquefois c\u2019est justement parce que cet \u00catre est trop magnifique qu\u2019il se cache derri\u00e8re un masque. Quelque fois il est tr\u00e8s dur pour un \u00eatre merveilleux de se montrer sous son grand jour, tel qu\u2019il est, car il appara\u00eet comme un \u00eatre vuln\u00e9rable. Trop de beaut\u00e9, trop de sensibilit\u00e9 face \u00e0 un monde parfois cruel et sans piti\u00e9. Et la personne si d\u00e9licate est fragile, malgr\u00e9 sa beaut\u00e9 int\u00e9rieure et sa grande bont\u00e9, son grand c\u0153ur la rend vuln\u00e9rable. Et pour se prot\u00e9ger la personne doit se cacher derri\u00e8re un masque.<br \/><br \/>Et ce masque peut appara\u00eetre plus ou mois flou, plus ou moins r\u00e9el. Quelquefois la personne prends son r\u00f4le avec son masque tr\u00e8s au s\u00e9rieux, et le masque devient r\u00e9alit\u00e9, la personne se perd, s\u2019\u00e9gare, et oublie la beaut\u00e9 qu\u2019elle est, oublie l\u2019amour qu\u2019elle est , oublie qui elle Est, pour devenir ce masque en permanence.<br \/><br \/>Chaque personne sur Terre un jour ou l\u2019autre porte un masque pour se prot\u00e9ger. Certains le portent plus longtemps que d\u2019autres. Mais ce masque vous prot\u00e8ge aussi des bonnes choses, de la joie, de l\u2019amour, du bonheur d\u2019\u00catre, du bonheur d\u2019exister, du bonheur d\u2019\u00eatre soi. Car vous ne pouvez \u00eatre compl\u00e8tement heureux si vous n\u2019\u00eates qu\u2019une fa\u00e7ade, qu\u2019un masque. Un masque ne peux pas \u00eatre heureux.<br \/><br \/>C\u2019est pourquoi les Archanges vous transmettent dans de nombreux messages, de penser \u00e0 vous, de vous aimer vous-m\u00eame, d\u2019avoir de la compassion pour vous-m\u00eame, afin d\u2019\u00eatre conscient de votre Soi sup\u00e9rieur, d\u2019\u00eatre conscient que vous existez, et pas \u00e0 travers les autres, mais \u00e0 travers vous-m\u00eame.<br \/><br \/>Et lorsque vous prenez conscience de cela , vous pouvez vous \u00e9panouir pleinement, vous pouvez avoir la confiance en vous et la confiance divine qui va vous apporter l\u2019illumination. Et l\u2019illumination n\u2019est pas juste un mot qui peut vous para\u00eetre magique ou irr\u00e9el, ou qui peut \u00eatre attribu\u00e9 \u00e0 un \u00catre qui a perdu la raison.<br \/><br \/>L\u2019illumination c\u2019est le bonheur en permanence, malgr\u00e9 les difficult\u00e9s et coups durs que vous vivez dans votre quotidien. Car une fois conscients de vous-m\u00eame, de la Source divine, une fois que vous comprenez comment marche le syst\u00e8me, pourquoi toutes les choses de votre existence bonnes ou mauvaises arrivent, une fois que vous avez compris, vous savez, vous comprenez, vous remerciez, m\u00eame pour les malheurs que vous pouvez voir autour de vous.<br \/><br \/>Vous ne serez pas insensibles, mais cela passera au-del\u00e0 de vous, au-del\u00e0 de votre sensibilit\u00e9, comme un \u00e9clair qui illumine le ciel, rapide, brillant, magnifique et terrifiant \u00e0 la fois, mais bien pr\u00e9sent et r\u00e9el. Vous le regardez quelques secondes, et il a disparu. Vous n\u2019avez plus que le souvenir de cet \u00e9clair. La m\u00e9moire de la vision, du ressenti, du bruit du tonnerre qui l\u2019accompagne. Et tout redevient calme \u00e0 nouveau.<br \/><br \/>Cela est la cl\u00e9 du bonheur, regarder, laisser passer, prendre toutes les informations, et les laisser repartir comme elles sont venues, et retrouver sa paix int\u00e9rieure, sa joie int\u00e9rieure, d\u2019\u00eatre une \u00catre sur cette Terre, un \u00catre magnifique, lumineux, brillant, qui peut apporter aux autres toute sa lumi\u00e8re, toute sa joie, car la joie est contagieuse. Elle se r\u00e9pand autour de vous comme une goutte de colorant rouge dans un verre d\u2019eau.<br \/><br \/>Alors prenez les informations que quelque chose vous a d\u00e9plu, que vous avez eu mal, que vous avez eu de la peine, mais laissez les passer, ne vous y accrochez pas. Car ce sentiment de malheur peut ne durer qu\u2019une fraction de secondes, le temps d\u2019une pens\u00e9e, et ensuite il peut s\u2019en aller. Vous n\u2019\u00eates pas oblig\u00e9s de vous y accrocher.<br \/><br \/>Prenez exemple sur les enfants, ils oublient tr\u00e8s vite leurs pleurs d\u00e8s qu\u2019on leur parle d\u2019autre chose, qu\u2019on les distrait. Pourquoi l\u2019adulte ne reviendrait-il pas enfant\u00a0? Pourquoi ne pourrait-il pas se laisser distraire, penser \u00e0 autre chose\u00a0? l\u2019espace d\u2019un instant, l\u2019espace de toujours\u00a0? Retrouver son enfant int\u00e9rieur\u00a0?<br \/><br \/>Nous sommes ma\u00eetres de nos pens\u00e9es, mais aussi de nos actions et de nos engrenages. Les maillons s\u2019encha\u00eenent , s\u2019embo\u00eetent les uns dans les autres et am\u00e8nent toute une s\u00e9rie de sentiments qui d\u00e9coulent d\u2019un sentiment initial. C\u2019est \u00e0 vous de stopper les maillons de la chaine, et de regarder ailleurs. Tournez votre esprit vers ce qui vous apporte de la joie, souriez, allez vers la joie, vers la l\u00e9g\u00e8ret\u00e9, vers l\u2019amour de soi qui se tourne dans cette direction.<br \/><br \/>C\u2019est plus facile que ce que vous croyez. Essayez, vous verrez. Et demandez moi de l\u2019aide pour vous aider a y arriver. N\u2019ayez pas peur, ayez confiance en moi, comme j\u2019ai confiance en vous, et vous allez y arriver.<br \/><br \/>Je vous envoie plein de joie et de r\u00e9confort, je vous aime et vous enveloppe de ma lumi\u00e8re scintillante, pour vous faire ressentir ce bonheur intense que vous pouvez ressentir en ma pr\u00e9sence, en votre pr\u00e9sence, en ce lieu, ou que vous soyez, qui que vous soyez.<br \/><br \/>Soyez b\u00e9ni, et restez dans cette magnifique lumi\u00e8re<br \/><br \/>Archange Jophiel<br \/><br \/><\/p><h6>Canalis\u00e9 par Martine Bagaini, le 01.01.2019<\/h6>\t\t\t\t\t\t\t\t<\/div>\n\t\t\t\t<\/div>\n\t\t\t\t\t<\/div>\n\t\t<\/div>\n\t\t\t\t\t<\/div>\n\t\t<\/section>\n\t\t\t\t<\/div>\n\t\t","protected":false},"excerpt":{"rendered":"<p>Pr\u00e9sentation de l&rsquo;Archange Jophiel Je suis l\u2019ange de la beaut\u00e9, la beaut\u00e9 de la lumi\u00e8re. La beaut\u00e9 int\u00e9rieure. La beaut\u00e9 que chacun a \u00e0 l\u2019int\u00e9rieur de son \u00c2me, de son c\u0153ur. Je suis lumi\u00e8re \u00e9tincelante, plut\u00f4t jaune orange mais si lumineux que vous pourriez ne pas me voir par trop d\u2019\u00e9blouissement. Seuls les \u00eatres tr\u00e8s [&hellip;]<\/p>\n","protected":false},"author":1,"featured_media":0,"parent":0,"menu_order":8,"comment_status":"closed","ping_status":"closed","template":"","meta":{"footnotes":""},"class_list":["post-1033","page","type-page","status-publish","hentry"],"_links":{"self":[{"href":"https:\/\/meditations.therapeutiques.ch\/index.php\/wp-json\/wp\/v2\/pages\/1033","targetHints":{"allow":["GET"]}}],"collection":[{"href":"https:\/\/meditations.therapeutiques.ch\/index.php\/wp-json\/wp\/v2\/pages"}],"about":[{"href":"https:\/\/meditations.therapeutiques.ch\/index.php\/wp-json\/wp\/v2\/types\/page"}],"author":[{"embeddable":true,"href":"https:\/\/meditations.therapeutiques.ch\/index.php\/wp-json\/wp\/v2\/users\/1"}],"replies":[{"embeddable":true,"href":"https:\/\/meditations.therapeutiques.ch\/index.php\/wp-json\/wp\/v2\/comments?post=1033"}],"version-history":[{"count":7,"href":"https:\/\/meditations.therapeutiques.ch\/index.php\/wp-json\/wp\/v2\/pages\/1033\/revisions"}],"predecessor-version":[{"id":1187,"href":"https:\/\/meditations.therapeutiques.ch\/index.php\/wp-json\/wp\/v2\/pages\/1033\/revisions\/1187"}],"wp:attachment":[{"href":"https:\/\/meditations.therapeutiques.ch\/index.php\/wp-json\/wp\/v2\/media?parent=1033"}],"curies":[{"name":"wp","href":"https:\/\/api.w.org\/{rel}","templated":true}]}}