{"id":1028,"date":"2025-02-11T13:41:28","date_gmt":"2025-02-11T12:41:28","guid":{"rendered":"https:\/\/meditations.therapeutiques.ch\/?page_id=1028"},"modified":"2025-02-12T11:16:21","modified_gmt":"2025-02-12T10:16:21","slug":"jeremiel","status":"publish","type":"page","link":"https:\/\/meditations.therapeutiques.ch\/index.php\/jeremiel\/","title":{"rendered":"Canalisations de l&rsquo;Archange J\u00e9r\u00e9miel"},"content":{"rendered":"\t\t<div data-elementor-type=\"wp-page\" data-elementor-id=\"1028\" class=\"elementor elementor-1028\">\n\t\t\t\t\t\t<section class=\"elementor-section elementor-top-section elementor-element elementor-element-d6950d8 elementor-section-boxed elementor-section-height-default elementor-section-height-default\" data-id=\"d6950d8\" data-element_type=\"section\" data-e-type=\"section\" data-settings=\"{&quot;background_background&quot;:&quot;classic&quot;,&quot;shape_divider_bottom&quot;:&quot;waves&quot;}\">\n\t\t\t\t\t\t\t<div class=\"elementor-background-overlay\"><\/div>\n\t\t\t\t\t\t<div class=\"elementor-shape elementor-shape-bottom\" aria-hidden=\"true\" data-negative=\"false\">\n\t\t\t<svg xmlns=\"http:\/\/www.w3.org\/2000\/svg\" viewBox=\"0 0 1000 100\" preserveAspectRatio=\"none\">\n\t<path class=\"elementor-shape-fill\" d=\"M421.9,6.5c22.6-2.5,51.5,0.4,75.5,5.3c23.6,4.9,70.9,23.5,100.5,35.7c75.8,32.2,133.7,44.5,192.6,49.7\n\tc23.6,2.1,48.7,3.5,103.4-2.5c54.7-6,106.2-25.6,106.2-25.6V0H0v30.3c0,0,72,32.6,158.4,30.5c39.2-0.7,92.8-6.7,134-22.4\n\tc21.2-8.1,52.2-18.2,79.7-24.2C399.3,7.9,411.6,7.5,421.9,6.5z\"\/>\n<\/svg>\t\t<\/div>\n\t\t\t\t\t<div class=\"elementor-container elementor-column-gap-default\">\n\t\t\t\t\t<div class=\"elementor-column elementor-col-100 elementor-top-column elementor-element elementor-element-2859b73\" data-id=\"2859b73\" data-element_type=\"column\" data-e-type=\"column\">\n\t\t\t<div class=\"elementor-widget-wrap elementor-element-populated\">\n\t\t\t\t\t\t<div class=\"elementor-element elementor-element-0f21c7e elementor-invisible elementor-widget elementor-widget-heading\" data-id=\"0f21c7e\" data-element_type=\"widget\" data-e-type=\"widget\" data-settings=\"{&quot;_animation&quot;:&quot;zoomIn&quot;}\" data-widget_type=\"heading.default\">\n\t\t\t\t<div class=\"elementor-widget-container\">\n\t\t\t\t\t<h1 class=\"elementor-heading-title elementor-size-default\">Pr\u00e9sentation de l'Archange J\u00e9r\u00e9miel<\/h1>\t\t\t\t<\/div>\n\t\t\t\t<\/div>\n\t\t\t\t\t<\/div>\n\t\t<\/div>\n\t\t\t\t\t<\/div>\n\t\t<\/section>\n\t\t\t\t<section class=\"elementor-section elementor-top-section elementor-element elementor-element-c1d1268 elementor-section-boxed elementor-section-height-default elementor-section-height-default\" data-id=\"c1d1268\" data-element_type=\"section\" data-e-type=\"section\">\n\t\t\t\t\t\t\t<div class=\"elementor-background-overlay\"><\/div>\n\t\t\t\t\t\t\t<div class=\"elementor-container elementor-column-gap-default\">\n\t\t\t\t\t<div class=\"elementor-column elementor-col-100 elementor-top-column elementor-element elementor-element-31e1173\" data-id=\"31e1173\" data-element_type=\"column\" data-e-type=\"column\">\n\t\t\t<div class=\"elementor-widget-wrap elementor-element-populated\">\n\t\t\t\t\t\t<div class=\"elementor-element elementor-element-26e1c19 elementor-widget elementor-widget-text-editor\" data-id=\"26e1c19\" data-element_type=\"widget\" data-e-type=\"widget\" data-widget_type=\"text-editor.default\">\n\t\t\t\t<div class=\"elementor-widget-container\">\n\t\t\t\t\t\t\t\t\t<p>Bonjour,<br \/><br \/>Je suis J\u00e9r\u00e9miel, Archange de la libert\u00e9, de la lib\u00e9ration, de la lib\u00e9ration de vos peurs et doutes qui se trouvent sur votre chemin.<br \/><br \/>Je suis assez ancien dans les Cieux, tout comme Micha\u00ebl. J\u2019ai donc une grande puissance pour vous comprendre et vous aider, vous, humains, sur la Terre.<br \/><br \/>Je vous accompagne volontiers tous les jours, pour \u00e9clairer votre chemin et vos tunnels. Je suis la lueur au bout du tunnel, qui montre la lumi\u00e8re \u00e0 la sortie du tunnel. Je suis aussi le tunnel, pour vous permettre de le voir, pour que vous puissiez y p\u00e9n\u00e9trer. Quelquefois vous ne voulez pas voir ce tunnel, o\u00f9 vous le voyez et ne voulez pas y entrer. Cela vous fait peur. Il fait sombre, on y voit rien, on entends que des choses d\u00e9sagr\u00e9ables, des cris, des menaces, des pleurs, des batailles.<br \/><br \/>Votre premier r\u00e9flexe est donc de ne pas entrer dans ce tunnel, et rester dans les montagnes et les plaines environnantes. Mais vous n\u2019arriverez pas au sommet des montagnes, sans avoir pass\u00e9 dans les tunnels, qui vous rendent plus fort, et vous permettent d\u2019acc\u00e9der au sommet.<br \/><br \/>Ces tunnels vous font prendre conscience de ce que vous devez comprendre, de ce qui ne va pas dans votre vie. Cela est indispensable \u00e0 la continuit\u00e9 de votre route. Sans cela, vous allez tourner en rond autour des montagnes, sans jamais r\u00e9ussir \u00e0 acc\u00e9der au sommet, l\u00e0 o\u00f9 il y a une vue magnifique sur la plaine, l\u00e0 o\u00f9 il y a un soleil rayonnant, tr\u00e8s fort, des rayons lumineux majestueux, l\u00e0 o\u00f9 vous pouvez \u00eatre en connexion avec Dieu, avec la lumi\u00e8re, ainsi que tous les \u00eatres de lumi\u00e8res, dans votre Univers, et dans l\u2019 Omnivers.<br \/><br \/>Il est donc important pour votre \u00e9volution, que vous acceptiez de rentrer dans ces tunnels. Cela ne sera pas facile, mais c\u2019est les d\u00e9fits que vous avez choisis, c\u2019est donc \u00e0 la hauteur de vos capacit\u00e9s.<br \/><br \/>N\u2019ayez donc pas peur, et demandez-moi de l\u2019aide, de la force, du courage, pour entrer dans ces tunnels, dans ces puits, dont l\u2019acc\u00e8s est cach\u00e9, difficile, repoussant.<br \/><br \/>Je vous accompagnerai tout du long, jusqu\u2019\u00e0 votre sortie du tunnel, quelque soit le temps que vous y restiez, quelque soient les difficult\u00e9s que vous y rencontrez.<br \/><br \/>A chaque \u00e9tape, \u00e0 chaque d\u00e9fit r\u00e9ussi, \u00e0 chaque bataille gagn\u00e9e, vous serez r\u00e9compens\u00e9 et recevrez une \u00e9nergie bienfaitrice, adapt\u00e9e \u00e0 vous, \u00e0 ce que vous avez besoin, qui vous encouragera \u00e0 continuer.<br \/><br \/>Je suis J\u00e9r\u00e9miel,<br \/><br \/>VOTRE alli\u00e9,<br \/><br \/>VOTRE ami,<br \/><br \/>VOTRE compagnon de route,<br \/><br \/>VOTRE compagnon de voyage,<br \/><br \/>et je VOUS apporte \u00e0 tous, par ces lignes,<br \/><br \/>ma lumi\u00e8re,<br \/><br \/>du courage,<br \/><br \/>pour affronter VOS peurs,<br \/><br \/>VOS ennemis,<br \/><br \/>et tout ce qui peut VOUS para\u00eetre difficile.<br \/><br \/>Soyez mes bien-aim\u00e9s, mes fr\u00e8res, mes s\u0153urs,<br \/><br \/>et allez en Paix<br \/><br \/>Archange J\u00e9r\u00e9miel<br \/><br \/><\/p><h6>Canalis\u00e9 par Martine Bagaini, le 06.08.2018<\/h6>\t\t\t\t\t\t\t\t<\/div>\n\t\t\t\t<\/div>\n\t\t\t\t\t<\/div>\n\t\t<\/div>\n\t\t\t\t\t<\/div>\n\t\t<\/section>\n\t\t\t\t<\/div>\n\t\t","protected":false},"excerpt":{"rendered":"<p>Pr\u00e9sentation de l&rsquo;Archange J\u00e9r\u00e9miel Bonjour, Je suis J\u00e9r\u00e9miel, Archange de la libert\u00e9, de la lib\u00e9ration, de la lib\u00e9ration de vos peurs et doutes qui se trouvent sur votre chemin. Je suis assez ancien dans les Cieux, tout comme Micha\u00ebl. J\u2019ai donc une grande puissance pour vous comprendre et vous aider, vous, humains, sur la Terre. [&hellip;]<\/p>\n","protected":false},"author":1,"featured_media":0,"parent":0,"menu_order":8,"comment_status":"closed","ping_status":"closed","template":"","meta":{"footnotes":""},"class_list":["post-1028","page","type-page","status-publish","hentry"],"_links":{"self":[{"href":"https:\/\/meditations.therapeutiques.ch\/index.php\/wp-json\/wp\/v2\/pages\/1028","targetHints":{"allow":["GET"]}}],"collection":[{"href":"https:\/\/meditations.therapeutiques.ch\/index.php\/wp-json\/wp\/v2\/pages"}],"about":[{"href":"https:\/\/meditations.therapeutiques.ch\/index.php\/wp-json\/wp\/v2\/types\/page"}],"author":[{"embeddable":true,"href":"https:\/\/meditations.therapeutiques.ch\/index.php\/wp-json\/wp\/v2\/users\/1"}],"replies":[{"embeddable":true,"href":"https:\/\/meditations.therapeutiques.ch\/index.php\/wp-json\/wp\/v2\/comments?post=1028"}],"version-history":[{"count":7,"href":"https:\/\/meditations.therapeutiques.ch\/index.php\/wp-json\/wp\/v2\/pages\/1028\/revisions"}],"predecessor-version":[{"id":1184,"href":"https:\/\/meditations.therapeutiques.ch\/index.php\/wp-json\/wp\/v2\/pages\/1028\/revisions\/1184"}],"wp:attachment":[{"href":"https:\/\/meditations.therapeutiques.ch\/index.php\/wp-json\/wp\/v2\/media?parent=1028"}],"curies":[{"name":"wp","href":"https:\/\/api.w.org\/{rel}","templated":true}]}}