{"id":1023,"date":"2025-02-11T13:37:06","date_gmt":"2025-02-11T12:37:06","guid":{"rendered":"https:\/\/meditations.therapeutiques.ch\/?page_id=1023"},"modified":"2025-02-12T11:15:39","modified_gmt":"2025-02-12T10:15:39","slug":"haniel","status":"publish","type":"page","link":"https:\/\/meditations.therapeutiques.ch\/index.php\/haniel\/","title":{"rendered":"Canalisations de l&rsquo;Archange Haniel"},"content":{"rendered":"\t\t<div data-elementor-type=\"wp-page\" data-elementor-id=\"1023\" class=\"elementor elementor-1023\">\n\t\t\t\t\t\t<section class=\"elementor-section elementor-top-section elementor-element elementor-element-d6950d8 elementor-section-boxed elementor-section-height-default elementor-section-height-default\" data-id=\"d6950d8\" data-element_type=\"section\" data-e-type=\"section\" data-settings=\"{&quot;background_background&quot;:&quot;classic&quot;,&quot;shape_divider_bottom&quot;:&quot;waves&quot;}\">\n\t\t\t\t\t\t\t<div class=\"elementor-background-overlay\"><\/div>\n\t\t\t\t\t\t<div class=\"elementor-shape elementor-shape-bottom\" aria-hidden=\"true\" data-negative=\"false\">\n\t\t\t<svg xmlns=\"http:\/\/www.w3.org\/2000\/svg\" viewBox=\"0 0 1000 100\" preserveAspectRatio=\"none\">\n\t<path class=\"elementor-shape-fill\" d=\"M421.9,6.5c22.6-2.5,51.5,0.4,75.5,5.3c23.6,4.9,70.9,23.5,100.5,35.7c75.8,32.2,133.7,44.5,192.6,49.7\n\tc23.6,2.1,48.7,3.5,103.4-2.5c54.7-6,106.2-25.6,106.2-25.6V0H0v30.3c0,0,72,32.6,158.4,30.5c39.2-0.7,92.8-6.7,134-22.4\n\tc21.2-8.1,52.2-18.2,79.7-24.2C399.3,7.9,411.6,7.5,421.9,6.5z\"\/>\n<\/svg>\t\t<\/div>\n\t\t\t\t\t<div class=\"elementor-container elementor-column-gap-default\">\n\t\t\t\t\t<div class=\"elementor-column elementor-col-100 elementor-top-column elementor-element elementor-element-2859b73\" data-id=\"2859b73\" data-element_type=\"column\" data-e-type=\"column\">\n\t\t\t<div class=\"elementor-widget-wrap elementor-element-populated\">\n\t\t\t\t\t\t<div class=\"elementor-element elementor-element-0f21c7e elementor-invisible elementor-widget elementor-widget-heading\" data-id=\"0f21c7e\" data-element_type=\"widget\" data-e-type=\"widget\" data-settings=\"{&quot;_animation&quot;:&quot;zoomIn&quot;}\" data-widget_type=\"heading.default\">\n\t\t\t\t<div class=\"elementor-widget-container\">\n\t\t\t\t\t<h1 class=\"elementor-heading-title elementor-size-default\">Pr\u00e9sentation de l'Archange Haniel<\/h1>\t\t\t\t<\/div>\n\t\t\t\t<\/div>\n\t\t\t\t\t<\/div>\n\t\t<\/div>\n\t\t\t\t\t<\/div>\n\t\t<\/section>\n\t\t\t\t<section class=\"elementor-section elementor-top-section elementor-element elementor-element-c1d1268 elementor-section-boxed elementor-section-height-default elementor-section-height-default\" data-id=\"c1d1268\" data-element_type=\"section\" data-e-type=\"section\">\n\t\t\t\t\t\t\t<div class=\"elementor-background-overlay\"><\/div>\n\t\t\t\t\t\t\t<div class=\"elementor-container elementor-column-gap-default\">\n\t\t\t\t\t<div class=\"elementor-column elementor-col-100 elementor-top-column elementor-element elementor-element-31e1173\" data-id=\"31e1173\" data-element_type=\"column\" data-e-type=\"column\">\n\t\t\t<div class=\"elementor-widget-wrap elementor-element-populated\">\n\t\t\t\t\t\t<div class=\"elementor-element elementor-element-26e1c19 elementor-widget elementor-widget-text-editor\" data-id=\"26e1c19\" data-element_type=\"widget\" data-e-type=\"widget\" data-widget_type=\"text-editor.default\">\n\t\t\t\t<div class=\"elementor-widget-container\">\n\t\t\t\t\t\t\t\t\t<h2>Pr\u00e9sentation Archange Haniel<\/h2><p>Je suis l\u2019archange qui vous fait voir le cot\u00e9 magique, le c\u00f4t\u00e9 lumineux, la face cach\u00e9e, que vous avez tendance \u00e0 oublier de regarder. Je vous fais d\u00e9couvrir les myst\u00e8res, trouver ce que vous n\u2019imaginez pas chercher, tout ce qui peut \u00eatre merveilleux pour vous et que vous ne voyez pas.<br \/><br \/>Pourquoi ne voyez-vous pas\u00a0?<br \/><br \/>Pourquoi n\u2019entendez-vous pas\u00a0?<br \/><br \/>Pourquoi ne recherchez-vous pas cette face cach\u00e9e\u00a0?<br \/><br \/>Parce que vous ne l\u2019imaginez pas, parce que vous avez l\u2019impression que ce n\u2019est pas possible, que vous n\u2019y avez pas droit. Parce que \u00e7a vous semble trop irr\u00e9el, un r\u00eave peut-\u00eatre.<br \/><br \/>Et pourquoi pas\u00a0?<br \/><br \/>Pourquoi ne pas oser penser et laisser venir ce r\u00eave\u00a0?<br \/><br \/>Pourquoi vous restreindre\u00a0?<br \/><br \/>Pourquoi vous limiter \u00e0 ce qui est visible, \u00e0 ce qui vous semble accessible\u00a0?<br \/><br \/>Avec ces limitations vous n\u2019allez pas pouvoir aller au bout de vos r\u00eaves, au bout de vos envies, de vos r\u00e9alisations.<br \/><br \/>Pourquoi ces limites\u00a0?<br \/><br \/>Il y a des param\u00e8tres ind\u00e9pendants de votre volont\u00e9, ind\u00e9pendamment de vos choix\u00a0?<br \/><br \/>Faux.<br \/><br \/>Rappelez-vous la loi de l\u2019attraction. Elle n\u2019est pas l\u00e0 pour \u00eatre utilis\u00e9e que quand tout vous para\u00eet facile et accessible.<br \/><br \/>Elle est l\u00e0 pour d\u00e9bloquer les situations qui peuvent vous para\u00eetre impossibles. Car la loi de l\u2019attraction fait des miracles.<br \/><br \/>Avez-vous d\u00e9j\u00e0 vu un oiseau, sa fa\u00e7on de grandir, de se nourrir malgr\u00e9 sa petite taille\u00a0? Avez-vous vu l\u2019oiseau apprendre \u00e0 voler\u00a0?<br \/><br \/>Apprendre \u00e0 se nourrir seul\u00a0?<br \/><br \/>Oser quitter le nid douillet et confortable\u00a0?<br \/><br \/>L\u2019avez-vous vu apprendre \u00e0 chanter\u00a0?<br \/><br \/>Avez-vous vu comme l\u2019oisillon semble laid, petit, fragile\u00a0?<br \/><br \/>Et comme il peut en quelques semaines devenir un magnifique oiseau color\u00e9, adulte, responsable\u00a0?<br \/><br \/>Le changement est rapide, presque brutal.<br \/><br \/>Et avez-vous vu le chat dans le jardin\u00a0?<br \/><br \/>Le chat qui veut jouer avec l\u2019oiseau, qui veut le manger\u00a0?<br \/><br \/>L\u2019oiseau a tout int\u00e9r\u00eat \u00e0 avoir rep\u00e9r\u00e9 le chat s\u2019il veut continuer \u00e0 vivre. S\u2019il ne l\u2019a pas fait il y a 2 possibilit\u00e9s\u00a0:<br \/><br \/>Soit il se fait attraper par le chat car il n\u2019a pas fait attention, soit il a de la chance et il continue sa vie inconscient de l\u2019existence du chat. Mais s\u2019il ne fait pas attention, un jour ou l\u2019autre il va se faire prendre au pi\u00e8ge par le chat.<br \/><br \/>Si l\u2019oiseau rep\u00e8re le chat, il va se rendre compte du danger. Il va avoir peur, il va peut-\u00eatre ne plus oser sortir du nid pendant un certain temps, mais s\u2019il observe le chat, ses habitudes, ses fa\u00e7ons de r\u00e9fl\u00e9chir, de se mouvoir, il saura quand il est possible pour lui de sortir de son nid en toute s\u00e9curit\u00e9.<br \/><br \/>Apr\u00e8s avoir observ\u00e9 toutes les habitudes du chat, apr\u00e8s avoir brav\u00e9 sa peur, il pourra vivre et passer pr\u00e8s du chat en toute s\u00e9curit\u00e9. Il pourra se nourrir, se promener, grandir, pour \u00eatre parfaitement heureux.<br \/><br \/>Alors pourquoi ne faites vous pas comme l\u2019oiseau\u00a0?<br \/><br \/>Observez tout ce qui est dangereux, difficile, autour de vous, et observez encore, retournez le probl\u00e8me sous tous ses angles. N\u2019oubliez aucune facette. Si une partie du probl\u00e8me, une fa\u00e7on de le regarder, vous rebute, regardez encore, plongez au plus profond de ce qui vous rebute, observez la situation de points de vue diff\u00e9rents, avec un \u00e9tat d\u2019esprit d\u00e9tach\u00e9, diff\u00e9rent, et voyez les facettes comme des miroirs qui brillent, qui s\u2019ouvrent, qui se d\u00e9voilent\u2026<br \/><br \/>Les facettes sont des miroirs. Que voyez-vous dans ces miroirs\u00a0?<br \/><br \/>Osez regarder, qu\u2019est ce qui vous fait peur\u00a0?<br \/><br \/>Qu\u2019est-ce que vous ne voulez pas voir\u00a0?<br \/><br \/>\u00c9crivez sur une feuille toutes les facettes du miroir, \u00e9crivez tout ce qui vous traverse, et voyez encore ces petits miroirs tourner devant vous, vous narguer. Et ne n\u00e9gligez rien, laissez venir toutes les id\u00e9es, toutes les opportunit\u00e9s. Et vous verrez qu\u2019il y a plus de choix qu\u2019il n y paraissait au d\u00e9part. Pleins de solutions arrivent, s\u2019offrent \u00e0 vous, et sachez que les plus dures sont certainement les plus efficaces, et celles que vous devez \u00e9tudiez s\u00e9rieusement.<br \/><br \/>Et voyez maintenant la situation se d\u00e9bloquer, voyez-l\u00e0 clairement\u00a0: le but, la r\u00e9solution. Et imprimez dans votre esprit ce but, cette solution, cette transformation. Et sachez que tout s\u2019imprime dans votre esprit, tout se met en place dans votre lumi\u00e8re, dans votre aura, et sachez que la puissance de votre aura est grande. Ne la sous-estimez pas. Tout ce qui est \u00e9nergie, devient possible, tout ce qui est imagination peut devenir r\u00e9el. Il suffit de le vouloir avec le c\u0153ur.<br \/><br \/>Et pensez que vous pouvez devenir color\u00e9, libre, et l\u00e9ger, comme le petit oiseau.<br \/><br \/>Je suis Haniel, Ange de la lib\u00e9ration des faces cach\u00e9es derri\u00e8re votre miroir. Je vous aide \u00e0 oser regarder dans ce miroir, \u00e0 y trouver des myst\u00e8res insoup\u00e7onn\u00e9s, des tr\u00e9sors cach\u00e9s, qui peuvent tout expliquer. Osez juste regarder dans ces miroirs. Les miroirs de l\u2019\u00c2me, les miroirs du subconscient, les miroirs de votre \u00catre au plus profond de lui, apr\u00e8s avoir \u00f4t\u00e9 toutes les carapaces.<br \/><br \/>Je vous salue, je vous envoie de la lumi\u00e8re remplie de courage, de loyaut\u00e9 envers vous-m\u00eame, de force pour laisser de c\u00f4t\u00e9 votre ego, et vous mettre \u00e0 nu devant ces miroirs.<br \/><br \/>Avec toute ma lumi\u00e8re et mon amour<br \/><br \/>Haniel<br \/><br \/><\/p><h6>Canalis\u00e9 par Martine Bagaini, le 14.01.2019<\/h6>\t\t\t\t\t\t\t\t<\/div>\n\t\t\t\t<\/div>\n\t\t\t\t\t<\/div>\n\t\t<\/div>\n\t\t\t\t\t<\/div>\n\t\t<\/section>\n\t\t\t\t<\/div>\n\t\t","protected":false},"excerpt":{"rendered":"<p>Pr\u00e9sentation de l&rsquo;Archange Haniel Pr\u00e9sentation Archange Haniel Je suis l\u2019archange qui vous fait voir le cot\u00e9 magique, le c\u00f4t\u00e9 lumineux, la face cach\u00e9e, que vous avez tendance \u00e0 oublier de regarder. Je vous fais d\u00e9couvrir les myst\u00e8res, trouver ce que vous n\u2019imaginez pas chercher, tout ce qui peut \u00eatre merveilleux pour vous et que vous [&hellip;]<\/p>\n","protected":false},"author":1,"featured_media":0,"parent":0,"menu_order":8,"comment_status":"closed","ping_status":"closed","template":"","meta":{"footnotes":""},"class_list":["post-1023","page","type-page","status-publish","hentry"],"_links":{"self":[{"href":"https:\/\/meditations.therapeutiques.ch\/index.php\/wp-json\/wp\/v2\/pages\/1023","targetHints":{"allow":["GET"]}}],"collection":[{"href":"https:\/\/meditations.therapeutiques.ch\/index.php\/wp-json\/wp\/v2\/pages"}],"about":[{"href":"https:\/\/meditations.therapeutiques.ch\/index.php\/wp-json\/wp\/v2\/types\/page"}],"author":[{"embeddable":true,"href":"https:\/\/meditations.therapeutiques.ch\/index.php\/wp-json\/wp\/v2\/users\/1"}],"replies":[{"embeddable":true,"href":"https:\/\/meditations.therapeutiques.ch\/index.php\/wp-json\/wp\/v2\/comments?post=1023"}],"version-history":[{"count":7,"href":"https:\/\/meditations.therapeutiques.ch\/index.php\/wp-json\/wp\/v2\/pages\/1023\/revisions"}],"predecessor-version":[{"id":1181,"href":"https:\/\/meditations.therapeutiques.ch\/index.php\/wp-json\/wp\/v2\/pages\/1023\/revisions\/1181"}],"wp:attachment":[{"href":"https:\/\/meditations.therapeutiques.ch\/index.php\/wp-json\/wp\/v2\/media?parent=1023"}],"curies":[{"name":"wp","href":"https:\/\/api.w.org\/{rel}","templated":true}]}}