{"id":1018,"date":"2025-02-11T13:32:01","date_gmt":"2025-02-11T12:32:01","guid":{"rendered":"https:\/\/meditations.therapeutiques.ch\/?page_id=1018"},"modified":"2025-02-12T11:20:39","modified_gmt":"2025-02-12T10:20:39","slug":"archanges","status":"publish","type":"page","link":"https:\/\/meditations.therapeutiques.ch\/index.php\/archanges\/","title":{"rendered":"Canalisations des Archanges"},"content":{"rendered":"\t\t<div data-elementor-type=\"wp-page\" data-elementor-id=\"1018\" class=\"elementor elementor-1018\">\n\t\t\t\t\t\t<section class=\"elementor-section elementor-top-section elementor-element elementor-element-d6950d8 elementor-section-boxed elementor-section-height-default elementor-section-height-default\" data-id=\"d6950d8\" data-element_type=\"section\" data-e-type=\"section\" data-settings=\"{&quot;background_background&quot;:&quot;classic&quot;,&quot;shape_divider_bottom&quot;:&quot;waves&quot;}\">\n\t\t\t\t\t\t\t<div class=\"elementor-background-overlay\"><\/div>\n\t\t\t\t\t\t<div class=\"elementor-shape elementor-shape-bottom\" aria-hidden=\"true\" data-negative=\"false\">\n\t\t\t<svg xmlns=\"http:\/\/www.w3.org\/2000\/svg\" viewBox=\"0 0 1000 100\" preserveAspectRatio=\"none\">\n\t<path class=\"elementor-shape-fill\" d=\"M421.9,6.5c22.6-2.5,51.5,0.4,75.5,5.3c23.6,4.9,70.9,23.5,100.5,35.7c75.8,32.2,133.7,44.5,192.6,49.7\n\tc23.6,2.1,48.7,3.5,103.4-2.5c54.7-6,106.2-25.6,106.2-25.6V0H0v30.3c0,0,72,32.6,158.4,30.5c39.2-0.7,92.8-6.7,134-22.4\n\tc21.2-8.1,52.2-18.2,79.7-24.2C399.3,7.9,411.6,7.5,421.9,6.5z\"\/>\n<\/svg>\t\t<\/div>\n\t\t\t\t\t<div class=\"elementor-container elementor-column-gap-default\">\n\t\t\t\t\t<div class=\"elementor-column elementor-col-100 elementor-top-column elementor-element elementor-element-2859b73\" data-id=\"2859b73\" data-element_type=\"column\" data-e-type=\"column\">\n\t\t\t<div class=\"elementor-widget-wrap elementor-element-populated\">\n\t\t\t\t\t\t<div class=\"elementor-element elementor-element-0f21c7e elementor-invisible elementor-widget elementor-widget-heading\" data-id=\"0f21c7e\" data-element_type=\"widget\" data-e-type=\"widget\" data-settings=\"{&quot;_animation&quot;:&quot;zoomIn&quot;}\" data-widget_type=\"heading.default\">\n\t\t\t\t<div class=\"elementor-widget-container\">\n\t\t\t\t\t<h1 class=\"elementor-heading-title elementor-size-default\">Pr\u00e9sentation des Archanges<\/h1>\t\t\t\t<\/div>\n\t\t\t\t<\/div>\n\t\t\t\t\t<\/div>\n\t\t<\/div>\n\t\t\t\t\t<\/div>\n\t\t<\/section>\n\t\t\t\t<section class=\"elementor-section elementor-top-section elementor-element elementor-element-c1d1268 elementor-section-boxed elementor-section-height-default elementor-section-height-default\" data-id=\"c1d1268\" data-element_type=\"section\" data-e-type=\"section\">\n\t\t\t\t\t\t\t<div class=\"elementor-background-overlay\"><\/div>\n\t\t\t\t\t\t\t<div class=\"elementor-container elementor-column-gap-default\">\n\t\t\t\t\t<div class=\"elementor-column elementor-col-100 elementor-top-column elementor-element elementor-element-31e1173\" data-id=\"31e1173\" data-element_type=\"column\" data-e-type=\"column\">\n\t\t\t<div class=\"elementor-widget-wrap elementor-element-populated\">\n\t\t\t\t\t\t<div class=\"elementor-element elementor-element-26e1c19 elementor-widget elementor-widget-text-editor\" data-id=\"26e1c19\" data-element_type=\"widget\" data-e-type=\"widget\" data-widget_type=\"text-editor.default\">\n\t\t\t\t<div class=\"elementor-widget-container\">\n\t\t\t\t\t\t\t\t\t<p>Les archanges sont l\u2019expansion de leur lumi\u00e8re autour d\u2019eux.<br \/>Ils sont l\u2019extension de nos propres lumi\u00e8res.<br \/>C\u2019est des anges qui ont tellement expans\u00e9 leur conscience,<br \/>qu\u2019ils ont d\u00e9velopp\u00e9 une \u00e9norme lumi\u00e8re autour d\u2019eux.<br \/><br \/>Pour en arriver l\u00e0, ils ont aussi fait leurs exp\u00e9riences.<br \/>D\u2019o\u00f9 certains avis, certaines histoires, les unes justes et les autres fausses.<br \/><br \/>Leur lumi\u00e8re grandie dans de hautes dimensions intemporelles, interdimensionnelles,<br \/>leur permet d\u2019\u00eatre \u00e0 tout moment avec nous, avec nous tous si besoin.<br \/>En se connectant aux archanges, on entre dans leur lumi\u00e8re, et on participe<br \/>\u00e0 leur \u00e9volution, \u00e0 leur \u00e9panouissement.<br \/><br \/>Mais ils ont \u00e0 la base une \u00e2me comme la notre.<br \/>Ils ont juste \u00e9volu\u00e9 beaucoup plus loin que nous, diff\u00e9remment.<br \/>Et ils ont malgr\u00e9 les apparences leurs propres difficult\u00e9s, tout comme nous.<br \/><br \/>Mais leur joie et leur plaisir est de nous aider, d\u2019aider les autres.<br \/>C\u2019est ainsi qu\u2019ils sont heureux.<br \/>Plus ils donnent, plus ils grandissent.<br \/><br \/>M\u00e9tatron<br \/><br \/><\/p><h6>Canalis\u00e9 par Martine Bagaini, le 18.05.2019<\/h6><p>\u00a0<\/p>\t\t\t\t\t\t\t\t<\/div>\n\t\t\t\t<\/div>\n\t\t\t\t\t<\/div>\n\t\t<\/div>\n\t\t\t\t\t<\/div>\n\t\t<\/section>\n\t\t\t\t<\/div>\n\t\t","protected":false},"excerpt":{"rendered":"<p>Pr\u00e9sentation des Archanges Les archanges sont l\u2019expansion de leur lumi\u00e8re autour d\u2019eux.Ils sont l\u2019extension de nos propres lumi\u00e8res.C\u2019est des anges qui ont tellement expans\u00e9 leur conscience,qu\u2019ils ont d\u00e9velopp\u00e9 une \u00e9norme lumi\u00e8re autour d\u2019eux. Pour en arriver l\u00e0, ils ont aussi fait leurs exp\u00e9riences.D\u2019o\u00f9 certains avis, certaines histoires, les unes justes et les autres fausses. Leur [&hellip;]<\/p>\n","protected":false},"author":1,"featured_media":0,"parent":0,"menu_order":8,"comment_status":"closed","ping_status":"closed","template":"","meta":{"footnotes":""},"class_list":["post-1018","page","type-page","status-publish","hentry"],"_links":{"self":[{"href":"https:\/\/meditations.therapeutiques.ch\/index.php\/wp-json\/wp\/v2\/pages\/1018","targetHints":{"allow":["GET"]}}],"collection":[{"href":"https:\/\/meditations.therapeutiques.ch\/index.php\/wp-json\/wp\/v2\/pages"}],"about":[{"href":"https:\/\/meditations.therapeutiques.ch\/index.php\/wp-json\/wp\/v2\/types\/page"}],"author":[{"embeddable":true,"href":"https:\/\/meditations.therapeutiques.ch\/index.php\/wp-json\/wp\/v2\/users\/1"}],"replies":[{"embeddable":true,"href":"https:\/\/meditations.therapeutiques.ch\/index.php\/wp-json\/wp\/v2\/comments?post=1018"}],"version-history":[{"count":7,"href":"https:\/\/meditations.therapeutiques.ch\/index.php\/wp-json\/wp\/v2\/pages\/1018\/revisions"}],"predecessor-version":[{"id":1208,"href":"https:\/\/meditations.therapeutiques.ch\/index.php\/wp-json\/wp\/v2\/pages\/1018\/revisions\/1208"}],"wp:attachment":[{"href":"https:\/\/meditations.therapeutiques.ch\/index.php\/wp-json\/wp\/v2\/media?parent=1018"}],"curies":[{"name":"wp","href":"https:\/\/api.w.org\/{rel}","templated":true}]}}