{"id":1013,"date":"2025-02-11T13:29:34","date_gmt":"2025-02-11T12:29:34","guid":{"rendered":"https:\/\/meditations.therapeutiques.ch\/?page_id=1013"},"modified":"2025-02-12T11:15:12","modified_gmt":"2025-02-12T10:15:12","slug":"gabriel","status":"publish","type":"page","link":"https:\/\/meditations.therapeutiques.ch\/index.php\/gabriel\/","title":{"rendered":"Canalisations de l&rsquo;Archange Gabriel"},"content":{"rendered":"\t\t<div data-elementor-type=\"wp-page\" data-elementor-id=\"1013\" class=\"elementor elementor-1013\">\n\t\t\t\t\t\t<section class=\"elementor-section elementor-top-section elementor-element elementor-element-d6950d8 elementor-section-boxed elementor-section-height-default elementor-section-height-default\" data-id=\"d6950d8\" data-element_type=\"section\" data-e-type=\"section\" data-settings=\"{&quot;background_background&quot;:&quot;classic&quot;,&quot;shape_divider_bottom&quot;:&quot;waves&quot;}\">\n\t\t\t\t\t\t\t<div class=\"elementor-background-overlay\"><\/div>\n\t\t\t\t\t\t<div class=\"elementor-shape elementor-shape-bottom\" aria-hidden=\"true\" data-negative=\"false\">\n\t\t\t<svg xmlns=\"http:\/\/www.w3.org\/2000\/svg\" viewBox=\"0 0 1000 100\" preserveAspectRatio=\"none\">\n\t<path class=\"elementor-shape-fill\" d=\"M421.9,6.5c22.6-2.5,51.5,0.4,75.5,5.3c23.6,4.9,70.9,23.5,100.5,35.7c75.8,32.2,133.7,44.5,192.6,49.7\n\tc23.6,2.1,48.7,3.5,103.4-2.5c54.7-6,106.2-25.6,106.2-25.6V0H0v30.3c0,0,72,32.6,158.4,30.5c39.2-0.7,92.8-6.7,134-22.4\n\tc21.2-8.1,52.2-18.2,79.7-24.2C399.3,7.9,411.6,7.5,421.9,6.5z\"\/>\n<\/svg>\t\t<\/div>\n\t\t\t\t\t<div class=\"elementor-container elementor-column-gap-default\">\n\t\t\t\t\t<div class=\"elementor-column elementor-col-100 elementor-top-column elementor-element elementor-element-2859b73\" data-id=\"2859b73\" data-element_type=\"column\" data-e-type=\"column\">\n\t\t\t<div class=\"elementor-widget-wrap elementor-element-populated\">\n\t\t\t\t\t\t<div class=\"elementor-element elementor-element-0f21c7e elementor-invisible elementor-widget elementor-widget-heading\" data-id=\"0f21c7e\" data-element_type=\"widget\" data-e-type=\"widget\" data-settings=\"{&quot;_animation&quot;:&quot;zoomIn&quot;}\" data-widget_type=\"heading.default\">\n\t\t\t\t<div class=\"elementor-widget-container\">\n\t\t\t\t\t<h1 class=\"elementor-heading-title elementor-size-default\">Pr\u00e9sentation de l'Archange Gabriel<\/h1>\t\t\t\t<\/div>\n\t\t\t\t<\/div>\n\t\t\t\t\t<\/div>\n\t\t<\/div>\n\t\t\t\t\t<\/div>\n\t\t<\/section>\n\t\t\t\t<section class=\"elementor-section elementor-top-section elementor-element elementor-element-c1d1268 elementor-section-boxed elementor-section-height-default elementor-section-height-default\" data-id=\"c1d1268\" data-element_type=\"section\" data-e-type=\"section\">\n\t\t\t\t\t\t\t<div class=\"elementor-background-overlay\"><\/div>\n\t\t\t\t\t\t\t<div class=\"elementor-container elementor-column-gap-default\">\n\t\t\t\t\t<div class=\"elementor-column elementor-col-100 elementor-top-column elementor-element elementor-element-31e1173\" data-id=\"31e1173\" data-element_type=\"column\" data-e-type=\"column\">\n\t\t\t<div class=\"elementor-widget-wrap elementor-element-populated\">\n\t\t\t\t\t\t<div class=\"elementor-element elementor-element-26e1c19 elementor-widget elementor-widget-text-editor\" data-id=\"26e1c19\" data-element_type=\"widget\" data-e-type=\"widget\" data-widget_type=\"text-editor.default\">\n\t\t\t\t<div class=\"elementor-widget-container\">\n\t\t\t\t\t\t\t\t\t<p>Bonjour, Je suis Gabriel, le messager. Je suis l\u00e0 pour annoncer les bonnes nouvelles, annoncer les venues. Je donne l\u2019ordre de sonner les trompettes, pour annoncer des \u00e9v\u00e9nements, des choses importantes.<br \/><br \/>Je suis l\u00e0 \u00e9galement pour vous transmettre des messages, \u00e0 vous, personnellement, lorsque vous avez besoin de r\u00e9ponses \u00e0 vos questions. Je peux r\u00e9pondre moi-m\u00eame \u00e0 vos questions, ou si un archange est mieux habilit\u00e9 \u00e0 r\u00e9pondre \u00e0 vos questions, je transmets, et quelqu\u2019un d\u2019autre vous r\u00e9pondra.<br \/><br \/>C\u2019est ainsi que nous fonctionnons, Archanges, nous passons le mot, nous travaillons en \u00e9quipe, afin que l\u2019archange concern\u00e9 puisse vous aider au mieux. Nous aidons ainsi Dieu, nous le d\u00e9chargeons de certaines responsabilit\u00e9s et vous aidons \u00e0 prendre en compte certains aspects de votre vie que vous ne voyez pas, et \u00e0 vous donner des messages.<br \/><br \/>Plus votre r\u00e9ceptivit\u00e9 est grande, plus votre connexion est grande, et mieux passera l\u2019\u00e9nergie. Plus votre connexion est pr\u00e9sente, constante, plus vous recevrez des messages, sans avoir besoin de le demander personnellement. Juste en y pensant, en vous faisant certaines remarques, en r\u00e9fl\u00e9chissant int\u00e9rieurement \u00e0 certaines choses. Et vous vous rendrez compte de plus en plus, combien nous sommes Uns, combien nous sommes ensemble, \u00e0 quel point vos pens\u00e9es sont reli\u00e9es, connect\u00e9es, \u00e0 nous, Archanges.<br \/><br \/>C\u2019est pourquoi plus vous continuez \u00e0 \u00eatre avec nous, plus vous pouvez b\u00e9n\u00e9ficier de nos conseils, de notre lumi\u00e8re, de notre pr\u00e9sence.<br \/><br \/>Je peux \u00e9galement transmettre un message \u00e0 quelqu\u2019un de votre part. Je suis le messager dans tous les sens, dans toutes les directions. Mais n\u2019oubliez pas que je transmets que les messages bienveillants. Je n\u2019\u00e9coute que les personnes bien intentionn\u00e9es. Je ne v\u00e9hicule \u00e9galement que les v\u00e9rit\u00e9s.<br \/><br \/>J\u2019ai beaucoup d\u2019anges qui travaillent avec moi, et qui m\u2019aident \u00e0 transmettre toutes ces informations, avec justesse, amour, exactitude, afin que rien ne soit transform\u00e9, modifi\u00e9, mal compris. Ceci est la t\u00e2che la plus importante parmi nos activit\u00e9s de messagers. Cela est d\u2019une importance capitale.<br \/><br \/>Je vous invite donc \u00e0 me transmettre vos messages, vos doutes, vos questions, afin que je puisse vous aider, car vous aider me remplit d\u2019un grand bonheur.<br \/><br \/>A bient\u00f4t, je vous salue, vous envoie toute ma lumi\u00e8re, toute ma bienveillance, et sachez que m\u00eame si vous ne nous voyez pas, sous sommes toujours l\u00e0 pour vous.<br \/><br \/>Archange Gabriel, en compagnie de Martine , de l\u2019 \u00c9quilibre, sur la Terre et dans le Ciel.<br \/><br \/>(envoi de lumi\u00e8re)<br \/><br \/><\/p><h6>Canalis\u00e9 par Martine Bagaini, le 21.08.2018<\/h6>\t\t\t\t\t\t\t\t<\/div>\n\t\t\t\t<\/div>\n\t\t\t\t\t<\/div>\n\t\t<\/div>\n\t\t\t\t\t<\/div>\n\t\t<\/section>\n\t\t\t\t<\/div>\n\t\t","protected":false},"excerpt":{"rendered":"<p>Pr\u00e9sentation de l&rsquo;Archange Gabriel Bonjour, Je suis Gabriel, le messager. Je suis l\u00e0 pour annoncer les bonnes nouvelles, annoncer les venues. Je donne l\u2019ordre de sonner les trompettes, pour annoncer des \u00e9v\u00e9nements, des choses importantes. Je suis l\u00e0 \u00e9galement pour vous transmettre des messages, \u00e0 vous, personnellement, lorsque vous avez besoin de r\u00e9ponses \u00e0 vos [&hellip;]<\/p>\n","protected":false},"author":1,"featured_media":0,"parent":0,"menu_order":8,"comment_status":"closed","ping_status":"closed","template":"","meta":{"footnotes":""},"class_list":["post-1013","page","type-page","status-publish","hentry"],"_links":{"self":[{"href":"https:\/\/meditations.therapeutiques.ch\/index.php\/wp-json\/wp\/v2\/pages\/1013","targetHints":{"allow":["GET"]}}],"collection":[{"href":"https:\/\/meditations.therapeutiques.ch\/index.php\/wp-json\/wp\/v2\/pages"}],"about":[{"href":"https:\/\/meditations.therapeutiques.ch\/index.php\/wp-json\/wp\/v2\/types\/page"}],"author":[{"embeddable":true,"href":"https:\/\/meditations.therapeutiques.ch\/index.php\/wp-json\/wp\/v2\/users\/1"}],"replies":[{"embeddable":true,"href":"https:\/\/meditations.therapeutiques.ch\/index.php\/wp-json\/wp\/v2\/comments?post=1013"}],"version-history":[{"count":7,"href":"https:\/\/meditations.therapeutiques.ch\/index.php\/wp-json\/wp\/v2\/pages\/1013\/revisions"}],"predecessor-version":[{"id":1178,"href":"https:\/\/meditations.therapeutiques.ch\/index.php\/wp-json\/wp\/v2\/pages\/1013\/revisions\/1178"}],"wp:attachment":[{"href":"https:\/\/meditations.therapeutiques.ch\/index.php\/wp-json\/wp\/v2\/media?parent=1013"}],"curies":[{"name":"wp","href":"https:\/\/api.w.org\/{rel}","templated":true}]}}