{"id":1008,"date":"2025-02-11T13:25:53","date_gmt":"2025-02-11T12:25:53","guid":{"rendered":"https:\/\/meditations.therapeutiques.ch\/?page_id=1008"},"modified":"2025-02-12T11:14:46","modified_gmt":"2025-02-12T10:14:46","slug":"chamuel","status":"publish","type":"page","link":"https:\/\/meditations.therapeutiques.ch\/index.php\/chamuel\/","title":{"rendered":"Canalisations de l&rsquo;Archange Chamuel"},"content":{"rendered":"\t\t<div data-elementor-type=\"wp-page\" data-elementor-id=\"1008\" class=\"elementor elementor-1008\">\n\t\t\t\t\t\t<section class=\"elementor-section elementor-top-section elementor-element elementor-element-d6950d8 elementor-section-boxed elementor-section-height-default elementor-section-height-default\" data-id=\"d6950d8\" data-element_type=\"section\" data-e-type=\"section\" data-settings=\"{&quot;background_background&quot;:&quot;classic&quot;,&quot;shape_divider_bottom&quot;:&quot;waves&quot;}\">\n\t\t\t\t\t\t\t<div class=\"elementor-background-overlay\"><\/div>\n\t\t\t\t\t\t<div class=\"elementor-shape elementor-shape-bottom\" aria-hidden=\"true\" data-negative=\"false\">\n\t\t\t<svg xmlns=\"http:\/\/www.w3.org\/2000\/svg\" viewBox=\"0 0 1000 100\" preserveAspectRatio=\"none\">\n\t<path class=\"elementor-shape-fill\" d=\"M421.9,6.5c22.6-2.5,51.5,0.4,75.5,5.3c23.6,4.9,70.9,23.5,100.5,35.7c75.8,32.2,133.7,44.5,192.6,49.7\n\tc23.6,2.1,48.7,3.5,103.4-2.5c54.7-6,106.2-25.6,106.2-25.6V0H0v30.3c0,0,72,32.6,158.4,30.5c39.2-0.7,92.8-6.7,134-22.4\n\tc21.2-8.1,52.2-18.2,79.7-24.2C399.3,7.9,411.6,7.5,421.9,6.5z\"\/>\n<\/svg>\t\t<\/div>\n\t\t\t\t\t<div class=\"elementor-container elementor-column-gap-default\">\n\t\t\t\t\t<div class=\"elementor-column elementor-col-100 elementor-top-column elementor-element elementor-element-2859b73\" data-id=\"2859b73\" data-element_type=\"column\" data-e-type=\"column\">\n\t\t\t<div class=\"elementor-widget-wrap elementor-element-populated\">\n\t\t\t\t\t\t<div class=\"elementor-element elementor-element-0f21c7e elementor-invisible elementor-widget elementor-widget-heading\" data-id=\"0f21c7e\" data-element_type=\"widget\" data-e-type=\"widget\" data-settings=\"{&quot;_animation&quot;:&quot;zoomIn&quot;}\" data-widget_type=\"heading.default\">\n\t\t\t\t<div class=\"elementor-widget-container\">\n\t\t\t\t\t<h1 class=\"elementor-heading-title elementor-size-default\">Pr\u00e9sentation de l'Archange Chamuel<\/h1>\t\t\t\t<\/div>\n\t\t\t\t<\/div>\n\t\t\t\t\t<\/div>\n\t\t<\/div>\n\t\t\t\t\t<\/div>\n\t\t<\/section>\n\t\t\t\t<section class=\"elementor-section elementor-top-section elementor-element elementor-element-c1d1268 elementor-section-boxed elementor-section-height-default elementor-section-height-default\" data-id=\"c1d1268\" data-element_type=\"section\" data-e-type=\"section\">\n\t\t\t\t\t\t\t<div class=\"elementor-background-overlay\"><\/div>\n\t\t\t\t\t\t\t<div class=\"elementor-container elementor-column-gap-default\">\n\t\t\t\t\t<div class=\"elementor-column elementor-col-100 elementor-top-column elementor-element elementor-element-31e1173\" data-id=\"31e1173\" data-element_type=\"column\" data-e-type=\"column\">\n\t\t\t<div class=\"elementor-widget-wrap elementor-element-populated\">\n\t\t\t\t\t\t<div class=\"elementor-element elementor-element-26e1c19 elementor-widget elementor-widget-text-editor\" data-id=\"26e1c19\" data-element_type=\"widget\" data-e-type=\"widget\" data-widget_type=\"text-editor.default\">\n\t\t\t\t<div class=\"elementor-widget-container\">\n\t\t\t\t\t\t\t\t\t<p>Salutations Ma\u00eetres, salutations futurs Ma\u00eetres.<br \/><br \/>Je suis Chamuel, L\u2019Ange qui vous aide \u00e0 trouver ce que vous cherchez, que cela soit pour un bien mat\u00e9riel, une cl\u00e9 que vous avez perdue, ou que cela soit pour une r\u00e9ponse que vous souhaitez obtenir \u00e0 une question que vous vous posez, sp\u00e9cialement sur une question existentielle, une question g\u00e9n\u00e9rale concernant les Cieux, tout comme une question beaucoup plus pr\u00e9cise, et selon votre question, comme d\u2019habitude, nous Archanges, nous nous relayons, pour mieux vous conseiller selon nos capacit\u00e9s.<br \/><br \/>Rappelez-vous que vous pouvez tout demander, les r\u00e9ponses vous serons accord\u00e9es, envoy\u00e9es, pas toujours tout de suite, quelquefois il faut un peu de temps, car votre question et la r\u00e9ponse que vous attendez, exigera que vous compreniez certaines choses, afin que vous puissiez assimiler la r\u00e9ponse.<br \/><br \/>Pour cela, quelquefois, il est n\u00e9cessaire que vous preniez du temps, du recul, afin de comprendre certaines choses, qui vous am\u00e8neront \u00e0 votre r\u00e9ponse que vous cherchez.<br \/><br \/>Mais sachez que vous \u00eates chaque fois entendu, et que nous sommes toujours avec vous. Ne perdez jamais confiance et gardez toujours espoir. Si vous avez l\u2019impression que la r\u00e9ponse tarde \u00e0 venir, posez votre question diff\u00e9remment. Essayez de voir les choses diff\u00e9remment, de voir quelles sont les croyances que vous avez par rapport \u00e0 ce sujet.<br \/><br \/>Car peut-\u00eatre avez-vous envie de recevoir une certaine r\u00e9ponse que vous aimeriez\u00a0? Peut-\u00eatre \u00eates-vous ferm\u00e9 \u00e0 la vraie r\u00e9ponse que vous devriez recevoir\u00a0? Dans ce cas, il y a un blocage qui vous emp\u00eache de recevoir la r\u00e9ponse, car cette r\u00e9ponse n\u2019est pas la bienvenue dans votre esprit. Vous ne pouvez accueillir que les informations que vous \u00eates pr\u00eats \u00e0 recevoir. Vous devez \u00eatre ouvert, \u00eatre pr\u00eat au pire. L\u2019\u00eates-vous\u00a0?<\/p><h3>Jusqu\u2019o\u00f9 \u00eates-vous pr\u00eat \u00e0 accepter la v\u00e9rit\u00e9\u00a0? Quelles sont vos limites\u00a0?<\/h3><p>Vous seuls \u00e9tablissez ces limites, qui vous permettent d\u2019y voir clair ou nom. Donc si la r\u00e9ponse tarde, c\u2019est que vous devez d\u00e9placer vos limites, les changer, ouvrir certaines portes, afin de laisser entrer ces informations. Quelquefois, il vous sera tr\u00e8s inconfortable de laisser ces portes ouvertes, car le vent, le froid, peut s\u2019engouffrer dans la pi\u00e8ce et perturber la douce chaleur que vous aviez install\u00e9e dans cette pi\u00e8ce.<br \/><br \/>Mais sachez que l\u2019arriv\u00e9e d\u2019un vent nouveau, de fra\u00eecheur, permet ensuite de mieux respirer. Vous vous sentirez beaucoup mieux, apais\u00e9s. Il est bien d\u2019a\u00e9rer r\u00e9guli\u00e8rement sa chambre, afin de s\u2019y sentir bien, en harmonie, afin que vous puissiez continuer \u00e0 vivre agr\u00e9ablement dans cette pi\u00e8ce.<br \/><br \/>Je vous salue, je suis Chamuel, et par ces lignes que vous lisez, vous vous connectez \u00e0 moi, et vous vous ouvrez, vous laissez d\u00e9j\u00e0 entrer de l\u2019air frais par la lucarne, et je vous envoie toute ma fra\u00eecheur, toute ma lumi\u00e8re, ma disponibilit\u00e9, pour \u00eatre avec vous quand vous en aurez besoin.<br \/><br \/>Recevez tout mon amour et mes meilleures pens\u00e9es pour vous, pour vous encourager.<br \/><br \/>Je suis en compagnie de Martine, de l\u2019 \u00c9quilibre, et nous vous saluons.<br \/><br \/>Archange Chamuel<br \/><br \/><\/p><h6>Canalis\u00e9 par Martine Bagaini, le 06.10.2018<\/h6>\t\t\t\t\t\t\t\t<\/div>\n\t\t\t\t<\/div>\n\t\t\t\t\t<\/div>\n\t\t<\/div>\n\t\t\t\t\t<\/div>\n\t\t<\/section>\n\t\t\t\t<\/div>\n\t\t","protected":false},"excerpt":{"rendered":"<p>Pr\u00e9sentation de l&rsquo;Archange Chamuel Salutations Ma\u00eetres, salutations futurs Ma\u00eetres. Je suis Chamuel, L\u2019Ange qui vous aide \u00e0 trouver ce que vous cherchez, que cela soit pour un bien mat\u00e9riel, une cl\u00e9 que vous avez perdue, ou que cela soit pour une r\u00e9ponse que vous souhaitez obtenir \u00e0 une question que vous vous posez, sp\u00e9cialement sur [&hellip;]<\/p>\n","protected":false},"author":1,"featured_media":0,"parent":0,"menu_order":8,"comment_status":"closed","ping_status":"closed","template":"","meta":{"footnotes":""},"class_list":["post-1008","page","type-page","status-publish","hentry"],"_links":{"self":[{"href":"https:\/\/meditations.therapeutiques.ch\/index.php\/wp-json\/wp\/v2\/pages\/1008","targetHints":{"allow":["GET"]}}],"collection":[{"href":"https:\/\/meditations.therapeutiques.ch\/index.php\/wp-json\/wp\/v2\/pages"}],"about":[{"href":"https:\/\/meditations.therapeutiques.ch\/index.php\/wp-json\/wp\/v2\/types\/page"}],"author":[{"embeddable":true,"href":"https:\/\/meditations.therapeutiques.ch\/index.php\/wp-json\/wp\/v2\/users\/1"}],"replies":[{"embeddable":true,"href":"https:\/\/meditations.therapeutiques.ch\/index.php\/wp-json\/wp\/v2\/comments?post=1008"}],"version-history":[{"count":7,"href":"https:\/\/meditations.therapeutiques.ch\/index.php\/wp-json\/wp\/v2\/pages\/1008\/revisions"}],"predecessor-version":[{"id":1175,"href":"https:\/\/meditations.therapeutiques.ch\/index.php\/wp-json\/wp\/v2\/pages\/1008\/revisions\/1175"}],"wp:attachment":[{"href":"https:\/\/meditations.therapeutiques.ch\/index.php\/wp-json\/wp\/v2\/media?parent=1008"}],"curies":[{"name":"wp","href":"https:\/\/api.w.org\/{rel}","templated":true}]}}