{"id":1003,"date":"2025-02-11T13:23:41","date_gmt":"2025-02-11T12:23:41","guid":{"rendered":"https:\/\/meditations.therapeutiques.ch\/?page_id=1003"},"modified":"2025-02-12T11:14:03","modified_gmt":"2025-02-12T10:14:03","slug":"azrael","status":"publish","type":"page","link":"https:\/\/meditations.therapeutiques.ch\/index.php\/azrael\/","title":{"rendered":"Canalisations de l&rsquo;Archange Azrael"},"content":{"rendered":"\t\t<div data-elementor-type=\"wp-page\" data-elementor-id=\"1003\" class=\"elementor elementor-1003\">\n\t\t\t\t\t\t<section class=\"elementor-section elementor-top-section elementor-element elementor-element-d6950d8 elementor-section-boxed elementor-section-height-default elementor-section-height-default\" data-id=\"d6950d8\" data-element_type=\"section\" data-e-type=\"section\" data-settings=\"{&quot;background_background&quot;:&quot;classic&quot;,&quot;shape_divider_bottom&quot;:&quot;waves&quot;}\">\n\t\t\t\t\t\t\t<div class=\"elementor-background-overlay\"><\/div>\n\t\t\t\t\t\t<div class=\"elementor-shape elementor-shape-bottom\" aria-hidden=\"true\" data-negative=\"false\">\n\t\t\t<svg xmlns=\"http:\/\/www.w3.org\/2000\/svg\" viewBox=\"0 0 1000 100\" preserveAspectRatio=\"none\">\n\t<path class=\"elementor-shape-fill\" d=\"M421.9,6.5c22.6-2.5,51.5,0.4,75.5,5.3c23.6,4.9,70.9,23.5,100.5,35.7c75.8,32.2,133.7,44.5,192.6,49.7\n\tc23.6,2.1,48.7,3.5,103.4-2.5c54.7-6,106.2-25.6,106.2-25.6V0H0v30.3c0,0,72,32.6,158.4,30.5c39.2-0.7,92.8-6.7,134-22.4\n\tc21.2-8.1,52.2-18.2,79.7-24.2C399.3,7.9,411.6,7.5,421.9,6.5z\"\/>\n<\/svg>\t\t<\/div>\n\t\t\t\t\t<div class=\"elementor-container elementor-column-gap-default\">\n\t\t\t\t\t<div class=\"elementor-column elementor-col-100 elementor-top-column elementor-element elementor-element-2859b73\" data-id=\"2859b73\" data-element_type=\"column\" data-e-type=\"column\">\n\t\t\t<div class=\"elementor-widget-wrap elementor-element-populated\">\n\t\t\t\t\t\t<div class=\"elementor-element elementor-element-0f21c7e elementor-invisible elementor-widget elementor-widget-heading\" data-id=\"0f21c7e\" data-element_type=\"widget\" data-e-type=\"widget\" data-settings=\"{&quot;_animation&quot;:&quot;zoomIn&quot;}\" data-widget_type=\"heading.default\">\n\t\t\t\t<div class=\"elementor-widget-container\">\n\t\t\t\t\t<h1 class=\"elementor-heading-title elementor-size-default\">Pr\u00e9sentation de l'Archange Azrael<\/h1>\t\t\t\t<\/div>\n\t\t\t\t<\/div>\n\t\t\t\t\t<\/div>\n\t\t<\/div>\n\t\t\t\t\t<\/div>\n\t\t<\/section>\n\t\t\t\t<section class=\"elementor-section elementor-top-section elementor-element elementor-element-c1d1268 elementor-section-boxed elementor-section-height-default elementor-section-height-default\" data-id=\"c1d1268\" data-element_type=\"section\" data-e-type=\"section\">\n\t\t\t\t\t\t\t<div class=\"elementor-background-overlay\"><\/div>\n\t\t\t\t\t\t\t<div class=\"elementor-container elementor-column-gap-default\">\n\t\t\t\t\t<div class=\"elementor-column elementor-col-100 elementor-top-column elementor-element elementor-element-31e1173\" data-id=\"31e1173\" data-element_type=\"column\" data-e-type=\"column\">\n\t\t\t<div class=\"elementor-widget-wrap elementor-element-populated\">\n\t\t\t\t\t\t<div class=\"elementor-element elementor-element-26e1c19 elementor-widget elementor-widget-text-editor\" data-id=\"26e1c19\" data-element_type=\"widget\" data-e-type=\"widget\" data-widget_type=\"text-editor.default\">\n\t\t\t\t<div class=\"elementor-widget-container\">\n\t\t\t\t\t\t\t\t\t<p>Je suis l\u2019Archange qui vous fait prendre conscience de votre travail fourni, du travail \u00e0 faire, et de vos obligations. Votre travail n\u2019est pas forc\u00e9ment obligation, mais vos obligations sont un travail. Une obligation est donc quelque chose qui n\u2019a rien \u00e0 voir avec le plaisir. Une obligation est un fardeau, une difficult\u00e9, une chose qui vous d\u00e9pla\u00eet. Mais dans la plupart des cas, cette obligation \u00e9tait \u00e0 la base un plaisir.<br \/><br \/>Comprenez l\u00e0 bien que vous vous m\u00e9prenez dans la plupart des cas sur le sens du mot obligation. Vous vous trouvez des excuses pour ne pas faire certaines choses ind\u00e9sirables, vous manquez \u00e0 vos obligations, selon vous. Vous vous trouvez des excuses pour faire des choses agr\u00e9ables, malgr\u00e9 votre manque de temps, malgr\u00e9 des interdictions, malgr\u00e9 que vous avez d\u2019autres choses \u00e0 faire plus importantes. O\u00f9 sont les obligations ? Les obligations que vous avez ignor\u00e9es, ou les obligations de ne pas les faire ?<br \/><br \/>Vous sentez-vous oblig\u00e9 de vous \u00e9vader pour ignorer vos obligations ?<br \/><br \/>Est-ce que ce besoin d\u2019\u00e9vasion est fort et constant, si bien qu\u2019il devient une obligation car il prend des proportions \u00e9normes ?<br \/><br \/>Ou est ce que cela reste un plaisir car il n y a pas de contraintes ?<br \/><br \/>\u00cates-vous devenus d\u00e9pendant de quelque chose, de quelqu\u2019un ? et cela se transforme en obligation ?<br \/><br \/>Vous avez l\u2019impression qu\u2019\u00e0 la base c\u2019est un choix, mais ce choix positif devient une obligation, car il y a des contraintes. Et si cela devient obligation, cela devient involontairement un fardeau et cela devient r\u00e9ellement une obligation, que vous avez cr\u00e9\u00e9 de toutes pi\u00e8ces.<br \/><br \/>Et vous vous cr\u00e9ez de la sorte toute une s\u00e9rie d\u2019obligations, alors que vous pourriez rester dans les possibilit\u00e9s, dans les choix, les d\u00e9sirs du moment.<br \/><br \/>Que d\u00e9sirez-vous l\u00e0 maintenant ?<br \/><br \/>Le probl\u00e8me est que l\u2019esprit humain a besoin de contentement et de perfection. L\u2019humain ne va pas se contenter de r\u00e9pondre qu\u2019il veut manger une pomme. Il va vouloir la manger \u00e0 un certain endroit, avec une certaine personne, et il voudra une pomme rouge et pas verte. Et ensuite il voudra boire quelque chose avec la pomme. Et peut-\u00eatre voudra-t-il aussi manger une poire ? Avec une autre personne, \u00e0 un autre endroit ?<br \/><br \/>Et vous vous cr\u00e9ez des obligations par vos exigences. Vos soucis de tout avoir, de manquer de rien, que tout soit parfait.<br \/><br \/>Alors ne demandez pas la lune, soyez raisonnable, contentez-vous d\u2019un minimum et d\u00e9barrassez vous de ce qui est inutile et pas indispensable. Et r\u00e9fl\u00e9chissez : Est-ce indispensable de manger cette pomme avec ces gens ? Dans cet endroit ? Ne pouvez-vous pas juste manger la pomme et laisser l\u2019endroit libre ? Laissez les personnes libres autour de vous, ou alors ne pas vouloir manger la pomme ?<br \/><br \/>Vos exigences vous assomment, vous rendent la vie difficile. Vous-m\u00eame, vous vous cr\u00e9ez votre vie, facile ou non, selon vos exigences, et ces exigences sont des obligations. Ces obligations vous fatiguent, vous \u00e9puisent, vous stressent.<br \/><br \/>Lib\u00e9rez-vous de la moiti\u00e9 de vos obligations et vous vous sentirez d\u00e9j\u00e0 tellement mieux. Que va-t-il se passer si vous ne faites pas cela ?<br \/><br \/>Que va-t-il se passer si vous ne repasser pas cette chemise ?<br \/><br \/>Que va-t-il se passer si vous n\u2019allez pas trouver vos amis ?<br \/><br \/>Que va-t-il se passer si vous ne faites pas \u00e0 manger \u00e0 l\u2019heure ce soir ?<br \/><br \/>Transformez vos obligations en envies et en joies pour qu\u2019elles ne soient plus, et vous profiterez mieux de la vie, des joies de la vie, et votre activit\u00e9 sera faite, m\u00eame si ce n\u2019est plus une obligation. Vous obtiendrez m\u00eame des meilleures performances, si vous le faite au moment de votre choix.<br \/><br \/>Bien s\u00fbr, je ne parle pas du travail \u00e0 effectuer lors de vos journ\u00e9es de travail chez un patron, L\u00e0, vous ne pouvez pas dire \u00e0 votre chef ou votre directeur que vous n\u2019avez pas envie de la faire et que vous le ferez demain. Vous risquez de perdre votre travail.<br \/><br \/>Mais revenons encore aux obligations. Vous comprenez maintenant ce qu\u2019est une obligation, dans le cas de vos agissements comme mentionn\u00e9 ci-dessus.<br \/><br \/>Qu\u2019en est-il de vos croyances d\u2019obligation ? De vos id\u00e9es d\u2019obligations, vos pens\u00e9es ? D\u2019o\u00f9 viennent-t-elles ? Pour quel but ? Est-ce temporaire ? Est-ce une fa\u00e7on de vous prot\u00e9ger ? Agissez-vous sous la menace ? Est-ce une fa\u00e7on de vous rendre fier du travail accompli ? Manquez-vous de reconnaissance ? Quel est l\u2019impact sur votre entourage ?<br \/><br \/>Souvent votre entourage se f\u00e2che si vous ne faites pas face \u00e0 vos obligations. Votre entourage a aussi des exigences. A vous de voir quelles sont les obligations que vous pouvez garder et celles que vous pouvez jeter. La fa\u00e7on de s\u2019organiser, la fa\u00e7on de penser, peut transformer les obligations en plaisirs. Un petit d\u00e9tail, une petite pens\u00e9e, peut faire toute la diff\u00e9rence. D\u00e8s que vous ressentez que vous avez l\u2019impression d\u2019\u00eatre oblig\u00e9, demandez vous si c\u2019est une r\u00e9elle obligation ? Est-ce qu\u2019elle vient de votre chef, de votre famille ? Ou est-ce vous qui vous \u00eates invent\u00e9s cette obligation ? Pouvez-vous la transformer ?<br \/><br \/>Je m\u2019occupe \u00e9galement de l\u2019organisation, et je peux vous aider \u00e0 transformer vos obligations, vous aider \u00e0 vous organiser diff\u00e9remment. Je suis l\u00e0 pour vous, il vous suffit de me le demander.<br \/><br \/>Je suis aussi l\u2019Archange de la mort, c\u2019est \u00e0 dire que je viens aider les gens juste avant leur mort, s\u2019ils m\u2019acceptent et m\u2019\u00e9coutent, et je les guide vers la lumi\u00e8re. Et l\u2019Archange Raziel s\u2019occupe de la mort dans l\u2019 haut-del\u00e0, du lien entre le moment pr\u00e9sent, la vie pass\u00e9e de la personne et ses vies ant\u00e9rieures. Je m\u2019occupe du c\u00f4t\u00e9 plut\u00f4t terrestre dans l\u2019instant qui pr\u00e9c\u00e8de et qui suit la mort physique.<br \/><br \/>Je suis le guide, et je m\u2019occupe des anges qui accompagnent \u00e9galement les \u00c2mes, je suis la r\u00e9f\u00e9rence, le conseiller, pour tous les anges de la mort qui ont besoin de moi.<br \/><br \/>Je m\u2019occupe entre autre du c\u00f4t\u00e9 magique, incroyable, de ce qui peut vous para\u00eetre des miracles, mais qui n\u2019est que science, physique, calcul, logique. Je suis donc proche des f\u00e9es et des alchimistes, et je m\u2019occupe donc de tout ce petit monde.<br \/><br \/>Les Archanges par leur puissance et leur grandeur s\u2019occupent de grandes choses et de beaucoup de choses, et lors de notre pr\u00e9sentation \u00e0 vous, vous n\u2019apercevez qu\u2019une infime partie de tous nos pouvoirs, de tous nos savoirs et potentiels.<br \/><br \/>Je vous envoie tout mon potentiel de pouvoir lib\u00e9rateur de vos obligations d\u00e9su\u00e8tes et \u00e9ph\u00e9m\u00e8res, et vous invite \u00e0 \u00e9couter ou lire la pr\u00e9sentation de l\u2019Archange Jophiel, qui vous aidera \u00e9galement \u00e0 transformer vos obligations en joie, ou dans le pire des cas, en acte non oblig\u00e9, dans cet instant pr\u00e9sent qui est.<br \/><br \/>(envoi de lumi\u00e8re)<br \/><br \/>Archange Azrael<br \/><br \/><\/p><p>\u00a0<\/p><h6>Canalis\u00e9 par Martine Bagaini, le 30.12.2018<\/h6>\t\t\t\t\t\t\t\t<\/div>\n\t\t\t\t<\/div>\n\t\t\t\t\t<\/div>\n\t\t<\/div>\n\t\t\t\t\t<\/div>\n\t\t<\/section>\n\t\t\t\t<\/div>\n\t\t","protected":false},"excerpt":{"rendered":"<p>Pr\u00e9sentation de l&rsquo;Archange Azrael Je suis l\u2019Archange qui vous fait prendre conscience de votre travail fourni, du travail \u00e0 faire, et de vos obligations. Votre travail n\u2019est pas forc\u00e9ment obligation, mais vos obligations sont un travail. Une obligation est donc quelque chose qui n\u2019a rien \u00e0 voir avec le plaisir. Une obligation est un fardeau, [&hellip;]<\/p>\n","protected":false},"author":1,"featured_media":0,"parent":0,"menu_order":8,"comment_status":"closed","ping_status":"closed","template":"","meta":{"footnotes":""},"class_list":["post-1003","page","type-page","status-publish","hentry"],"_links":{"self":[{"href":"https:\/\/meditations.therapeutiques.ch\/index.php\/wp-json\/wp\/v2\/pages\/1003","targetHints":{"allow":["GET"]}}],"collection":[{"href":"https:\/\/meditations.therapeutiques.ch\/index.php\/wp-json\/wp\/v2\/pages"}],"about":[{"href":"https:\/\/meditations.therapeutiques.ch\/index.php\/wp-json\/wp\/v2\/types\/page"}],"author":[{"embeddable":true,"href":"https:\/\/meditations.therapeutiques.ch\/index.php\/wp-json\/wp\/v2\/users\/1"}],"replies":[{"embeddable":true,"href":"https:\/\/meditations.therapeutiques.ch\/index.php\/wp-json\/wp\/v2\/comments?post=1003"}],"version-history":[{"count":7,"href":"https:\/\/meditations.therapeutiques.ch\/index.php\/wp-json\/wp\/v2\/pages\/1003\/revisions"}],"predecessor-version":[{"id":1172,"href":"https:\/\/meditations.therapeutiques.ch\/index.php\/wp-json\/wp\/v2\/pages\/1003\/revisions\/1172"}],"wp:attachment":[{"href":"https:\/\/meditations.therapeutiques.ch\/index.php\/wp-json\/wp\/v2\/media?parent=1003"}],"curies":[{"name":"wp","href":"https:\/\/api.w.org\/{rel}","templated":true}]}}